{"id":22337,"date":"2024-02-29T13:06:30","date_gmt":"2024-02-29T11:06:30","guid":{"rendered":"https:\/\/fontfredapintures.com\/pro\/producte\/cinta-embalaje-adhesiva-papel-standard-ecologo-tesapack\/"},"modified":"2026-02-14T01:34:35","modified_gmt":"2026-02-13T23:34:35","slug":"cinta-embalaje-adhesiva-papel-standard-ecologo-tesapack","status":"publish","type":"product","link":"https:\/\/fontfredapintures.com\/es\/producto\/cinta-embalaje-adhesiva-papel-standard-ecologo-tesapack\/","title":{"rendered":"Cinta embalaje adhesiva papel Standard ecoLogo Tesapack\u00ae"},"content":{"rendered":"<p>tesapack\u00ae PAPER STANDARD cinta adhesiva de papel para un embalaje respetuoso con el medio ambiente .<br \/>\nCinta de embalaje de papel Eco-friendly dise\u00f1ada para un f\u00e1cil reciclado.<br \/>\nHecho de papel procedente de bosques certificados FSCTM y con adhesivo de caucho natural.<br \/>\nHecho con 56% de materiales biodegradables.<br \/>\nF\u00e1cil de desenrollar a mano o con un dispensador.<br \/>\nIdeal para sellar paquetes de hasta 10 kg.<\/p>\n","protected":false},"excerpt":{"rendered":"<p>Con tesapack\u00ae PAPER STANDARD, est\u00e1s eligiendo una cinta adhesiva de embalaje fiable, que garantiza una buena adherencia. No solo es extremadamente vers\u00e1til, sino que tambi\u00e9n es respetuoso con el medio ambiente \u2013 hecho con 56% de materiales biodegradables y papel procedente de bosques certificados FSC\u00ae. La cinta de papel de embalaje con adhesivo de caucho natural es f\u00e1cil de reciclar e ideal para paquetes de hasta 10 kg. Desenrollar la cinta es f\u00e1cil y r\u00e1pido.<\/p>\n<p>Color: Marr\u00f3n<br \/>\nDimensiones: 50 x 50 mm<\/p>\n","protected":false},"featured_media":21212,"comment_status":"open","ping_status":"closed","template":"","meta":[],"product_brand":[],"product_cat":[639,1193],"product_tag":[],"class_list":{"0":"post-22337","1":"product","2":"type-product","3":"status-publish","4":"has-post-thumbnail","6":"product_cat-herramientas-y-accesorios","7":"product_cat-cintas-y-protectores-de-superficies","8":"pa_brand-tesa-es","9":"pa_utility-prepara-es","11":"first","12":"instock","13":"taxable","14":"shipping-taxable","15":"purchasable","16":"product-type-simple"},"group_of_quantity":0,"min_quantity":0,"max_quantity":"","exclude_order_quantity_value_rules":"no","exclude_category_quantity_rules":"no","combine_variations":"no","yoast_head":"<!-- This site is optimized with the Yoast SEO plugin v25.7 - https:\/\/yoast.com\/wordpress\/plugins\/seo\/ -->\n<title>Cinta embalaje adhesiva papel Standard ecoLogo Tesapack\u00ae - Fontfreda Pintures<\/title>\n<meta name=\"description\" content=\"Cinta embalaje adhesiva papel Standard ecoLogo Tesapack\u00ae una cinta adhesiva de embalaje fiable, que garantiza una buena adherencia.\" \/>\n<meta name=\"robots\" content=\"index, follow, max-snippet:-1, max-image-preview:large, max-video-preview:-1\" \/>\n<link rel=\"canonical\" href=\"https:\/\/fontfredapintures.com\/es\/producto\/cinta-embalaje-adhesiva-papel-standard-ecologo-tesapack\/\" \/>\n<meta property=\"og:locale\" content=\"es_ES\" \/>\n<meta property=\"og:type\" content=\"article\" \/>\n<meta property=\"og:title\" content=\"Cinta embalaje adhesiva papel Standard ecoLogo Tesapack\u00ae - Fontfreda Pintures\" \/>\n<meta property=\"og:description\" content=\"Cinta embalaje adhesiva papel Standard ecoLogo Tesapack\u00ae una cinta adhesiva de embalaje fiable, que garantiza una buena adherencia.\" \/>\n<meta property=\"og:url\" content=\"https:\/\/fontfredapintures.com\/es\/producto\/cinta-embalaje-adhesiva-papel-standard-ecologo-tesapack\/\" \/>\n<meta property=\"og:site_name\" content=\"Fontfreda Pintures\" \/>\n<meta property=\"article:publisher\" content=\"https:\/\/www.facebook.com\/fontfredapintures\/\" \/>\n<meta property=\"article:modified_time\" content=\"2026-02-13T23:34:35+00:00\" \/>\n<meta property=\"og:image\" content=\"https:\/\/fontfredapintures.com\/wp-content\/uploads\/2024\/02\/tesapack\u00ae-Paper-Standard-ecoLogo.jpg\" \/>\n\t<meta property=\"og:image:width\" content=\"1000\" \/>\n\t<meta property=\"og:image:height\" content=\"1143\" \/>\n\t<meta property=\"og:image:type\" content=\"image\/jpeg\" \/>\n<meta name=\"twitter:card\" content=\"summary_large_image\" \/>\n<meta name=\"twitter:label1\" content=\"Tiempo de lectura\" \/>\n\t<meta name=\"twitter:data1\" content=\"1 minuto\" \/>\n<script type=\"application\/ld+json\" class=\"yoast-schema-graph\">{\"@context\":\"https:\/\/schema.org\",\"@graph\":[{\"@type\":\"WebPage\",\"@id\":\"https:\/\/fontfredapintures.com\/es\/producto\/cinta-embalaje-adhesiva-papel-standard-ecologo-tesapack\/\",\"url\":\"https:\/\/fontfredapintures.com\/es\/producto\/cinta-embalaje-adhesiva-papel-standard-ecologo-tesapack\/\",\"name\":\"Cinta embalaje adhesiva papel Standard ecoLogo Tesapack\u00ae - Fontfreda Pintures\",\"isPartOf\":{\"@id\":\"https:\/\/fontfredapintures.com\/es\/#website\"},\"primaryImageOfPage\":{\"@id\":\"https:\/\/fontfredapintures.com\/es\/producto\/cinta-embalaje-adhesiva-papel-standard-ecologo-tesapack\/#primaryimage\"},\"image\":{\"@id\":\"https:\/\/fontfredapintures.com\/es\/producto\/cinta-embalaje-adhesiva-papel-standard-ecologo-tesapack\/#primaryimage\"},\"thumbnailUrl\":\"https:\/\/fontfredapintures.com\/wp-content\/uploads\/2024\/02\/tesapack\u00ae-Paper-Standard-ecoLogo.jpg\",\"datePublished\":\"2024-02-29T11:06:30+00:00\",\"dateModified\":\"2026-02-13T23:34:35+00:00\",\"description\":\"Cinta embalaje adhesiva papel Standard ecoLogo Tesapack\u00ae una cinta adhesiva de embalaje fiable, que garantiza una buena adherencia.\",\"breadcrumb\":{\"@id\":\"https:\/\/fontfredapintures.com\/es\/producto\/cinta-embalaje-adhesiva-papel-standard-ecologo-tesapack\/#breadcrumb\"},\"inLanguage\":\"es\",\"potentialAction\":[{\"@type\":\"ReadAction\",\"target\":[\"https:\/\/fontfredapintures.com\/es\/producto\/cinta-embalaje-adhesiva-papel-standard-ecologo-tesapack\/\"]}]},{\"@type\":\"ImageObject\",\"inLanguage\":\"es\",\"@id\":\"https:\/\/fontfredapintures.com\/es\/producto\/cinta-embalaje-adhesiva-papel-standard-ecologo-tesapack\/#primaryimage\",\"url\":\"https:\/\/fontfredapintures.com\/wp-content\/uploads\/2024\/02\/tesapack\u00ae-Paper-Standard-ecoLogo.jpg\",\"contentUrl\":\"https:\/\/fontfredapintures.com\/wp-content\/uploads\/2024\/02\/tesapack\u00ae-Paper-Standard-ecoLogo.jpg\",\"width\":1000,\"height\":1143},{\"@type\":\"BreadcrumbList\",\"@id\":\"https:\/\/fontfredapintures.com\/es\/producto\/cinta-embalaje-adhesiva-papel-standard-ecologo-tesapack\/#breadcrumb\",\"itemListElement\":[{\"@type\":\"ListItem\",\"position\":1,\"name\":\"Fontfreda\",\"item\":\"https:\/\/fontfredapintures.com\/es\/\"},{\"@type\":\"ListItem\",\"position\":2,\"name\":\"Tienda\",\"item\":\"https:\/\/fontfredapintures.com\/es\/tienda\/\"},{\"@type\":\"ListItem\",\"position\":3,\"name\":\"Cinta embalaje adhesiva papel Standard ecoLogo Tesapack\u00ae\"}]},{\"@type\":\"WebSite\",\"@id\":\"https:\/\/fontfredapintures.com\/es\/#website\",\"url\":\"https:\/\/fontfredapintures.com\/es\/\",\"name\":\"Fontfreda Pintures\",\"description\":\"Tienda online de pintura, decoraci\u00f3n y bellas artes\",\"publisher\":{\"@id\":\"https:\/\/fontfredapintures.com\/es\/#organization\"},\"alternateName\":\"Pintures Fontfreda\",\"potentialAction\":[{\"@type\":\"SearchAction\",\"target\":{\"@type\":\"EntryPoint\",\"urlTemplate\":\"https:\/\/fontfredapintures.com\/es\/?s={search_term_string}\"},\"query-input\":{\"@type\":\"PropertyValueSpecification\",\"valueRequired\":true,\"valueName\":\"search_term_string\"}}],\"inLanguage\":\"es\"},{\"@type\":\"Organization\",\"@id\":\"https:\/\/fontfredapintures.com\/es\/#organization\",\"name\":\"Pintures Fontfreda\",\"alternateName\":\"Fontfreda Pintures\",\"url\":\"https:\/\/fontfredapintures.com\/es\/\",\"logo\":{\"@type\":\"ImageObject\",\"inLanguage\":\"es\",\"@id\":\"https:\/\/fontfredapintures.com\/es\/#\/schema\/logo\/image\/\",\"url\":\"https:\/\/fontfredapintures.com\/wp-content\/uploads\/2024\/04\/fontfreda-pintures-logo-yoast.jpg\",\"contentUrl\":\"https:\/\/fontfredapintures.com\/wp-content\/uploads\/2024\/04\/fontfreda-pintures-logo-yoast.jpg\",\"width\":900,\"height\":600,\"caption\":\"Pintures Fontfreda\"},\"image\":{\"@id\":\"https:\/\/fontfredapintures.com\/es\/#\/schema\/logo\/image\/\"},\"sameAs\":[\"https:\/\/www.facebook.com\/fontfredapintures\/\",\"https:\/\/www.instagram.com\/fontfredapintures\/\",\"https:\/\/www.linkedin.com\/company\/fontfredapintures\/\"]}]}<\/script>\n<!-- \/ Yoast SEO plugin. -->","yoast_head_json":{"title":"Cinta embalaje adhesiva papel Standard ecoLogo Tesapack\u00ae - Fontfreda Pintures","description":"Cinta embalaje adhesiva papel Standard ecoLogo Tesapack\u00ae una cinta adhesiva de embalaje fiable, que garantiza una buena adherencia.","robots":{"index":"index","follow":"follow","max-snippet":"max-snippet:-1","max-image-preview":"max-image-preview:large","max-video-preview":"max-video-preview:-1"},"canonical":"https:\/\/fontfredapintures.com\/es\/producto\/cinta-embalaje-adhesiva-papel-standard-ecologo-tesapack\/","og_locale":"es_ES","og_type":"article","og_title":"Cinta embalaje adhesiva papel Standard ecoLogo Tesapack\u00ae - Fontfreda Pintures","og_description":"Cinta embalaje adhesiva papel Standard ecoLogo Tesapack\u00ae una cinta adhesiva de embalaje fiable, que garantiza una buena adherencia.","og_url":"https:\/\/fontfredapintures.com\/es\/producto\/cinta-embalaje-adhesiva-papel-standard-ecologo-tesapack\/","og_site_name":"Fontfreda Pintures","article_publisher":"https:\/\/www.facebook.com\/fontfredapintures\/","article_modified_time":"2026-02-13T23:34:35+00:00","og_image":[{"width":1000,"height":1143,"url":"https:\/\/fontfredapintures.com\/wp-content\/uploads\/2024\/02\/tesapack\u00ae-Paper-Standard-ecoLogo.jpg","type":"image\/jpeg"}],"twitter_card":"summary_large_image","twitter_misc":{"Tiempo de lectura":"1 minuto"},"schema":{"@context":"https:\/\/schema.org","@graph":[{"@type":"WebPage","@id":"https:\/\/fontfredapintures.com\/es\/producto\/cinta-embalaje-adhesiva-papel-standard-ecologo-tesapack\/","url":"https:\/\/fontfredapintures.com\/es\/producto\/cinta-embalaje-adhesiva-papel-standard-ecologo-tesapack\/","name":"Cinta embalaje adhesiva papel Standard ecoLogo Tesapack\u00ae - Fontfreda Pintures","isPartOf":{"@id":"https:\/\/fontfredapintures.com\/es\/#website"},"primaryImageOfPage":{"@id":"https:\/\/fontfredapintures.com\/es\/producto\/cinta-embalaje-adhesiva-papel-standard-ecologo-tesapack\/#primaryimage"},"image":{"@id":"https:\/\/fontfredapintures.com\/es\/producto\/cinta-embalaje-adhesiva-papel-standard-ecologo-tesapack\/#primaryimage"},"thumbnailUrl":"https:\/\/fontfredapintures.com\/wp-content\/uploads\/2024\/02\/tesapack\u00ae-Paper-Standard-ecoLogo.jpg","datePublished":"2024-02-29T11:06:30+00:00","dateModified":"2026-02-13T23:34:35+00:00","description":"Cinta embalaje adhesiva papel Standard ecoLogo Tesapack\u00ae una cinta adhesiva de embalaje fiable, que garantiza una buena adherencia.","breadcrumb":{"@id":"https:\/\/fontfredapintures.com\/es\/producto\/cinta-embalaje-adhesiva-papel-standard-ecologo-tesapack\/#breadcrumb"},"inLanguage":"es","potentialAction":[{"@type":"ReadAction","target":["https:\/\/fontfredapintures.com\/es\/producto\/cinta-embalaje-adhesiva-papel-standard-ecologo-tesapack\/"]}]},{"@type":"ImageObject","inLanguage":"es","@id":"https:\/\/fontfredapintures.com\/es\/producto\/cinta-embalaje-adhesiva-papel-standard-ecologo-tesapack\/#primaryimage","url":"https:\/\/fontfredapintures.com\/wp-content\/uploads\/2024\/02\/tesapack\u00ae-Paper-Standard-ecoLogo.jpg","contentUrl":"https:\/\/fontfredapintures.com\/wp-content\/uploads\/2024\/02\/tesapack\u00ae-Paper-Standard-ecoLogo.jpg","width":1000,"height":1143},{"@type":"BreadcrumbList","@id":"https:\/\/fontfredapintures.com\/es\/producto\/cinta-embalaje-adhesiva-papel-standard-ecologo-tesapack\/#breadcrumb","itemListElement":[{"@type":"ListItem","position":1,"name":"Fontfreda","item":"https:\/\/fontfredapintures.com\/es\/"},{"@type":"ListItem","position":2,"name":"Tienda","item":"https:\/\/fontfredapintures.com\/es\/tienda\/"},{"@type":"ListItem","position":3,"name":"Cinta embalaje adhesiva papel Standard ecoLogo Tesapack\u00ae"}]},{"@type":"WebSite","@id":"https:\/\/fontfredapintures.com\/es\/#website","url":"https:\/\/fontfredapintures.com\/es\/","name":"Fontfreda Pintures","description":"Tienda online de pintura, decoraci\u00f3n y bellas artes","publisher":{"@id":"https:\/\/fontfredapintures.com\/es\/#organization"},"alternateName":"Pintures Fontfreda","potentialAction":[{"@type":"SearchAction","target":{"@type":"EntryPoint","urlTemplate":"https:\/\/fontfredapintures.com\/es\/?s={search_term_string}"},"query-input":{"@type":"PropertyValueSpecification","valueRequired":true,"valueName":"search_term_string"}}],"inLanguage":"es"},{"@type":"Organization","@id":"https:\/\/fontfredapintures.com\/es\/#organization","name":"Pintures Fontfreda","alternateName":"Fontfreda Pintures","url":"https:\/\/fontfredapintures.com\/es\/","logo":{"@type":"ImageObject","inLanguage":"es","@id":"https:\/\/fontfredapintures.com\/es\/#\/schema\/logo\/image\/","url":"https:\/\/fontfredapintures.com\/wp-content\/uploads\/2024\/04\/fontfreda-pintures-logo-yoast.jpg","contentUrl":"https:\/\/fontfredapintures.com\/wp-content\/uploads\/2024\/04\/fontfreda-pintures-logo-yoast.jpg","width":900,"height":600,"caption":"Pintures Fontfreda"},"image":{"@id":"https:\/\/fontfredapintures.com\/es\/#\/schema\/logo\/image\/"},"sameAs":["https:\/\/www.facebook.com\/fontfredapintures\/","https:\/\/www.instagram.com\/fontfredapintures\/","https:\/\/www.linkedin.com\/company\/fontfredapintures\/"]}]}},"_links":{"self":[{"href":"https:\/\/fontfredapintures.com\/es\/wp-json\/wp\/v2\/product\/22337","targetHints":{"allow":["GET"]}}],"collection":[{"href":"https:\/\/fontfredapintures.com\/es\/wp-json\/wp\/v2\/product"}],"about":[{"href":"https:\/\/fontfredapintures.com\/es\/wp-json\/wp\/v2\/types\/product"}],"replies":[{"embeddable":true,"href":"https:\/\/fontfredapintures.com\/es\/wp-json\/wp\/v2\/comments?post=22337"}],"version-history":[{"count":3,"href":"https:\/\/fontfredapintures.com\/es\/wp-json\/wp\/v2\/product\/22337\/revisions"}],"predecessor-version":[{"id":36407,"href":"https:\/\/fontfredapintures.com\/es\/wp-json\/wp\/v2\/product\/22337\/revisions\/36407"}],"wp:featuredmedia":[{"embeddable":true,"href":"https:\/\/fontfredapintures.com\/es\/wp-json\/wp\/v2\/media\/21212"}],"wp:attachment":[{"href":"https:\/\/fontfredapintures.com\/es\/wp-json\/wp\/v2\/media?parent=22337"}],"wp:term":[{"taxonomy":"product_brand","embeddable":true,"href":"https:\/\/fontfredapintures.com\/es\/wp-json\/wp\/v2\/product_brand?post=22337"},{"taxonomy":"product_cat","embeddable":true,"href":"https:\/\/fontfredapintures.com\/es\/wp-json\/wp\/v2\/product_cat?post=22337"},{"taxonomy":"product_tag","embeddable":true,"href":"https:\/\/fontfredapintures.com\/es\/wp-json\/wp\/v2\/product_tag?post=22337"}],"curies":[{"name":"wp","href":"https:\/\/api.w.org\/{rel}","templated":true}]}}