{"id":22335,"date":"2024-02-29T12:30:05","date_gmt":"2024-02-29T10:30:05","guid":{"rendered":"https:\/\/fontfredapintures.com\/pro\/producte\/lijadora-excentrica-ets-ec-150-5-eq-plus\/"},"modified":"2026-01-08T01:38:57","modified_gmt":"2026-01-07T23:38:57","slug":"lijadora-excentrica-ets-ec-150-5-eq-plus","status":"publish","type":"product","link":"https:\/\/fontfredapintures.com\/es\/producto\/lijadora-excentrica-ets-ec-150-5-eq-plus\/","title":{"rendered":"Lijadora exc\u00e9ntrica ETS EC 150\/5 EQ-Plus (ref:576329)"},"content":{"rendered":"<p>La ETS EC 150 es una lijadora de dise\u00f1o compacto y ligero (1,6 kg) que ofrece una ergonom\u00eda \u00f3ptima para trabajar de manera c\u00f3moda y sin fatiga, incluso en posiciones por encima del jefe. El motor EC sin escobillas garantiza una larga vida \u00fatil y un alto rendimiento con menor mantenimiento.<\/p>\n<p>Con la preselecci\u00f3n continua de revoluciones, se puede ajustar la velocidad para adaptarse a cada tarea, mientras que lo freno de plato recubierto de carburo aumenta la durabilidad y seguridad de la herramienta. La detecci\u00f3n autom\u00e1tica de vibraciones mejora el confort y protege tanto el profesional como el puesto de trabajo.<\/p>\n<p>Gracias a su \u00f3rbita de 5 mm, la ETS EC 150 asegura una calidad de superficie \u00f3ptima en todas las aplicaciones, tanto para lijats bastos como finos, consiguiendo acabados perfectos y uniformes. Una herramienta ideal por profesionales que buscan rendimiento, durabilidad y calidad en cada trabajo.<\/p>\n","protected":false},"excerpt":{"rendered":"<p>La ETS EC 150 es una lijadora ergon\u00f3mica dise\u00f1ada para un trabajo c\u00f3modo y sin fatiga, incluso en posiciones por encima del jefe. Con solo 116 mm de altura, su motor EC-TEC sin escobillas, la geometr\u00eda equilibrada de la carcasa y el control de vibraciones exclusivo ofrecen un rendimiento \u00f3ptimo. Adem\u00e1s, cuenta con detecci\u00f3n autom\u00e1tica de aspiraci\u00f3n y freno de plato integrado, garantizando un trabajo m\u00e1s saludable y eficiente.<\/p>\n","protected":false},"featured_media":48191,"comment_status":"open","ping_status":"closed","template":"","meta":[],"product_brand":[],"product_cat":[80,807],"product_tag":[],"class_list":{"0":"post-22335","1":"product","2":"type-product","3":"status-publish","4":"has-post-thumbnail","6":"product_cat-maquinaria-es","7":"product_cat-pulidoras-y-fregadoras","8":"pa_brand-festool","9":"pa_utility-pule","11":"first","12":"instock","13":"sale","14":"taxable","15":"shipping-taxable","16":"purchasable","17":"product-type-simple"},"group_of_quantity":0,"min_quantity":0,"max_quantity":"","exclude_order_quantity_value_rules":"no","exclude_category_quantity_rules":"no","combine_variations":"no","yoast_head":"<!-- This site is optimized with the Yoast SEO plugin v25.7 - https:\/\/yoast.com\/wordpress\/plugins\/seo\/ -->\n<title>Lijadora exc\u00e9ntrica ETS EC 150\/5 EQ-Plus (ref:576329) - Fontfreda Pintures<\/title>\n<meta name=\"description\" content=\"\u00a1DESCUBRE AHORA la lijadora exc\u00e9ntrica ideal para lijar SIN FATIGA por encima de la cabeza, con tacto agradable y confort en cualquier posici\u00f3n!\" \/>\n<meta name=\"robots\" content=\"index, follow, max-snippet:-1, max-image-preview:large, max-video-preview:-1\" \/>\n<link rel=\"canonical\" href=\"https:\/\/fontfredapintures.com\/es\/producto\/lijadora-excentrica-ets-ec-150-5-eq-plus\/\" \/>\n<meta property=\"og:locale\" content=\"es_ES\" \/>\n<meta property=\"og:type\" content=\"article\" \/>\n<meta property=\"og:title\" content=\"Lijadora exc\u00e9ntrica ETS EC 150\/5 EQ-Plus (ref:576329) - Fontfreda Pintures\" \/>\n<meta property=\"og:description\" content=\"\u00a1DESCUBRE AHORA la lijadora exc\u00e9ntrica ideal para lijar SIN FATIGA por encima de la cabeza, con tacto agradable y confort en cualquier posici\u00f3n!\" \/>\n<meta property=\"og:url\" content=\"https:\/\/fontfredapintures.com\/es\/producto\/lijadora-excentrica-ets-ec-150-5-eq-plus\/\" \/>\n<meta property=\"og:site_name\" content=\"Fontfreda Pintures\" \/>\n<meta property=\"article:publisher\" content=\"https:\/\/www.facebook.com\/fontfredapintures\/\" \/>\n<meta property=\"article:modified_time\" content=\"2026-01-07T23:38:57+00:00\" \/>\n<meta property=\"og:image\" content=\"https:\/\/eoc6cz96j5h.exactdn.com\/wp-content\/uploads\/2024\/02\/Polidora-excentrica-ETS-EC-150-5-EQ-Plus.jpg?strip=all&lossy=1&ssl=1\" \/>\n\t<meta property=\"og:image:width\" content=\"1000\" \/>\n\t<meta property=\"og:image:height\" content=\"1143\" \/>\n\t<meta property=\"og:image:type\" content=\"image\/jpeg\" \/>\n<meta name=\"twitter:card\" content=\"summary_large_image\" \/>\n<meta name=\"twitter:label1\" content=\"Tiempo de lectura\" \/>\n\t<meta name=\"twitter:data1\" content=\"1 minuto\" \/>\n<script type=\"application\/ld+json\" class=\"yoast-schema-graph\">{\"@context\":\"https:\/\/schema.org\",\"@graph\":[{\"@type\":\"WebPage\",\"@id\":\"https:\/\/fontfredapintures.com\/es\/producto\/lijadora-excentrica-ets-ec-150-5-eq-plus\/\",\"url\":\"https:\/\/fontfredapintures.com\/es\/producto\/lijadora-excentrica-ets-ec-150-5-eq-plus\/\",\"name\":\"Lijadora exc\u00e9ntrica ETS EC 150\/5 EQ-Plus (ref:576329) - Fontfreda Pintures\",\"isPartOf\":{\"@id\":\"https:\/\/fontfredapintures.com\/es\/#website\"},\"primaryImageOfPage\":{\"@id\":\"https:\/\/fontfredapintures.com\/es\/producto\/lijadora-excentrica-ets-ec-150-5-eq-plus\/#primaryimage\"},\"image\":{\"@id\":\"https:\/\/fontfredapintures.com\/es\/producto\/lijadora-excentrica-ets-ec-150-5-eq-plus\/#primaryimage\"},\"thumbnailUrl\":\"https:\/\/fontfredapintures.com\/wp-content\/uploads\/2024\/11\/13657600329000_1589-14.jpg\",\"datePublished\":\"2024-02-29T10:30:05+00:00\",\"dateModified\":\"2026-01-07T23:38:57+00:00\",\"description\":\"\u00a1DESCUBRE AHORA la lijadora exc\u00e9ntrica ideal para lijar SIN FATIGA por encima de la cabeza, con tacto agradable y confort en cualquier posici\u00f3n!\",\"breadcrumb\":{\"@id\":\"https:\/\/fontfredapintures.com\/es\/producto\/lijadora-excentrica-ets-ec-150-5-eq-plus\/#breadcrumb\"},\"inLanguage\":\"es\",\"potentialAction\":[{\"@type\":\"ReadAction\",\"target\":[\"https:\/\/fontfredapintures.com\/es\/producto\/lijadora-excentrica-ets-ec-150-5-eq-plus\/\"]}]},{\"@type\":\"ImageObject\",\"inLanguage\":\"es\",\"@id\":\"https:\/\/fontfredapintures.com\/es\/producto\/lijadora-excentrica-ets-ec-150-5-eq-plus\/#primaryimage\",\"url\":\"https:\/\/fontfredapintures.com\/wp-content\/uploads\/2024\/11\/13657600329000_1589-14.jpg\",\"contentUrl\":\"https:\/\/fontfredapintures.com\/wp-content\/uploads\/2024\/11\/13657600329000_1589-14.jpg\",\"width\":1000,\"height\":1143},{\"@type\":\"BreadcrumbList\",\"@id\":\"https:\/\/fontfredapintures.com\/es\/producto\/lijadora-excentrica-ets-ec-150-5-eq-plus\/#breadcrumb\",\"itemListElement\":[{\"@type\":\"ListItem\",\"position\":1,\"name\":\"Fontfreda\",\"item\":\"https:\/\/fontfredapintures.com\/es\/\"},{\"@type\":\"ListItem\",\"position\":2,\"name\":\"Tienda\",\"item\":\"https:\/\/fontfredapintures.com\/es\/tienda\/\"},{\"@type\":\"ListItem\",\"position\":3,\"name\":\"Lijadora exc\u00e9ntrica ETS EC 150\/5 EQ-Plus (ref:576329)\"}]},{\"@type\":\"WebSite\",\"@id\":\"https:\/\/fontfredapintures.com\/es\/#website\",\"url\":\"https:\/\/fontfredapintures.com\/es\/\",\"name\":\"Fontfreda Pintures\",\"description\":\"Tienda online de pintura, decoraci\u00f3n y bellas artes\",\"publisher\":{\"@id\":\"https:\/\/fontfredapintures.com\/es\/#organization\"},\"alternateName\":\"Pintures Fontfreda\",\"potentialAction\":[{\"@type\":\"SearchAction\",\"target\":{\"@type\":\"EntryPoint\",\"urlTemplate\":\"https:\/\/fontfredapintures.com\/es\/?s={search_term_string}\"},\"query-input\":{\"@type\":\"PropertyValueSpecification\",\"valueRequired\":true,\"valueName\":\"search_term_string\"}}],\"inLanguage\":\"es\"},{\"@type\":\"Organization\",\"@id\":\"https:\/\/fontfredapintures.com\/es\/#organization\",\"name\":\"Pintures Fontfreda\",\"alternateName\":\"Fontfreda Pintures\",\"url\":\"https:\/\/fontfredapintures.com\/es\/\",\"logo\":{\"@type\":\"ImageObject\",\"inLanguage\":\"es\",\"@id\":\"https:\/\/fontfredapintures.com\/es\/#\/schema\/logo\/image\/\",\"url\":\"https:\/\/fontfredapintures.com\/wp-content\/uploads\/2024\/04\/fontfreda-pintures-logo-yoast.jpg\",\"contentUrl\":\"https:\/\/fontfredapintures.com\/wp-content\/uploads\/2024\/04\/fontfreda-pintures-logo-yoast.jpg\",\"width\":900,\"height\":600,\"caption\":\"Pintures Fontfreda\"},\"image\":{\"@id\":\"https:\/\/fontfredapintures.com\/es\/#\/schema\/logo\/image\/\"},\"sameAs\":[\"https:\/\/www.facebook.com\/fontfredapintures\/\",\"https:\/\/www.instagram.com\/fontfredapintures\/\",\"https:\/\/www.linkedin.com\/company\/fontfredapintures\/\"]}]}<\/script>\n<!-- \/ Yoast SEO plugin. -->","yoast_head_json":{"title":"Lijadora exc\u00e9ntrica ETS EC 150\/5 EQ-Plus (ref:576329) - Fontfreda Pintures","description":"\u00a1DESCUBRE AHORA la lijadora exc\u00e9ntrica ideal para lijar SIN FATIGA por encima de la cabeza, con tacto agradable y confort en cualquier posici\u00f3n!","robots":{"index":"index","follow":"follow","max-snippet":"max-snippet:-1","max-image-preview":"max-image-preview:large","max-video-preview":"max-video-preview:-1"},"canonical":"https:\/\/fontfredapintures.com\/es\/producto\/lijadora-excentrica-ets-ec-150-5-eq-plus\/","og_locale":"es_ES","og_type":"article","og_title":"Lijadora exc\u00e9ntrica ETS EC 150\/5 EQ-Plus (ref:576329) - Fontfreda Pintures","og_description":"\u00a1DESCUBRE AHORA la lijadora exc\u00e9ntrica ideal para lijar SIN FATIGA por encima de la cabeza, con tacto agradable y confort en cualquier posici\u00f3n!","og_url":"https:\/\/fontfredapintures.com\/es\/producto\/lijadora-excentrica-ets-ec-150-5-eq-plus\/","og_site_name":"Fontfreda Pintures","article_publisher":"https:\/\/www.facebook.com\/fontfredapintures\/","article_modified_time":"2026-01-07T23:38:57+00:00","og_image":[{"width":1000,"height":1143,"url":"https:\/\/eoc6cz96j5h.exactdn.com\/wp-content\/uploads\/2024\/02\/Polidora-excentrica-ETS-EC-150-5-EQ-Plus.jpg?strip=all&lossy=1&ssl=1","type":"image\/jpeg"}],"twitter_card":"summary_large_image","twitter_misc":{"Tiempo de lectura":"1 minuto"},"schema":{"@context":"https:\/\/schema.org","@graph":[{"@type":"WebPage","@id":"https:\/\/fontfredapintures.com\/es\/producto\/lijadora-excentrica-ets-ec-150-5-eq-plus\/","url":"https:\/\/fontfredapintures.com\/es\/producto\/lijadora-excentrica-ets-ec-150-5-eq-plus\/","name":"Lijadora exc\u00e9ntrica ETS EC 150\/5 EQ-Plus (ref:576329) - Fontfreda Pintures","isPartOf":{"@id":"https:\/\/fontfredapintures.com\/es\/#website"},"primaryImageOfPage":{"@id":"https:\/\/fontfredapintures.com\/es\/producto\/lijadora-excentrica-ets-ec-150-5-eq-plus\/#primaryimage"},"image":{"@id":"https:\/\/fontfredapintures.com\/es\/producto\/lijadora-excentrica-ets-ec-150-5-eq-plus\/#primaryimage"},"thumbnailUrl":"https:\/\/fontfredapintures.com\/wp-content\/uploads\/2024\/11\/13657600329000_1589-14.jpg","datePublished":"2024-02-29T10:30:05+00:00","dateModified":"2026-01-07T23:38:57+00:00","description":"\u00a1DESCUBRE AHORA la lijadora exc\u00e9ntrica ideal para lijar SIN FATIGA por encima de la cabeza, con tacto agradable y confort en cualquier posici\u00f3n!","breadcrumb":{"@id":"https:\/\/fontfredapintures.com\/es\/producto\/lijadora-excentrica-ets-ec-150-5-eq-plus\/#breadcrumb"},"inLanguage":"es","potentialAction":[{"@type":"ReadAction","target":["https:\/\/fontfredapintures.com\/es\/producto\/lijadora-excentrica-ets-ec-150-5-eq-plus\/"]}]},{"@type":"ImageObject","inLanguage":"es","@id":"https:\/\/fontfredapintures.com\/es\/producto\/lijadora-excentrica-ets-ec-150-5-eq-plus\/#primaryimage","url":"https:\/\/fontfredapintures.com\/wp-content\/uploads\/2024\/11\/13657600329000_1589-14.jpg","contentUrl":"https:\/\/fontfredapintures.com\/wp-content\/uploads\/2024\/11\/13657600329000_1589-14.jpg","width":1000,"height":1143},{"@type":"BreadcrumbList","@id":"https:\/\/fontfredapintures.com\/es\/producto\/lijadora-excentrica-ets-ec-150-5-eq-plus\/#breadcrumb","itemListElement":[{"@type":"ListItem","position":1,"name":"Fontfreda","item":"https:\/\/fontfredapintures.com\/es\/"},{"@type":"ListItem","position":2,"name":"Tienda","item":"https:\/\/fontfredapintures.com\/es\/tienda\/"},{"@type":"ListItem","position":3,"name":"Lijadora exc\u00e9ntrica ETS EC 150\/5 EQ-Plus (ref:576329)"}]},{"@type":"WebSite","@id":"https:\/\/fontfredapintures.com\/es\/#website","url":"https:\/\/fontfredapintures.com\/es\/","name":"Fontfreda Pintures","description":"Tienda online de pintura, decoraci\u00f3n y bellas artes","publisher":{"@id":"https:\/\/fontfredapintures.com\/es\/#organization"},"alternateName":"Pintures Fontfreda","potentialAction":[{"@type":"SearchAction","target":{"@type":"EntryPoint","urlTemplate":"https:\/\/fontfredapintures.com\/es\/?s={search_term_string}"},"query-input":{"@type":"PropertyValueSpecification","valueRequired":true,"valueName":"search_term_string"}}],"inLanguage":"es"},{"@type":"Organization","@id":"https:\/\/fontfredapintures.com\/es\/#organization","name":"Pintures Fontfreda","alternateName":"Fontfreda Pintures","url":"https:\/\/fontfredapintures.com\/es\/","logo":{"@type":"ImageObject","inLanguage":"es","@id":"https:\/\/fontfredapintures.com\/es\/#\/schema\/logo\/image\/","url":"https:\/\/fontfredapintures.com\/wp-content\/uploads\/2024\/04\/fontfreda-pintures-logo-yoast.jpg","contentUrl":"https:\/\/fontfredapintures.com\/wp-content\/uploads\/2024\/04\/fontfreda-pintures-logo-yoast.jpg","width":900,"height":600,"caption":"Pintures Fontfreda"},"image":{"@id":"https:\/\/fontfredapintures.com\/es\/#\/schema\/logo\/image\/"},"sameAs":["https:\/\/www.facebook.com\/fontfredapintures\/","https:\/\/www.instagram.com\/fontfredapintures\/","https:\/\/www.linkedin.com\/company\/fontfredapintures\/"]}]}},"_links":{"self":[{"href":"https:\/\/fontfredapintures.com\/es\/wp-json\/wp\/v2\/product\/22335","targetHints":{"allow":["GET"]}}],"collection":[{"href":"https:\/\/fontfredapintures.com\/es\/wp-json\/wp\/v2\/product"}],"about":[{"href":"https:\/\/fontfredapintures.com\/es\/wp-json\/wp\/v2\/types\/product"}],"replies":[{"embeddable":true,"href":"https:\/\/fontfredapintures.com\/es\/wp-json\/wp\/v2\/comments?post=22335"}],"version-history":[{"count":2,"href":"https:\/\/fontfredapintures.com\/es\/wp-json\/wp\/v2\/product\/22335\/revisions"}],"predecessor-version":[{"id":36361,"href":"https:\/\/fontfredapintures.com\/es\/wp-json\/wp\/v2\/product\/22335\/revisions\/36361"}],"wp:featuredmedia":[{"embeddable":true,"href":"https:\/\/fontfredapintures.com\/es\/wp-json\/wp\/v2\/media\/48191"}],"wp:attachment":[{"href":"https:\/\/fontfredapintures.com\/es\/wp-json\/wp\/v2\/media?parent=22335"}],"wp:term":[{"taxonomy":"product_brand","embeddable":true,"href":"https:\/\/fontfredapintures.com\/es\/wp-json\/wp\/v2\/product_brand?post=22335"},{"taxonomy":"product_cat","embeddable":true,"href":"https:\/\/fontfredapintures.com\/es\/wp-json\/wp\/v2\/product_cat?post=22335"},{"taxonomy":"product_tag","embeddable":true,"href":"https:\/\/fontfredapintures.com\/es\/wp-json\/wp\/v2\/product_tag?post=22335"}],"curies":[{"name":"wp","href":"https:\/\/api.w.org\/{rel}","templated":true}]}}