{"id":22334,"date":"2024-02-29T12:27:03","date_gmt":"2024-02-29T10:27:03","guid":{"rendered":"https:\/\/fontfredapintures.com\/pro\/producte\/aspirador-profesional-cleantec-ct-15-e-set\/"},"modified":"2025-12-17T23:37:11","modified_gmt":"2025-12-17T21:37:11","slug":"aspirador-profesional-cleantec-ct-15-e-set","status":"publish","type":"product","link":"https:\/\/fontfredapintures.com\/es\/producto\/aspirador-profesional-cleantec-ct-15-e-set\/","title":{"rendered":"Aspirador profesional CLEANTEC CT 15 E-Set (ref:577415)"},"content":{"rendered":"<p>El CLEANTEC CT 15 es un aspirador m\u00f3vil eficiente, ideal para limpieza en varios entornos de trabajo. Los accesorios de limpieza est\u00e1n incluidos y se guardan ordenadamente dentro del sistema de aspiraci\u00f3n, facilitando el acceso r\u00e1pido a todo el necesario.<\/p>\n<p>Con un dise\u00f1o compacto y un peso reducido, es perfecto para trabajos fuera del taller, ofreciendo alta movilidad y f\u00e1cil transporte. Su bastidor robusto asegura la durabilidad en condiciones de trabajo exigentes.<\/p>\n<p>El control t\u00e1ctil intuitivo permite ajustar la potencia de aspiraci\u00f3n en cinco niveles, adapt\u00e1ndose a cada tarea. Adem\u00e1s, cuenta con una superficie plana para depositar materiales de trabajo, mejorando la comodidad.<\/p>\n<p>Una de las suyas ventajas es el cambio sencillo del filtro principal desde el exterior, facilitando el mantenimiento. Tambi\u00e9n incluye una funci\u00f3n antiest\u00e1tica para evitar la acumulaci\u00f3n de electricidad est\u00e1tica, creando un entorno m\u00e1s seguro y limpio.<\/p>\n","protected":false},"excerpt":{"rendered":"<p>El CLEANTEC CT 15 es un aspirador vers\u00e1til y compacto, ideal para limpiar tanto en obras, talleres como oficinas. Con un dep\u00f3sito de 15 l, puede aspirar polvo, suciedad y agua, aprovechando al m\u00e1ximo su capacidad para trabajar durante largas jornadas sin necesidad de cambiar la bolsa filtrante. Su dise\u00f1o eficiente y duradero lo hace perfecto para mantener los espacios limpios y ordenados en cualquier entorno a trabajo.<\/p>\n","protected":false},"featured_media":47879,"comment_status":"open","ping_status":"closed","template":"","meta":[],"product_brand":[],"product_cat":[80,806],"product_tag":[],"class_list":{"0":"post-22334","1":"product","2":"type-product","3":"status-publish","4":"has-post-thumbnail","6":"product_cat-maquinaria-es","7":"product_cat-aspiradores","8":"pa_brand-festool","9":"pa_utility-pule","11":"first","12":"instock","13":"sale","14":"taxable","15":"shipping-taxable","16":"purchasable","17":"product-type-simple"},"group_of_quantity":0,"min_quantity":0,"max_quantity":"","exclude_order_quantity_value_rules":"no","exclude_category_quantity_rules":"no","combine_variations":"no","yoast_head":"<!-- This site is optimized with the Yoast SEO plugin v25.7 - https:\/\/yoast.com\/wordpress\/plugins\/seo\/ -->\n<title>Aspirador profesional CLEANTEC CT 15 E-Set (ref:577415) - Fontfreda Pintures<\/title>\n<meta name=\"description\" content=\"COMPRA AHORA el aspirador profesional que te facilitar\u00e1 tu d\u00eda a d\u00eda: \u00a1Ideal para limpiar obras, talleres, oficinas y mucho m\u00e1s! Volumen de dep\u00f3sito de 15L.\" \/>\n<meta name=\"robots\" content=\"index, follow, max-snippet:-1, max-image-preview:large, max-video-preview:-1\" \/>\n<link rel=\"canonical\" href=\"https:\/\/fontfredapintures.com\/es\/producto\/aspirador-profesional-cleantec-ct-15-e-set\/\" \/>\n<meta property=\"og:locale\" content=\"es_ES\" \/>\n<meta property=\"og:type\" content=\"article\" \/>\n<meta property=\"og:title\" content=\"Aspirador profesional CLEANTEC CT 15 E-Set (ref:577415) - Fontfreda Pintures\" \/>\n<meta property=\"og:description\" content=\"COMPRA AHORA el aspirador profesional que te facilitar\u00e1 tu d\u00eda a d\u00eda: \u00a1Ideal para limpiar obras, talleres, oficinas y mucho m\u00e1s! Volumen de dep\u00f3sito de 15L.\" \/>\n<meta property=\"og:url\" content=\"https:\/\/fontfredapintures.com\/es\/producto\/aspirador-profesional-cleantec-ct-15-e-set\/\" \/>\n<meta property=\"og:site_name\" content=\"Fontfreda Pintures\" \/>\n<meta property=\"article:publisher\" content=\"https:\/\/www.facebook.com\/fontfredapintures\/\" \/>\n<meta property=\"article:modified_time\" content=\"2025-12-17T21:37:11+00:00\" \/>\n<meta property=\"og:image\" content=\"https:\/\/eoc6cz96j5h.exactdn.com\/wp-content\/uploads\/2024\/02\/Aspirador-profesional-CLEANTEC-CT-15-E-Set.jpg?strip=all&lossy=1&ssl=1\" \/>\n\t<meta property=\"og:image:width\" content=\"1000\" \/>\n\t<meta property=\"og:image:height\" content=\"1143\" \/>\n\t<meta property=\"og:image:type\" content=\"image\/jpeg\" \/>\n<meta name=\"twitter:card\" content=\"summary_large_image\" \/>\n<meta name=\"twitter:label1\" content=\"Tiempo de lectura\" \/>\n\t<meta name=\"twitter:data1\" content=\"1 minuto\" \/>\n<script type=\"application\/ld+json\" class=\"yoast-schema-graph\">{\"@context\":\"https:\/\/schema.org\",\"@graph\":[{\"@type\":\"WebPage\",\"@id\":\"https:\/\/fontfredapintures.com\/es\/producto\/aspirador-profesional-cleantec-ct-15-e-set\/\",\"url\":\"https:\/\/fontfredapintures.com\/es\/producto\/aspirador-profesional-cleantec-ct-15-e-set\/\",\"name\":\"Aspirador profesional CLEANTEC CT 15 E-Set (ref:577415) - Fontfreda Pintures\",\"isPartOf\":{\"@id\":\"https:\/\/fontfredapintures.com\/es\/#website\"},\"primaryImageOfPage\":{\"@id\":\"https:\/\/fontfredapintures.com\/es\/producto\/aspirador-profesional-cleantec-ct-15-e-set\/#primaryimage\"},\"image\":{\"@id\":\"https:\/\/fontfredapintures.com\/es\/producto\/aspirador-profesional-cleantec-ct-15-e-set\/#primaryimage\"},\"thumbnailUrl\":\"https:\/\/fontfredapintures.com\/wp-content\/uploads\/2024\/11\/13600005_2754-14.jpg\",\"datePublished\":\"2024-02-29T10:27:03+00:00\",\"dateModified\":\"2025-12-17T21:37:11+00:00\",\"description\":\"COMPRA AHORA el aspirador profesional que te facilitar\u00e1 tu d\u00eda a d\u00eda: \u00a1Ideal para limpiar obras, talleres, oficinas y mucho m\u00e1s! Volumen de dep\u00f3sito de 15L.\",\"breadcrumb\":{\"@id\":\"https:\/\/fontfredapintures.com\/es\/producto\/aspirador-profesional-cleantec-ct-15-e-set\/#breadcrumb\"},\"inLanguage\":\"es\",\"potentialAction\":[{\"@type\":\"ReadAction\",\"target\":[\"https:\/\/fontfredapintures.com\/es\/producto\/aspirador-profesional-cleantec-ct-15-e-set\/\"]}]},{\"@type\":\"ImageObject\",\"inLanguage\":\"es\",\"@id\":\"https:\/\/fontfredapintures.com\/es\/producto\/aspirador-profesional-cleantec-ct-15-e-set\/#primaryimage\",\"url\":\"https:\/\/fontfredapintures.com\/wp-content\/uploads\/2024\/11\/13600005_2754-14.jpg\",\"contentUrl\":\"https:\/\/fontfredapintures.com\/wp-content\/uploads\/2024\/11\/13600005_2754-14.jpg\",\"width\":1000,\"height\":1143},{\"@type\":\"BreadcrumbList\",\"@id\":\"https:\/\/fontfredapintures.com\/es\/producto\/aspirador-profesional-cleantec-ct-15-e-set\/#breadcrumb\",\"itemListElement\":[{\"@type\":\"ListItem\",\"position\":1,\"name\":\"Fontfreda\",\"item\":\"https:\/\/fontfredapintures.com\/es\/\"},{\"@type\":\"ListItem\",\"position\":2,\"name\":\"Tienda\",\"item\":\"https:\/\/fontfredapintures.com\/es\/tienda\/\"},{\"@type\":\"ListItem\",\"position\":3,\"name\":\"Aspirador profesional CLEANTEC CT 15 E-Set (ref:577415)\"}]},{\"@type\":\"WebSite\",\"@id\":\"https:\/\/fontfredapintures.com\/es\/#website\",\"url\":\"https:\/\/fontfredapintures.com\/es\/\",\"name\":\"Fontfreda Pintures\",\"description\":\"Tienda online de pintura, decoraci\u00f3n y bellas artes\",\"publisher\":{\"@id\":\"https:\/\/fontfredapintures.com\/es\/#organization\"},\"alternateName\":\"Pintures Fontfreda\",\"potentialAction\":[{\"@type\":\"SearchAction\",\"target\":{\"@type\":\"EntryPoint\",\"urlTemplate\":\"https:\/\/fontfredapintures.com\/es\/?s={search_term_string}\"},\"query-input\":{\"@type\":\"PropertyValueSpecification\",\"valueRequired\":true,\"valueName\":\"search_term_string\"}}],\"inLanguage\":\"es\"},{\"@type\":\"Organization\",\"@id\":\"https:\/\/fontfredapintures.com\/es\/#organization\",\"name\":\"Pintures Fontfreda\",\"alternateName\":\"Fontfreda Pintures\",\"url\":\"https:\/\/fontfredapintures.com\/es\/\",\"logo\":{\"@type\":\"ImageObject\",\"inLanguage\":\"es\",\"@id\":\"https:\/\/fontfredapintures.com\/es\/#\/schema\/logo\/image\/\",\"url\":\"https:\/\/fontfredapintures.com\/wp-content\/uploads\/2024\/04\/fontfreda-pintures-logo-yoast.jpg\",\"contentUrl\":\"https:\/\/fontfredapintures.com\/wp-content\/uploads\/2024\/04\/fontfreda-pintures-logo-yoast.jpg\",\"width\":900,\"height\":600,\"caption\":\"Pintures Fontfreda\"},\"image\":{\"@id\":\"https:\/\/fontfredapintures.com\/es\/#\/schema\/logo\/image\/\"},\"sameAs\":[\"https:\/\/www.facebook.com\/fontfredapintures\/\",\"https:\/\/www.instagram.com\/fontfredapintures\/\",\"https:\/\/www.linkedin.com\/company\/fontfredapintures\/\"]}]}<\/script>\n<!-- \/ Yoast SEO plugin. -->","yoast_head_json":{"title":"Aspirador profesional CLEANTEC CT 15 E-Set (ref:577415) - Fontfreda Pintures","description":"COMPRA AHORA el aspirador profesional que te facilitar\u00e1 tu d\u00eda a d\u00eda: \u00a1Ideal para limpiar obras, talleres, oficinas y mucho m\u00e1s! Volumen de dep\u00f3sito de 15L.","robots":{"index":"index","follow":"follow","max-snippet":"max-snippet:-1","max-image-preview":"max-image-preview:large","max-video-preview":"max-video-preview:-1"},"canonical":"https:\/\/fontfredapintures.com\/es\/producto\/aspirador-profesional-cleantec-ct-15-e-set\/","og_locale":"es_ES","og_type":"article","og_title":"Aspirador profesional CLEANTEC CT 15 E-Set (ref:577415) - Fontfreda Pintures","og_description":"COMPRA AHORA el aspirador profesional que te facilitar\u00e1 tu d\u00eda a d\u00eda: \u00a1Ideal para limpiar obras, talleres, oficinas y mucho m\u00e1s! Volumen de dep\u00f3sito de 15L.","og_url":"https:\/\/fontfredapintures.com\/es\/producto\/aspirador-profesional-cleantec-ct-15-e-set\/","og_site_name":"Fontfreda Pintures","article_publisher":"https:\/\/www.facebook.com\/fontfredapintures\/","article_modified_time":"2025-12-17T21:37:11+00:00","og_image":[{"width":1000,"height":1143,"url":"https:\/\/eoc6cz96j5h.exactdn.com\/wp-content\/uploads\/2024\/02\/Aspirador-profesional-CLEANTEC-CT-15-E-Set.jpg?strip=all&lossy=1&ssl=1","type":"image\/jpeg"}],"twitter_card":"summary_large_image","twitter_misc":{"Tiempo de lectura":"1 minuto"},"schema":{"@context":"https:\/\/schema.org","@graph":[{"@type":"WebPage","@id":"https:\/\/fontfredapintures.com\/es\/producto\/aspirador-profesional-cleantec-ct-15-e-set\/","url":"https:\/\/fontfredapintures.com\/es\/producto\/aspirador-profesional-cleantec-ct-15-e-set\/","name":"Aspirador profesional CLEANTEC CT 15 E-Set (ref:577415) - Fontfreda Pintures","isPartOf":{"@id":"https:\/\/fontfredapintures.com\/es\/#website"},"primaryImageOfPage":{"@id":"https:\/\/fontfredapintures.com\/es\/producto\/aspirador-profesional-cleantec-ct-15-e-set\/#primaryimage"},"image":{"@id":"https:\/\/fontfredapintures.com\/es\/producto\/aspirador-profesional-cleantec-ct-15-e-set\/#primaryimage"},"thumbnailUrl":"https:\/\/fontfredapintures.com\/wp-content\/uploads\/2024\/11\/13600005_2754-14.jpg","datePublished":"2024-02-29T10:27:03+00:00","dateModified":"2025-12-17T21:37:11+00:00","description":"COMPRA AHORA el aspirador profesional que te facilitar\u00e1 tu d\u00eda a d\u00eda: \u00a1Ideal para limpiar obras, talleres, oficinas y mucho m\u00e1s! Volumen de dep\u00f3sito de 15L.","breadcrumb":{"@id":"https:\/\/fontfredapintures.com\/es\/producto\/aspirador-profesional-cleantec-ct-15-e-set\/#breadcrumb"},"inLanguage":"es","potentialAction":[{"@type":"ReadAction","target":["https:\/\/fontfredapintures.com\/es\/producto\/aspirador-profesional-cleantec-ct-15-e-set\/"]}]},{"@type":"ImageObject","inLanguage":"es","@id":"https:\/\/fontfredapintures.com\/es\/producto\/aspirador-profesional-cleantec-ct-15-e-set\/#primaryimage","url":"https:\/\/fontfredapintures.com\/wp-content\/uploads\/2024\/11\/13600005_2754-14.jpg","contentUrl":"https:\/\/fontfredapintures.com\/wp-content\/uploads\/2024\/11\/13600005_2754-14.jpg","width":1000,"height":1143},{"@type":"BreadcrumbList","@id":"https:\/\/fontfredapintures.com\/es\/producto\/aspirador-profesional-cleantec-ct-15-e-set\/#breadcrumb","itemListElement":[{"@type":"ListItem","position":1,"name":"Fontfreda","item":"https:\/\/fontfredapintures.com\/es\/"},{"@type":"ListItem","position":2,"name":"Tienda","item":"https:\/\/fontfredapintures.com\/es\/tienda\/"},{"@type":"ListItem","position":3,"name":"Aspirador profesional CLEANTEC CT 15 E-Set (ref:577415)"}]},{"@type":"WebSite","@id":"https:\/\/fontfredapintures.com\/es\/#website","url":"https:\/\/fontfredapintures.com\/es\/","name":"Fontfreda Pintures","description":"Tienda online de pintura, decoraci\u00f3n y bellas artes","publisher":{"@id":"https:\/\/fontfredapintures.com\/es\/#organization"},"alternateName":"Pintures Fontfreda","potentialAction":[{"@type":"SearchAction","target":{"@type":"EntryPoint","urlTemplate":"https:\/\/fontfredapintures.com\/es\/?s={search_term_string}"},"query-input":{"@type":"PropertyValueSpecification","valueRequired":true,"valueName":"search_term_string"}}],"inLanguage":"es"},{"@type":"Organization","@id":"https:\/\/fontfredapintures.com\/es\/#organization","name":"Pintures Fontfreda","alternateName":"Fontfreda Pintures","url":"https:\/\/fontfredapintures.com\/es\/","logo":{"@type":"ImageObject","inLanguage":"es","@id":"https:\/\/fontfredapintures.com\/es\/#\/schema\/logo\/image\/","url":"https:\/\/fontfredapintures.com\/wp-content\/uploads\/2024\/04\/fontfreda-pintures-logo-yoast.jpg","contentUrl":"https:\/\/fontfredapintures.com\/wp-content\/uploads\/2024\/04\/fontfreda-pintures-logo-yoast.jpg","width":900,"height":600,"caption":"Pintures Fontfreda"},"image":{"@id":"https:\/\/fontfredapintures.com\/es\/#\/schema\/logo\/image\/"},"sameAs":["https:\/\/www.facebook.com\/fontfredapintures\/","https:\/\/www.instagram.com\/fontfredapintures\/","https:\/\/www.linkedin.com\/company\/fontfredapintures\/"]}]}},"_links":{"self":[{"href":"https:\/\/fontfredapintures.com\/es\/wp-json\/wp\/v2\/product\/22334","targetHints":{"allow":["GET"]}}],"collection":[{"href":"https:\/\/fontfredapintures.com\/es\/wp-json\/wp\/v2\/product"}],"about":[{"href":"https:\/\/fontfredapintures.com\/es\/wp-json\/wp\/v2\/types\/product"}],"replies":[{"embeddable":true,"href":"https:\/\/fontfredapintures.com\/es\/wp-json\/wp\/v2\/comments?post=22334"}],"version-history":[{"count":3,"href":"https:\/\/fontfredapintures.com\/es\/wp-json\/wp\/v2\/product\/22334\/revisions"}],"predecessor-version":[{"id":42598,"href":"https:\/\/fontfredapintures.com\/es\/wp-json\/wp\/v2\/product\/22334\/revisions\/42598"}],"wp:featuredmedia":[{"embeddable":true,"href":"https:\/\/fontfredapintures.com\/es\/wp-json\/wp\/v2\/media\/47879"}],"wp:attachment":[{"href":"https:\/\/fontfredapintures.com\/es\/wp-json\/wp\/v2\/media?parent=22334"}],"wp:term":[{"taxonomy":"product_brand","embeddable":true,"href":"https:\/\/fontfredapintures.com\/es\/wp-json\/wp\/v2\/product_brand?post=22334"},{"taxonomy":"product_cat","embeddable":true,"href":"https:\/\/fontfredapintures.com\/es\/wp-json\/wp\/v2\/product_cat?post=22334"},{"taxonomy":"product_tag","embeddable":true,"href":"https:\/\/fontfredapintures.com\/es\/wp-json\/wp\/v2\/product_tag?post=22334"}],"curies":[{"name":"wp","href":"https:\/\/api.w.org\/{rel}","templated":true}]}}