{"id":22325,"date":"2024-02-09T12:25:00","date_gmt":"2024-02-09T10:25:00","guid":{"rendered":"https:\/\/fontfredapintures.com\/pro\/producte\/caja-de-15-pasteles-soft-de-rembrandt\/"},"modified":"2024-04-11T10:52:46","modified_gmt":"2024-04-11T08:52:46","slug":"caja-de-15-pasteles-soft-de-rembrandt","status":"publish","type":"product","link":"https:\/\/fontfredapintures.com\/es\/producto\/caja-de-15-pasteles-soft-de-rembrandt\/","title":{"rendered":"Caja de 15 pasteles soft de Rembrandt"},"content":{"rendered":"<p>Los pasteles suaves Rembrandt son de renombre mundial y de calidad profesional, se fabrican solo con los pigmentos m\u00e1s puros y el caol\u00edn de la mejor calidad. Se fabrican en los Pa\u00edses Bajos bajo estrictas normas de control de calidad. Cada color se elabora con f\u00f3rmulas de pigmentaci\u00f3n \u00fanicas.<\/p>\n","protected":false},"excerpt":{"rendered":"<p>Estas tizas redondas tienen una suavidad excelente para conseguir un buen desprendimiento y matizado del color.<\/p>\n<p>Contenido: 15 pasteles enteros (100.5 &#8211; 201.5 &#8211; 205.8 &#8211; 227.5 &#8211; 236.5 &#8211; 372.5 &#8211; 409.5 &#8211; 411.5 &#8211; 506.5 &#8211; 548.5 &#8211; 570.7 &#8211; 620.7 &#8211; 627.5 &#8211; 633.5 -700.5).<\/p>\n","protected":false},"featured_media":17310,"comment_status":"open","ping_status":"closed","template":"","meta":[],"product_brand":[],"product_cat":[1929,500],"product_tag":[],"class_list":{"0":"post-22325","1":"product","2":"type-product","3":"status-publish","4":"has-post-thumbnail","6":"product_cat-pinturas","7":"product_cat-bellas-artes","8":"pa_brand-rembrandt-es","10":"first","11":"instock","12":"sale","13":"taxable","14":"shipping-taxable","15":"purchasable","16":"product-type-simple"},"group_of_quantity":0,"min_quantity":0,"max_quantity":"","exclude_order_quantity_value_rules":"no","exclude_category_quantity_rules":"no","combine_variations":"no","yoast_head":"<!-- This site is optimized with the Yoast SEO plugin v25.7 - https:\/\/yoast.com\/wordpress\/plugins\/seo\/ -->\n<title>Caja de 15 pasteles soft de Rembrandt - Fontfreda Pintures<\/title>\n<meta name=\"description\" content=\"Caja de 15 pasteles soft de Rembrandt: Estas tizas redondas tienen una suavidad excelente para lograr un buen desprendimiento y matizado del color.\" \/>\n<meta name=\"robots\" content=\"index, follow, max-snippet:-1, max-image-preview:large, max-video-preview:-1\" \/>\n<link rel=\"canonical\" href=\"https:\/\/fontfredapintures.com\/es\/producto\/caja-de-15-pasteles-soft-de-rembrandt\/\" \/>\n<meta property=\"og:locale\" content=\"es_ES\" \/>\n<meta property=\"og:type\" content=\"article\" \/>\n<meta property=\"og:title\" content=\"Caja de 15 pasteles soft de Rembrandt - Fontfreda Pintures\" \/>\n<meta property=\"og:description\" content=\"Caja de 15 pasteles soft de Rembrandt: Estas tizas redondas tienen una suavidad excelente para lograr un buen desprendimiento y matizado del color.\" \/>\n<meta property=\"og:url\" content=\"https:\/\/fontfredapintures.com\/es\/producto\/caja-de-15-pasteles-soft-de-rembrandt\/\" \/>\n<meta property=\"og:site_name\" content=\"Fontfreda Pintures\" \/>\n<meta property=\"article:publisher\" content=\"https:\/\/www.facebook.com\/fontfredapintures\/\" \/>\n<meta property=\"article:modified_time\" content=\"2024-04-11T08:52:46+00:00\" \/>\n<meta property=\"og:image\" content=\"https:\/\/fontfredapintures.com\/wp-content\/uploads\/2024\/02\/Caja-de-15-pasteles-soft-de-Rembrandt.jpg\" \/>\n\t<meta property=\"og:image:width\" content=\"1000\" \/>\n\t<meta property=\"og:image:height\" content=\"1143\" \/>\n\t<meta property=\"og:image:type\" content=\"image\/jpeg\" \/>\n<meta name=\"twitter:card\" content=\"summary_large_image\" \/>\n<meta name=\"twitter:label1\" content=\"Tiempo de lectura\" \/>\n\t<meta name=\"twitter:data1\" content=\"1 minuto\" \/>\n<script type=\"application\/ld+json\" class=\"yoast-schema-graph\">{\"@context\":\"https:\/\/schema.org\",\"@graph\":[{\"@type\":\"WebPage\",\"@id\":\"https:\/\/fontfredapintures.com\/es\/producto\/caja-de-15-pasteles-soft-de-rembrandt\/\",\"url\":\"https:\/\/fontfredapintures.com\/es\/producto\/caja-de-15-pasteles-soft-de-rembrandt\/\",\"name\":\"Caja de 15 pasteles soft de Rembrandt - Fontfreda Pintures\",\"isPartOf\":{\"@id\":\"https:\/\/fontfredapintures.com\/es\/#website\"},\"primaryImageOfPage\":{\"@id\":\"https:\/\/fontfredapintures.com\/es\/producto\/caja-de-15-pasteles-soft-de-rembrandt\/#primaryimage\"},\"image\":{\"@id\":\"https:\/\/fontfredapintures.com\/es\/producto\/caja-de-15-pasteles-soft-de-rembrandt\/#primaryimage\"},\"thumbnailUrl\":\"https:\/\/fontfredapintures.com\/wp-content\/uploads\/2024\/02\/Caja-de-15-pasteles-soft-de-Rembrandt.jpg\",\"datePublished\":\"2024-02-09T10:25:00+00:00\",\"dateModified\":\"2024-04-11T08:52:46+00:00\",\"description\":\"Caja de 15 pasteles soft de Rembrandt: Estas tizas redondas tienen una suavidad excelente para lograr un buen desprendimiento y matizado del color.\",\"breadcrumb\":{\"@id\":\"https:\/\/fontfredapintures.com\/es\/producto\/caja-de-15-pasteles-soft-de-rembrandt\/#breadcrumb\"},\"inLanguage\":\"es\",\"potentialAction\":[{\"@type\":\"ReadAction\",\"target\":[\"https:\/\/fontfredapintures.com\/es\/producto\/caja-de-15-pasteles-soft-de-rembrandt\/\"]}]},{\"@type\":\"ImageObject\",\"inLanguage\":\"es\",\"@id\":\"https:\/\/fontfredapintures.com\/es\/producto\/caja-de-15-pasteles-soft-de-rembrandt\/#primaryimage\",\"url\":\"https:\/\/fontfredapintures.com\/wp-content\/uploads\/2024\/02\/Caja-de-15-pasteles-soft-de-Rembrandt.jpg\",\"contentUrl\":\"https:\/\/fontfredapintures.com\/wp-content\/uploads\/2024\/02\/Caja-de-15-pasteles-soft-de-Rembrandt.jpg\",\"width\":1000,\"height\":1143,\"caption\":\"Caja de 15 pasteles soft de Rembrandt\"},{\"@type\":\"BreadcrumbList\",\"@id\":\"https:\/\/fontfredapintures.com\/es\/producto\/caja-de-15-pasteles-soft-de-rembrandt\/#breadcrumb\",\"itemListElement\":[{\"@type\":\"ListItem\",\"position\":1,\"name\":\"Fontfreda\",\"item\":\"https:\/\/fontfredapintures.com\/es\/\"},{\"@type\":\"ListItem\",\"position\":2,\"name\":\"Tienda\",\"item\":\"https:\/\/fontfredapintures.com\/es\/tienda\/\"},{\"@type\":\"ListItem\",\"position\":3,\"name\":\"Caja de 15 pasteles soft de Rembrandt\"}]},{\"@type\":\"WebSite\",\"@id\":\"https:\/\/fontfredapintures.com\/es\/#website\",\"url\":\"https:\/\/fontfredapintures.com\/es\/\",\"name\":\"Fontfreda Pintures\",\"description\":\"Tienda online de pintura, decoraci\u00f3n y bellas artes\",\"publisher\":{\"@id\":\"https:\/\/fontfredapintures.com\/es\/#organization\"},\"alternateName\":\"Pintures Fontfreda\",\"potentialAction\":[{\"@type\":\"SearchAction\",\"target\":{\"@type\":\"EntryPoint\",\"urlTemplate\":\"https:\/\/fontfredapintures.com\/es\/?s={search_term_string}\"},\"query-input\":{\"@type\":\"PropertyValueSpecification\",\"valueRequired\":true,\"valueName\":\"search_term_string\"}}],\"inLanguage\":\"es\"},{\"@type\":\"Organization\",\"@id\":\"https:\/\/fontfredapintures.com\/es\/#organization\",\"name\":\"Pintures Fontfreda\",\"alternateName\":\"Fontfreda Pintures\",\"url\":\"https:\/\/fontfredapintures.com\/es\/\",\"logo\":{\"@type\":\"ImageObject\",\"inLanguage\":\"es\",\"@id\":\"https:\/\/fontfredapintures.com\/es\/#\/schema\/logo\/image\/\",\"url\":\"https:\/\/fontfredapintures.com\/wp-content\/uploads\/2024\/04\/fontfreda-pintures-logo-yoast.jpg\",\"contentUrl\":\"https:\/\/fontfredapintures.com\/wp-content\/uploads\/2024\/04\/fontfreda-pintures-logo-yoast.jpg\",\"width\":900,\"height\":600,\"caption\":\"Pintures Fontfreda\"},\"image\":{\"@id\":\"https:\/\/fontfredapintures.com\/es\/#\/schema\/logo\/image\/\"},\"sameAs\":[\"https:\/\/www.facebook.com\/fontfredapintures\/\",\"https:\/\/www.instagram.com\/fontfredapintures\/\",\"https:\/\/www.linkedin.com\/company\/fontfredapintures\/\"]}]}<\/script>\n<!-- \/ Yoast SEO plugin. -->","yoast_head_json":{"title":"Caja de 15 pasteles soft de Rembrandt - Fontfreda Pintures","description":"Caja de 15 pasteles soft de Rembrandt: Estas tizas redondas tienen una suavidad excelente para lograr un buen desprendimiento y matizado del color.","robots":{"index":"index","follow":"follow","max-snippet":"max-snippet:-1","max-image-preview":"max-image-preview:large","max-video-preview":"max-video-preview:-1"},"canonical":"https:\/\/fontfredapintures.com\/es\/producto\/caja-de-15-pasteles-soft-de-rembrandt\/","og_locale":"es_ES","og_type":"article","og_title":"Caja de 15 pasteles soft de Rembrandt - Fontfreda Pintures","og_description":"Caja de 15 pasteles soft de Rembrandt: Estas tizas redondas tienen una suavidad excelente para lograr un buen desprendimiento y matizado del color.","og_url":"https:\/\/fontfredapintures.com\/es\/producto\/caja-de-15-pasteles-soft-de-rembrandt\/","og_site_name":"Fontfreda Pintures","article_publisher":"https:\/\/www.facebook.com\/fontfredapintures\/","article_modified_time":"2024-04-11T08:52:46+00:00","og_image":[{"width":1000,"height":1143,"url":"https:\/\/fontfredapintures.com\/wp-content\/uploads\/2024\/02\/Caja-de-15-pasteles-soft-de-Rembrandt.jpg","type":"image\/jpeg"}],"twitter_card":"summary_large_image","twitter_misc":{"Tiempo de lectura":"1 minuto"},"schema":{"@context":"https:\/\/schema.org","@graph":[{"@type":"WebPage","@id":"https:\/\/fontfredapintures.com\/es\/producto\/caja-de-15-pasteles-soft-de-rembrandt\/","url":"https:\/\/fontfredapintures.com\/es\/producto\/caja-de-15-pasteles-soft-de-rembrandt\/","name":"Caja de 15 pasteles soft de Rembrandt - Fontfreda Pintures","isPartOf":{"@id":"https:\/\/fontfredapintures.com\/es\/#website"},"primaryImageOfPage":{"@id":"https:\/\/fontfredapintures.com\/es\/producto\/caja-de-15-pasteles-soft-de-rembrandt\/#primaryimage"},"image":{"@id":"https:\/\/fontfredapintures.com\/es\/producto\/caja-de-15-pasteles-soft-de-rembrandt\/#primaryimage"},"thumbnailUrl":"https:\/\/fontfredapintures.com\/wp-content\/uploads\/2024\/02\/Caja-de-15-pasteles-soft-de-Rembrandt.jpg","datePublished":"2024-02-09T10:25:00+00:00","dateModified":"2024-04-11T08:52:46+00:00","description":"Caja de 15 pasteles soft de Rembrandt: Estas tizas redondas tienen una suavidad excelente para lograr un buen desprendimiento y matizado del color.","breadcrumb":{"@id":"https:\/\/fontfredapintures.com\/es\/producto\/caja-de-15-pasteles-soft-de-rembrandt\/#breadcrumb"},"inLanguage":"es","potentialAction":[{"@type":"ReadAction","target":["https:\/\/fontfredapintures.com\/es\/producto\/caja-de-15-pasteles-soft-de-rembrandt\/"]}]},{"@type":"ImageObject","inLanguage":"es","@id":"https:\/\/fontfredapintures.com\/es\/producto\/caja-de-15-pasteles-soft-de-rembrandt\/#primaryimage","url":"https:\/\/fontfredapintures.com\/wp-content\/uploads\/2024\/02\/Caja-de-15-pasteles-soft-de-Rembrandt.jpg","contentUrl":"https:\/\/fontfredapintures.com\/wp-content\/uploads\/2024\/02\/Caja-de-15-pasteles-soft-de-Rembrandt.jpg","width":1000,"height":1143,"caption":"Caja de 15 pasteles soft de Rembrandt"},{"@type":"BreadcrumbList","@id":"https:\/\/fontfredapintures.com\/es\/producto\/caja-de-15-pasteles-soft-de-rembrandt\/#breadcrumb","itemListElement":[{"@type":"ListItem","position":1,"name":"Fontfreda","item":"https:\/\/fontfredapintures.com\/es\/"},{"@type":"ListItem","position":2,"name":"Tienda","item":"https:\/\/fontfredapintures.com\/es\/tienda\/"},{"@type":"ListItem","position":3,"name":"Caja de 15 pasteles soft de Rembrandt"}]},{"@type":"WebSite","@id":"https:\/\/fontfredapintures.com\/es\/#website","url":"https:\/\/fontfredapintures.com\/es\/","name":"Fontfreda Pintures","description":"Tienda online de pintura, decoraci\u00f3n y bellas artes","publisher":{"@id":"https:\/\/fontfredapintures.com\/es\/#organization"},"alternateName":"Pintures Fontfreda","potentialAction":[{"@type":"SearchAction","target":{"@type":"EntryPoint","urlTemplate":"https:\/\/fontfredapintures.com\/es\/?s={search_term_string}"},"query-input":{"@type":"PropertyValueSpecification","valueRequired":true,"valueName":"search_term_string"}}],"inLanguage":"es"},{"@type":"Organization","@id":"https:\/\/fontfredapintures.com\/es\/#organization","name":"Pintures Fontfreda","alternateName":"Fontfreda Pintures","url":"https:\/\/fontfredapintures.com\/es\/","logo":{"@type":"ImageObject","inLanguage":"es","@id":"https:\/\/fontfredapintures.com\/es\/#\/schema\/logo\/image\/","url":"https:\/\/fontfredapintures.com\/wp-content\/uploads\/2024\/04\/fontfreda-pintures-logo-yoast.jpg","contentUrl":"https:\/\/fontfredapintures.com\/wp-content\/uploads\/2024\/04\/fontfreda-pintures-logo-yoast.jpg","width":900,"height":600,"caption":"Pintures Fontfreda"},"image":{"@id":"https:\/\/fontfredapintures.com\/es\/#\/schema\/logo\/image\/"},"sameAs":["https:\/\/www.facebook.com\/fontfredapintures\/","https:\/\/www.instagram.com\/fontfredapintures\/","https:\/\/www.linkedin.com\/company\/fontfredapintures\/"]}]}},"_links":{"self":[{"href":"https:\/\/fontfredapintures.com\/es\/wp-json\/wp\/v2\/product\/22325","targetHints":{"allow":["GET"]}}],"collection":[{"href":"https:\/\/fontfredapintures.com\/es\/wp-json\/wp\/v2\/product"}],"about":[{"href":"https:\/\/fontfredapintures.com\/es\/wp-json\/wp\/v2\/types\/product"}],"replies":[{"embeddable":true,"href":"https:\/\/fontfredapintures.com\/es\/wp-json\/wp\/v2\/comments?post=22325"}],"version-history":[{"count":2,"href":"https:\/\/fontfredapintures.com\/es\/wp-json\/wp\/v2\/product\/22325\/revisions"}],"predecessor-version":[{"id":29700,"href":"https:\/\/fontfredapintures.com\/es\/wp-json\/wp\/v2\/product\/22325\/revisions\/29700"}],"wp:featuredmedia":[{"embeddable":true,"href":"https:\/\/fontfredapintures.com\/es\/wp-json\/wp\/v2\/media\/17310"}],"wp:attachment":[{"href":"https:\/\/fontfredapintures.com\/es\/wp-json\/wp\/v2\/media?parent=22325"}],"wp:term":[{"taxonomy":"product_brand","embeddable":true,"href":"https:\/\/fontfredapintures.com\/es\/wp-json\/wp\/v2\/product_brand?post=22325"},{"taxonomy":"product_cat","embeddable":true,"href":"https:\/\/fontfredapintures.com\/es\/wp-json\/wp\/v2\/product_cat?post=22325"},{"taxonomy":"product_tag","embeddable":true,"href":"https:\/\/fontfredapintures.com\/es\/wp-json\/wp\/v2\/product_tag?post=22325"}],"curies":[{"name":"wp","href":"https:\/\/api.w.org\/{rel}","templated":true}]}}