{"id":1190,"date":"2022-03-10T17:56:08","date_gmt":"2022-03-10T15:56:08","guid":{"rendered":"https:\/\/fontfreda.atomic4dev.net\/producte\/roseton-r14\/"},"modified":"2026-01-31T01:38:09","modified_gmt":"2026-01-30T23:38:09","slug":"roseton-orac-r14","status":"publish","type":"product","link":"https:\/\/fontfredapintures.com\/es\/producto\/roseton-orac-r14\/","title":{"rendered":"Roset\u00f3n Orac R14"},"content":{"rendered":"<p>Roset\u00f3n de techo con flor ilustrada. Con espacio para esconder cables.<\/p>\n","protected":false},"excerpt":{"rendered":"<p>L 33 x H 3 x A 33 cm Purotouch\u00ae<\/p>\n<p>Roset\u00f3n de techo con flor ilustrada. Con espacio para esconder cables.<\/p>\n","protected":false},"featured_media":3203,"comment_status":"open","ping_status":"closed","template":"","meta":[],"product_brand":[],"product_cat":[82,1209],"product_tag":[220],"class_list":{"0":"post-1190","1":"product","2":"type-product","3":"status-publish","4":"has-post-thumbnail","6":"product_cat-zocalos-y-molduras","7":"product_cat-rossetones","8":"product_tag-impermeable-es","9":"product_shipping_class-sin-envio-gratuito","10":"pa_utility-aplica","12":"first","13":"instock","14":"sale","15":"taxable","16":"shipping-taxable","17":"purchasable","18":"product-type-simple"},"group_of_quantity":0,"min_quantity":0,"max_quantity":"","exclude_order_quantity_value_rules":"no","exclude_category_quantity_rules":"no","combine_variations":"no","yoast_head":"<!-- This site is optimized with the Yoast SEO plugin v25.7 - https:\/\/yoast.com\/wordpress\/plugins\/seo\/ -->\n<title>Roset\u00f3n Orac R14 - Fontfreda Pintures<\/title>\n<meta name=\"description\" content=\"Roset\u00f3n Orac R14: Roset\u00f3n de techo con flor ilustrada. Con espacio para esconder cables.\" \/>\n<meta name=\"robots\" content=\"index, follow, max-snippet:-1, max-image-preview:large, max-video-preview:-1\" \/>\n<link rel=\"canonical\" href=\"https:\/\/fontfredapintures.com\/es\/producto\/roseton-orac-r14\/\" \/>\n<meta property=\"og:locale\" content=\"es_ES\" \/>\n<meta property=\"og:type\" content=\"article\" \/>\n<meta property=\"og:title\" content=\"Roset\u00f3n Orac R14 - Fontfreda Pintures\" \/>\n<meta property=\"og:description\" content=\"Roset\u00f3n Orac R14: Roset\u00f3n de techo con flor ilustrada. Con espacio para esconder cables.\" \/>\n<meta property=\"og:url\" content=\"https:\/\/fontfredapintures.com\/es\/producto\/roseton-orac-r14\/\" \/>\n<meta property=\"og:site_name\" content=\"Fontfreda Pintures\" \/>\n<meta property=\"article:publisher\" content=\"https:\/\/www.facebook.com\/fontfredapintures\/\" \/>\n<meta property=\"article:modified_time\" content=\"2026-01-30T23:38:09+00:00\" \/>\n<meta property=\"og:image\" content=\"https:\/\/eoc6cz96j5h.exactdn.com\/wp-content\/uploads\/2022\/03\/Roseton-Orac-R14.jpg?strip=all&lossy=1&ssl=1\" \/>\n\t<meta property=\"og:image:width\" content=\"1000\" \/>\n\t<meta property=\"og:image:height\" content=\"1143\" \/>\n\t<meta property=\"og:image:type\" content=\"image\/jpeg\" \/>\n<meta name=\"twitter:card\" content=\"summary_large_image\" \/>\n<meta name=\"twitter:label1\" content=\"Tiempo de lectura\" \/>\n\t<meta name=\"twitter:data1\" content=\"1 minuto\" \/>\n<script type=\"application\/ld+json\" class=\"yoast-schema-graph\">{\"@context\":\"https:\/\/schema.org\",\"@graph\":[{\"@type\":\"WebPage\",\"@id\":\"https:\/\/fontfredapintures.com\/es\/producto\/roseton-orac-r14\/\",\"url\":\"https:\/\/fontfredapintures.com\/es\/producto\/roseton-orac-r14\/\",\"name\":\"Roset\u00f3n Orac R14 - Fontfreda Pintures\",\"isPartOf\":{\"@id\":\"https:\/\/fontfredapintures.com\/es\/#website\"},\"primaryImageOfPage\":{\"@id\":\"https:\/\/fontfredapintures.com\/es\/producto\/roseton-orac-r14\/#primaryimage\"},\"image\":{\"@id\":\"https:\/\/fontfredapintures.com\/es\/producto\/roseton-orac-r14\/#primaryimage\"},\"thumbnailUrl\":\"https:\/\/fontfredapintures.com\/wp-content\/uploads\/2022\/03\/Roseton-Orac-R14.jpg\",\"datePublished\":\"2022-03-10T15:56:08+00:00\",\"dateModified\":\"2026-01-30T23:38:09+00:00\",\"description\":\"Roset\u00f3n Orac R14: Roset\u00f3n de techo con flor ilustrada. Con espacio para esconder cables.\",\"breadcrumb\":{\"@id\":\"https:\/\/fontfredapintures.com\/es\/producto\/roseton-orac-r14\/#breadcrumb\"},\"inLanguage\":\"es\",\"potentialAction\":[{\"@type\":\"ReadAction\",\"target\":[\"https:\/\/fontfredapintures.com\/es\/producto\/roseton-orac-r14\/\"]}]},{\"@type\":\"ImageObject\",\"inLanguage\":\"es\",\"@id\":\"https:\/\/fontfredapintures.com\/es\/producto\/roseton-orac-r14\/#primaryimage\",\"url\":\"https:\/\/fontfredapintures.com\/wp-content\/uploads\/2022\/03\/Roseton-Orac-R14.jpg\",\"contentUrl\":\"https:\/\/fontfredapintures.com\/wp-content\/uploads\/2022\/03\/Roseton-Orac-R14.jpg\",\"width\":1000,\"height\":1143,\"caption\":\"Roset\u00f3n Orac R14\"},{\"@type\":\"BreadcrumbList\",\"@id\":\"https:\/\/fontfredapintures.com\/es\/producto\/roseton-orac-r14\/#breadcrumb\",\"itemListElement\":[{\"@type\":\"ListItem\",\"position\":1,\"name\":\"Fontfreda\",\"item\":\"https:\/\/fontfredapintures.com\/es\/\"},{\"@type\":\"ListItem\",\"position\":2,\"name\":\"Tienda\",\"item\":\"https:\/\/fontfredapintures.com\/es\/tienda\/\"},{\"@type\":\"ListItem\",\"position\":3,\"name\":\"Roset\u00f3n Orac R14\"}]},{\"@type\":\"WebSite\",\"@id\":\"https:\/\/fontfredapintures.com\/es\/#website\",\"url\":\"https:\/\/fontfredapintures.com\/es\/\",\"name\":\"Fontfreda Pintures\",\"description\":\"Tienda online de pintura, decoraci\u00f3n y bellas artes\",\"publisher\":{\"@id\":\"https:\/\/fontfredapintures.com\/es\/#organization\"},\"alternateName\":\"Pintures Fontfreda\",\"potentialAction\":[{\"@type\":\"SearchAction\",\"target\":{\"@type\":\"EntryPoint\",\"urlTemplate\":\"https:\/\/fontfredapintures.com\/es\/?s={search_term_string}\"},\"query-input\":{\"@type\":\"PropertyValueSpecification\",\"valueRequired\":true,\"valueName\":\"search_term_string\"}}],\"inLanguage\":\"es\"},{\"@type\":\"Organization\",\"@id\":\"https:\/\/fontfredapintures.com\/es\/#organization\",\"name\":\"Pintures Fontfreda\",\"alternateName\":\"Fontfreda Pintures\",\"url\":\"https:\/\/fontfredapintures.com\/es\/\",\"logo\":{\"@type\":\"ImageObject\",\"inLanguage\":\"es\",\"@id\":\"https:\/\/fontfredapintures.com\/es\/#\/schema\/logo\/image\/\",\"url\":\"https:\/\/fontfredapintures.com\/wp-content\/uploads\/2024\/04\/fontfreda-pintures-logo-yoast.jpg\",\"contentUrl\":\"https:\/\/fontfredapintures.com\/wp-content\/uploads\/2024\/04\/fontfreda-pintures-logo-yoast.jpg\",\"width\":900,\"height\":600,\"caption\":\"Pintures Fontfreda\"},\"image\":{\"@id\":\"https:\/\/fontfredapintures.com\/es\/#\/schema\/logo\/image\/\"},\"sameAs\":[\"https:\/\/www.facebook.com\/fontfredapintures\/\",\"https:\/\/www.instagram.com\/fontfredapintures\/\",\"https:\/\/www.linkedin.com\/company\/fontfredapintures\/\"]}]}<\/script>\n<!-- \/ Yoast SEO plugin. -->","yoast_head_json":{"title":"Roset\u00f3n Orac R14 - Fontfreda Pintures","description":"Roset\u00f3n Orac R14: Roset\u00f3n de techo con flor ilustrada. Con espacio para esconder cables.","robots":{"index":"index","follow":"follow","max-snippet":"max-snippet:-1","max-image-preview":"max-image-preview:large","max-video-preview":"max-video-preview:-1"},"canonical":"https:\/\/fontfredapintures.com\/es\/producto\/roseton-orac-r14\/","og_locale":"es_ES","og_type":"article","og_title":"Roset\u00f3n Orac R14 - Fontfreda Pintures","og_description":"Roset\u00f3n Orac R14: Roset\u00f3n de techo con flor ilustrada. Con espacio para esconder cables.","og_url":"https:\/\/fontfredapintures.com\/es\/producto\/roseton-orac-r14\/","og_site_name":"Fontfreda Pintures","article_publisher":"https:\/\/www.facebook.com\/fontfredapintures\/","article_modified_time":"2026-01-30T23:38:09+00:00","og_image":[{"width":1000,"height":1143,"url":"https:\/\/eoc6cz96j5h.exactdn.com\/wp-content\/uploads\/2022\/03\/Roseton-Orac-R14.jpg?strip=all&lossy=1&ssl=1","type":"image\/jpeg"}],"twitter_card":"summary_large_image","twitter_misc":{"Tiempo de lectura":"1 minuto"},"schema":{"@context":"https:\/\/schema.org","@graph":[{"@type":"WebPage","@id":"https:\/\/fontfredapintures.com\/es\/producto\/roseton-orac-r14\/","url":"https:\/\/fontfredapintures.com\/es\/producto\/roseton-orac-r14\/","name":"Roset\u00f3n Orac R14 - Fontfreda Pintures","isPartOf":{"@id":"https:\/\/fontfredapintures.com\/es\/#website"},"primaryImageOfPage":{"@id":"https:\/\/fontfredapintures.com\/es\/producto\/roseton-orac-r14\/#primaryimage"},"image":{"@id":"https:\/\/fontfredapintures.com\/es\/producto\/roseton-orac-r14\/#primaryimage"},"thumbnailUrl":"https:\/\/fontfredapintures.com\/wp-content\/uploads\/2022\/03\/Roseton-Orac-R14.jpg","datePublished":"2022-03-10T15:56:08+00:00","dateModified":"2026-01-30T23:38:09+00:00","description":"Roset\u00f3n Orac R14: Roset\u00f3n de techo con flor ilustrada. Con espacio para esconder cables.","breadcrumb":{"@id":"https:\/\/fontfredapintures.com\/es\/producto\/roseton-orac-r14\/#breadcrumb"},"inLanguage":"es","potentialAction":[{"@type":"ReadAction","target":["https:\/\/fontfredapintures.com\/es\/producto\/roseton-orac-r14\/"]}]},{"@type":"ImageObject","inLanguage":"es","@id":"https:\/\/fontfredapintures.com\/es\/producto\/roseton-orac-r14\/#primaryimage","url":"https:\/\/fontfredapintures.com\/wp-content\/uploads\/2022\/03\/Roseton-Orac-R14.jpg","contentUrl":"https:\/\/fontfredapintures.com\/wp-content\/uploads\/2022\/03\/Roseton-Orac-R14.jpg","width":1000,"height":1143,"caption":"Roset\u00f3n Orac R14"},{"@type":"BreadcrumbList","@id":"https:\/\/fontfredapintures.com\/es\/producto\/roseton-orac-r14\/#breadcrumb","itemListElement":[{"@type":"ListItem","position":1,"name":"Fontfreda","item":"https:\/\/fontfredapintures.com\/es\/"},{"@type":"ListItem","position":2,"name":"Tienda","item":"https:\/\/fontfredapintures.com\/es\/tienda\/"},{"@type":"ListItem","position":3,"name":"Roset\u00f3n Orac R14"}]},{"@type":"WebSite","@id":"https:\/\/fontfredapintures.com\/es\/#website","url":"https:\/\/fontfredapintures.com\/es\/","name":"Fontfreda Pintures","description":"Tienda online de pintura, decoraci\u00f3n y bellas artes","publisher":{"@id":"https:\/\/fontfredapintures.com\/es\/#organization"},"alternateName":"Pintures Fontfreda","potentialAction":[{"@type":"SearchAction","target":{"@type":"EntryPoint","urlTemplate":"https:\/\/fontfredapintures.com\/es\/?s={search_term_string}"},"query-input":{"@type":"PropertyValueSpecification","valueRequired":true,"valueName":"search_term_string"}}],"inLanguage":"es"},{"@type":"Organization","@id":"https:\/\/fontfredapintures.com\/es\/#organization","name":"Pintures Fontfreda","alternateName":"Fontfreda Pintures","url":"https:\/\/fontfredapintures.com\/es\/","logo":{"@type":"ImageObject","inLanguage":"es","@id":"https:\/\/fontfredapintures.com\/es\/#\/schema\/logo\/image\/","url":"https:\/\/fontfredapintures.com\/wp-content\/uploads\/2024\/04\/fontfreda-pintures-logo-yoast.jpg","contentUrl":"https:\/\/fontfredapintures.com\/wp-content\/uploads\/2024\/04\/fontfreda-pintures-logo-yoast.jpg","width":900,"height":600,"caption":"Pintures Fontfreda"},"image":{"@id":"https:\/\/fontfredapintures.com\/es\/#\/schema\/logo\/image\/"},"sameAs":["https:\/\/www.facebook.com\/fontfredapintures\/","https:\/\/www.instagram.com\/fontfredapintures\/","https:\/\/www.linkedin.com\/company\/fontfredapintures\/"]}]}},"_links":{"self":[{"href":"https:\/\/fontfredapintures.com\/es\/wp-json\/wp\/v2\/product\/1190","targetHints":{"allow":["GET"]}}],"collection":[{"href":"https:\/\/fontfredapintures.com\/es\/wp-json\/wp\/v2\/product"}],"about":[{"href":"https:\/\/fontfredapintures.com\/es\/wp-json\/wp\/v2\/types\/product"}],"replies":[{"embeddable":true,"href":"https:\/\/fontfredapintures.com\/es\/wp-json\/wp\/v2\/comments?post=1190"}],"version-history":[{"count":2,"href":"https:\/\/fontfredapintures.com\/es\/wp-json\/wp\/v2\/product\/1190\/revisions"}],"predecessor-version":[{"id":37511,"href":"https:\/\/fontfredapintures.com\/es\/wp-json\/wp\/v2\/product\/1190\/revisions\/37511"}],"wp:featuredmedia":[{"embeddable":true,"href":"https:\/\/fontfredapintures.com\/es\/wp-json\/wp\/v2\/media\/3203"}],"wp:attachment":[{"href":"https:\/\/fontfredapintures.com\/es\/wp-json\/wp\/v2\/media?parent=1190"}],"wp:term":[{"taxonomy":"product_brand","embeddable":true,"href":"https:\/\/fontfredapintures.com\/es\/wp-json\/wp\/v2\/product_brand?post=1190"},{"taxonomy":"product_cat","embeddable":true,"href":"https:\/\/fontfredapintures.com\/es\/wp-json\/wp\/v2\/product_cat?post=1190"},{"taxonomy":"product_tag","embeddable":true,"href":"https:\/\/fontfredapintures.com\/es\/wp-json\/wp\/v2\/product_tag?post=1190"}],"curies":[{"name":"wp","href":"https:\/\/api.w.org\/{rel}","templated":true}]}}