{"id":22621,"date":"2024-02-27T17:38:31","date_gmt":"2024-02-27T15:38:31","guid":{"rendered":"https:\/\/fontfredapintures.com\/pro\/responsabilitat-social-corporativa\/"},"modified":"2025-01-08T19:24:19","modified_gmt":"2025-01-08T17:24:19","slug":"responsabilidad-social-corporativa","status":"publish","type":"page","link":"https:\/\/fontfredapintures.com\/es\/responsabilidad-social-corporativa\/","title":{"rendered":"Responsabilidad Social Corporativa"},"content":{"rendered":"\t\t<div data-elementor-type=\"wp-page\" data-elementor-id=\"22621\" class=\"elementor elementor-22621 elementor-20490\">\n\t\t\t\t<div class=\"elementor-element elementor-element-0176df3 e-flex e-con-boxed e-con e-parent\" data-id=\"0176df3\" data-element_type=\"container\">\n\t\t\t\t\t<div class=\"e-con-inner\">\n\t\t\t\t<div class=\"elementor-element elementor-element-d4db2cf wd-width-100 elementor-widget elementor-widget-wd_title\" data-id=\"d4db2cf\" data-element_type=\"widget\" data-widget_type=\"wd_title.default\">\n\t\t\t\t<div class=\"elementor-widget-container\">\n\t\t\t\t\t\t\t<div class=\"title-wrapper wd-set-mb reset-last-child wd-title-color-default wd-title-style-simple wd-title-size-large text-left\">\n\n\t\t\t\n\t\t\t<div class=\"liner-continer\">\n\t\t\t\t<h2 class=\"woodmart-title-container title wd-fontsize-xxl\">Responsabilitat Social Corporativa de Fontfreda Pintures<\/h2> \n\t\t\t\t\t\t\t<\/div>\n\n\t\t\t\t\t\t\t<div class=\"title-after_title reset-last-child wd-fontsize-s\">\n\t\t\t\t\t<p>A Fontfreda Pintures, <strong>estem compromesos amb la sostenibilitat i la responsabilitat social corporativa<\/strong>. Treballem en conson\u00e0ncia amb els <strong>Objectius de Desenvolupament Sostenible (ODS) 2030<\/strong> en cada \u00e0rea de la nostra organitzaci\u00f3, amb la convicci\u00f3 de contribuir al progr\u00e9s del nostre entorn i de la societat en general.<\/p>\t\t\t\t<\/div>\n\t\t\t\t\t<\/div>\n\t\t\t\t\t\t<\/div>\n\t\t\t\t<\/div>\n\t\t\t\t\t<\/div>\n\t\t\t\t<\/div>\n\t\t\t\t<section class=\"wd-negative-gap elementor-section elementor-top-section elementor-element elementor-element-3e7d5790 elementor-section-content-middle elementor-section-boxed elementor-section-height-default elementor-section-height-default\" data-id=\"3e7d5790\" data-element_type=\"section\">\n\t\t\t\t\t\t<div class=\"elementor-container elementor-column-gap-wide\">\n\t\t\t\t\t<div class=\"elementor-column elementor-col-50 elementor-top-column elementor-element elementor-element-e83e03c\" data-id=\"e83e03c\" data-element_type=\"column\">\n\t\t\t<div class=\"elementor-widget-wrap elementor-element-populated\">\n\t\t\t\t\t\t<div class=\"elementor-element elementor-element-74464c7 elementor-widget elementor-widget-image\" data-id=\"74464c7\" data-element_type=\"widget\" data-widget_type=\"image.default\">\n\t\t\t\t<div class=\"elementor-widget-container\">\n\t\t\t\t\t\t\t\t\t\t\t\t\t\t\t<img fetchpriority=\"high\" decoding=\"async\" width=\"1100\" height=\"1182\" src=\"https:\/\/fontfredapintures.com\/wp-content\/uploads\/2024\/03\/fontfreda-rsc-banner-cartro.jpg\" class=\"attachment-full size-full wp-image-22900\" alt=\"Cajas y packaging reciclado de Pinturas Fontfreda\" srcset=\"https:\/\/fontfredapintures.com\/wp-content\/uploads\/2024\/03\/fontfreda-rsc-banner-cartro.jpg 1100w, https:\/\/fontfredapintures.com\/wp-content\/uploads\/2024\/03\/fontfreda-rsc-banner-cartro-279x300.jpg 279w, https:\/\/fontfredapintures.com\/wp-content\/uploads\/2024\/03\/fontfreda-rsc-banner-cartro-745x800.jpg 745w, https:\/\/fontfredapintures.com\/wp-content\/uploads\/2024\/03\/fontfreda-rsc-banner-cartro-768x825.jpg 768w, https:\/\/fontfredapintures.com\/wp-content\/uploads\/2024\/03\/fontfreda-rsc-banner-cartro-860x924.jpg 860w, https:\/\/fontfredapintures.com\/wp-content\/uploads\/2024\/03\/fontfreda-rsc-banner-cartro-430x462.jpg 430w, https:\/\/fontfredapintures.com\/wp-content\/uploads\/2024\/03\/fontfreda-rsc-banner-cartro-700x752.jpg 700w, https:\/\/fontfredapintures.com\/wp-content\/uploads\/2024\/03\/fontfreda-rsc-banner-cartro-150x161.jpg 150w\" sizes=\"(max-width: 1100px) 100vw, 1100px\" \/>\t\t\t\t\t\t\t\t\t\t\t\t\t\t\t<\/div>\n\t\t\t\t<\/div>\n\t\t\t\t\t<\/div>\n\t\t<\/div>\n\t\t\t\t<div class=\"elementor-column elementor-col-50 elementor-top-column elementor-element elementor-element-79a48c9b\" data-id=\"79a48c9b\" data-element_type=\"column\">\n\t\t\t<div class=\"elementor-widget-wrap elementor-element-populated\">\n\t\t\t\t\t\t<div class=\"elementor-element elementor-element-acf1c06 elementor-widget elementor-widget-wd_text_block\" data-id=\"acf1c06\" data-element_type=\"widget\" data-widget_type=\"wd_text_block.default\">\n\t\t\t\t<div class=\"elementor-widget-container\">\n\t\t\t\t\t\t\t<div class=\"wd-text-block reset-last-child text-left\">\n\t\t\t\n\t\t\t<p>Una de les nostres accions destacades \u00e9s el nostre <strong>comprom\u00eds amb la reutilitzaci\u00f3<\/strong>. Les caixes que utilitzem per a la distribuci\u00f3 dels nostres productes s\u00f3n reutilitzades, <strong>reduint aix\u00ed el nostre impacte mediambiental en la generaci\u00f3 de residus<\/strong> i fomentant una <strong>economia circular<\/strong>.<\/p><p>La nostra empresa est\u00e0 compromesa amb marques conscienciades en la <strong>responsabilitat en el medi ambient<\/strong> i amb productes que cada vegada s\u00f3n m\u00e9s respectuosos. Treballem activament per garantir que tots els nostres processos i productes compleixin amb els est\u00e0ndards m\u00e9s alts de sostenibilitat i conservaci\u00f3 del medi ambient. Aix\u00f2 implica col\u00b7laborar amb prove\u00efdors que comparteixen aquest comprom\u00eds i buscar constantment noves maneres d'optimitzar els nostres recursos i reduir al m\u00e0xim l'impacte ecol\u00f2gic de les nostres operacions.<\/p><p>A m\u00e9s a m\u00e9s, estem treballant activament en un <strong>nou projecte de recollida dels pots de pintura<\/strong> per al seu correcte reciclatge. Aquesta iniciativa t\u00e9 com a objectiu minimitzar el nostre impacte en el medi ambient i promoure una gesti\u00f3 responsable dels residus.<\/p><p>Estem compromesos amb la <strong>sostenibilitat<\/strong> en tots els \u00e0mbits de la nostra activitat i continuarem treballant per aconseguir un futur m\u00e9s sostenible per a tots. A Fontfreda Pintures, la responsabilitat social corporativa <strong>\u00e9s part fonamental de la nostra identitat i del nostre comprom\u00eds amb la societat i el planeta<\/strong>.<\/p>\n\t\t\t\t\t<\/div>\n\t\t\t\t\t\t<\/div>\n\t\t\t\t<\/div>\n\t\t\t\t<div class=\"elementor-element elementor-element-189c315d elementor-widget elementor-widget-wd_button\" data-id=\"189c315d\" data-element_type=\"widget\" data-widget_type=\"wd_button.default\">\n\t\t\t\t<div class=\"elementor-widget-container\">\n\t\t\t\t\t\t\t<div class=\"wd-button-wrapper text-left\" >\n\t\t\t<a class=\"btn btn-style-default btn-shape-rectangle btn-size-default btn-color-primary btn-icon-pos-right\"  href=\"https:\/\/fontfredapintures.com\/es\/contacto\/\">\n\t\t\t\t<span class=\"wd-btn-text\" data-elementor-setting-key=\"text\">\n\t\t\t\t\tTienda online\t\t\t\t<\/span>\n\n\t\t\t\t\t\t\t<\/a>\n\t\t<\/div>\n\t\t\t\t\t\t<\/div>\n\t\t\t\t<\/div>\n\t\t\t\t\t<\/div>\n\t\t<\/div>\n\t\t\t\t\t<\/div>\n\t\t<\/section>\n\t\t\t\t<\/div>\n\t\t","protected":false},"excerpt":{"rendered":"<p>Responsabilitat Social Corporativa de Fontfreda Pintures A Fontfreda Pintures, estem compromesos amb la sostenibilitat i la responsabilitat social corporativa. Treballem<\/p>\n","protected":false},"author":27,"featured_media":0,"parent":0,"menu_order":0,"comment_status":"closed","ping_status":"closed","template":"","meta":{"footnotes":""},"class_list":["post-22621","page","type-page","status-publish","hentry"],"yoast_head":"<!-- This site is optimized with the Yoast SEO plugin v25.7 - https:\/\/yoast.com\/wordpress\/plugins\/seo\/ -->\n<title>Responsabilidad Social Corporativa - Fontfreda Pintures - Tienda de pinturas online<\/title>\n<meta name=\"description\" content=\"En Fontfreda Pintures, estamos comprometidos con la sostenibilidad y la responsabilidad social corporativa. Objetivos de Desarrollo Sostenible (ODS) 2023.\" \/>\n<meta name=\"robots\" content=\"index, follow, max-snippet:-1, max-image-preview:large, max-video-preview:-1\" \/>\n<link rel=\"canonical\" href=\"https:\/\/fontfredapintures.com\/es\/responsabilidad-social-corporativa\/\" \/>\n<meta property=\"og:locale\" content=\"es_ES\" \/>\n<meta property=\"og:type\" content=\"article\" \/>\n<meta property=\"og:title\" content=\"Responsabilidad Social Corporativa - Fontfreda Pintures - Tienda de pinturas online\" \/>\n<meta property=\"og:description\" content=\"En Fontfreda Pintures, estamos comprometidos con la sostenibilidad y la responsabilidad social corporativa. Objetivos de Desarrollo Sostenible (ODS) 2023.\" \/>\n<meta property=\"og:url\" content=\"https:\/\/fontfredapintures.com\/es\/responsabilidad-social-corporativa\/\" \/>\n<meta property=\"og:site_name\" content=\"Fontfreda Pintures\" \/>\n<meta property=\"article:publisher\" content=\"https:\/\/www.facebook.com\/fontfredapintures\/\" \/>\n<meta property=\"article:modified_time\" content=\"2025-01-08T17:24:19+00:00\" \/>\n<meta property=\"og:image\" content=\"https:\/\/fontfredapintures.com\/wp-content\/uploads\/2024\/03\/fontfreda-rsc-banner-cartro.jpg\" \/>\n\t<meta property=\"og:image:width\" content=\"1100\" \/>\n\t<meta property=\"og:image:height\" content=\"1182\" \/>\n\t<meta property=\"og:image:type\" content=\"image\/jpeg\" \/>\n<meta name=\"twitter:card\" content=\"summary_large_image\" \/>\n<meta name=\"twitter:label1\" content=\"Tiempo de lectura\" \/>\n\t<meta name=\"twitter:data1\" content=\"2 minutos\" \/>\n<script type=\"application\/ld+json\" class=\"yoast-schema-graph\">{\"@context\":\"https:\/\/schema.org\",\"@graph\":[{\"@type\":\"WebPage\",\"@id\":\"https:\/\/fontfredapintures.com\/es\/responsabilidad-social-corporativa\/\",\"url\":\"https:\/\/fontfredapintures.com\/es\/responsabilidad-social-corporativa\/\",\"name\":\"Responsabilidad Social Corporativa - Fontfreda Pintures - Tienda de pinturas online\",\"isPartOf\":{\"@id\":\"https:\/\/fontfredapintures.com\/es\/#website\"},\"primaryImageOfPage\":{\"@id\":\"https:\/\/fontfredapintures.com\/es\/responsabilidad-social-corporativa\/#primaryimage\"},\"image\":{\"@id\":\"https:\/\/fontfredapintures.com\/es\/responsabilidad-social-corporativa\/#primaryimage\"},\"thumbnailUrl\":\"https:\/\/fontfredapintures.com\/wp-content\/uploads\/2024\/03\/fontfreda-rsc-banner-cartro.jpg\",\"datePublished\":\"2024-02-27T15:38:31+00:00\",\"dateModified\":\"2025-01-08T17:24:19+00:00\",\"description\":\"En Fontfreda Pintures, estamos comprometidos con la sostenibilidad y la responsabilidad social corporativa. Objetivos de Desarrollo Sostenible (ODS) 2023.\",\"breadcrumb\":{\"@id\":\"https:\/\/fontfredapintures.com\/es\/responsabilidad-social-corporativa\/#breadcrumb\"},\"inLanguage\":\"es\",\"potentialAction\":[{\"@type\":\"ReadAction\",\"target\":[\"https:\/\/fontfredapintures.com\/es\/responsabilidad-social-corporativa\/\"]}]},{\"@type\":\"ImageObject\",\"inLanguage\":\"es\",\"@id\":\"https:\/\/fontfredapintures.com\/es\/responsabilidad-social-corporativa\/#primaryimage\",\"url\":\"https:\/\/fontfredapintures.com\/wp-content\/uploads\/2024\/03\/fontfreda-rsc-banner-cartro.jpg\",\"contentUrl\":\"https:\/\/fontfredapintures.com\/wp-content\/uploads\/2024\/03\/fontfreda-rsc-banner-cartro.jpg\"},{\"@type\":\"BreadcrumbList\",\"@id\":\"https:\/\/fontfredapintures.com\/es\/responsabilidad-social-corporativa\/#breadcrumb\",\"itemListElement\":[{\"@type\":\"ListItem\",\"position\":1,\"name\":\"Fontfreda\",\"item\":\"https:\/\/fontfredapintures.com\/es\/\"},{\"@type\":\"ListItem\",\"position\":2,\"name\":\"Responsabilidad Social Corporativa\"}]},{\"@type\":\"WebSite\",\"@id\":\"https:\/\/fontfredapintures.com\/es\/#website\",\"url\":\"https:\/\/fontfredapintures.com\/es\/\",\"name\":\"Fontfreda Pintures\",\"description\":\"Tienda online de pintura, decoraci\u00f3n y bellas artes\",\"publisher\":{\"@id\":\"https:\/\/fontfredapintures.com\/es\/#organization\"},\"alternateName\":\"Pintures Fontfreda\",\"potentialAction\":[{\"@type\":\"SearchAction\",\"target\":{\"@type\":\"EntryPoint\",\"urlTemplate\":\"https:\/\/fontfredapintures.com\/es\/?s={search_term_string}\"},\"query-input\":{\"@type\":\"PropertyValueSpecification\",\"valueRequired\":true,\"valueName\":\"search_term_string\"}}],\"inLanguage\":\"es\"},{\"@type\":\"Organization\",\"@id\":\"https:\/\/fontfredapintures.com\/es\/#organization\",\"name\":\"Pintures Fontfreda\",\"alternateName\":\"Fontfreda Pintures\",\"url\":\"https:\/\/fontfredapintures.com\/es\/\",\"logo\":{\"@type\":\"ImageObject\",\"inLanguage\":\"es\",\"@id\":\"https:\/\/fontfredapintures.com\/es\/#\/schema\/logo\/image\/\",\"url\":\"https:\/\/fontfredapintures.com\/wp-content\/uploads\/2024\/04\/fontfreda-pintures-logo-yoast.jpg\",\"contentUrl\":\"https:\/\/fontfredapintures.com\/wp-content\/uploads\/2024\/04\/fontfreda-pintures-logo-yoast.jpg\",\"width\":900,\"height\":600,\"caption\":\"Pintures Fontfreda\"},\"image\":{\"@id\":\"https:\/\/fontfredapintures.com\/es\/#\/schema\/logo\/image\/\"},\"sameAs\":[\"https:\/\/www.facebook.com\/fontfredapintures\/\",\"https:\/\/www.instagram.com\/fontfredapintures\/\",\"https:\/\/www.linkedin.com\/company\/fontfredapintures\/\"]}]}<\/script>\n<!-- \/ Yoast SEO plugin. -->","yoast_head_json":{"title":"Responsabilidad Social Corporativa - Fontfreda Pintures - Tienda de pinturas online","description":"En Fontfreda Pintures, estamos comprometidos con la sostenibilidad y la responsabilidad social corporativa. Objetivos de Desarrollo Sostenible (ODS) 2023.","robots":{"index":"index","follow":"follow","max-snippet":"max-snippet:-1","max-image-preview":"max-image-preview:large","max-video-preview":"max-video-preview:-1"},"canonical":"https:\/\/fontfredapintures.com\/es\/responsabilidad-social-corporativa\/","og_locale":"es_ES","og_type":"article","og_title":"Responsabilidad Social Corporativa - Fontfreda Pintures - Tienda de pinturas online","og_description":"En Fontfreda Pintures, estamos comprometidos con la sostenibilidad y la responsabilidad social corporativa. Objetivos de Desarrollo Sostenible (ODS) 2023.","og_url":"https:\/\/fontfredapintures.com\/es\/responsabilidad-social-corporativa\/","og_site_name":"Fontfreda Pintures","article_publisher":"https:\/\/www.facebook.com\/fontfredapintures\/","article_modified_time":"2025-01-08T17:24:19+00:00","og_image":[{"width":1100,"height":1182,"url":"https:\/\/fontfredapintures.com\/wp-content\/uploads\/2024\/03\/fontfreda-rsc-banner-cartro.jpg","type":"image\/jpeg"}],"twitter_card":"summary_large_image","twitter_misc":{"Tiempo de lectura":"2 minutos"},"schema":{"@context":"https:\/\/schema.org","@graph":[{"@type":"WebPage","@id":"https:\/\/fontfredapintures.com\/es\/responsabilidad-social-corporativa\/","url":"https:\/\/fontfredapintures.com\/es\/responsabilidad-social-corporativa\/","name":"Responsabilidad Social Corporativa - Fontfreda Pintures - Tienda de pinturas online","isPartOf":{"@id":"https:\/\/fontfredapintures.com\/es\/#website"},"primaryImageOfPage":{"@id":"https:\/\/fontfredapintures.com\/es\/responsabilidad-social-corporativa\/#primaryimage"},"image":{"@id":"https:\/\/fontfredapintures.com\/es\/responsabilidad-social-corporativa\/#primaryimage"},"thumbnailUrl":"https:\/\/fontfredapintures.com\/wp-content\/uploads\/2024\/03\/fontfreda-rsc-banner-cartro.jpg","datePublished":"2024-02-27T15:38:31+00:00","dateModified":"2025-01-08T17:24:19+00:00","description":"En Fontfreda Pintures, estamos comprometidos con la sostenibilidad y la responsabilidad social corporativa. Objetivos de Desarrollo Sostenible (ODS) 2023.","breadcrumb":{"@id":"https:\/\/fontfredapintures.com\/es\/responsabilidad-social-corporativa\/#breadcrumb"},"inLanguage":"es","potentialAction":[{"@type":"ReadAction","target":["https:\/\/fontfredapintures.com\/es\/responsabilidad-social-corporativa\/"]}]},{"@type":"ImageObject","inLanguage":"es","@id":"https:\/\/fontfredapintures.com\/es\/responsabilidad-social-corporativa\/#primaryimage","url":"https:\/\/fontfredapintures.com\/wp-content\/uploads\/2024\/03\/fontfreda-rsc-banner-cartro.jpg","contentUrl":"https:\/\/fontfredapintures.com\/wp-content\/uploads\/2024\/03\/fontfreda-rsc-banner-cartro.jpg"},{"@type":"BreadcrumbList","@id":"https:\/\/fontfredapintures.com\/es\/responsabilidad-social-corporativa\/#breadcrumb","itemListElement":[{"@type":"ListItem","position":1,"name":"Fontfreda","item":"https:\/\/fontfredapintures.com\/es\/"},{"@type":"ListItem","position":2,"name":"Responsabilidad Social Corporativa"}]},{"@type":"WebSite","@id":"https:\/\/fontfredapintures.com\/es\/#website","url":"https:\/\/fontfredapintures.com\/es\/","name":"Fontfreda Pintures","description":"Tienda online de pintura, decoraci\u00f3n y bellas artes","publisher":{"@id":"https:\/\/fontfredapintures.com\/es\/#organization"},"alternateName":"Pintures Fontfreda","potentialAction":[{"@type":"SearchAction","target":{"@type":"EntryPoint","urlTemplate":"https:\/\/fontfredapintures.com\/es\/?s={search_term_string}"},"query-input":{"@type":"PropertyValueSpecification","valueRequired":true,"valueName":"search_term_string"}}],"inLanguage":"es"},{"@type":"Organization","@id":"https:\/\/fontfredapintures.com\/es\/#organization","name":"Pintures Fontfreda","alternateName":"Fontfreda Pintures","url":"https:\/\/fontfredapintures.com\/es\/","logo":{"@type":"ImageObject","inLanguage":"es","@id":"https:\/\/fontfredapintures.com\/es\/#\/schema\/logo\/image\/","url":"https:\/\/fontfredapintures.com\/wp-content\/uploads\/2024\/04\/fontfreda-pintures-logo-yoast.jpg","contentUrl":"https:\/\/fontfredapintures.com\/wp-content\/uploads\/2024\/04\/fontfreda-pintures-logo-yoast.jpg","width":900,"height":600,"caption":"Pintures Fontfreda"},"image":{"@id":"https:\/\/fontfredapintures.com\/es\/#\/schema\/logo\/image\/"},"sameAs":["https:\/\/www.facebook.com\/fontfredapintures\/","https:\/\/www.instagram.com\/fontfredapintures\/","https:\/\/www.linkedin.com\/company\/fontfredapintures\/"]}]}},"_links":{"self":[{"href":"https:\/\/fontfredapintures.com\/es\/wp-json\/wp\/v2\/pages\/22621","targetHints":{"allow":["GET"]}}],"collection":[{"href":"https:\/\/fontfredapintures.com\/es\/wp-json\/wp\/v2\/pages"}],"about":[{"href":"https:\/\/fontfredapintures.com\/es\/wp-json\/wp\/v2\/types\/page"}],"author":[{"embeddable":true,"href":"https:\/\/fontfredapintures.com\/es\/wp-json\/wp\/v2\/users\/27"}],"replies":[{"embeddable":true,"href":"https:\/\/fontfredapintures.com\/es\/wp-json\/wp\/v2\/comments?post=22621"}],"version-history":[{"count":9,"href":"https:\/\/fontfredapintures.com\/es\/wp-json\/wp\/v2\/pages\/22621\/revisions"}],"predecessor-version":[{"id":54707,"href":"https:\/\/fontfredapintures.com\/es\/wp-json\/wp\/v2\/pages\/22621\/revisions\/54707"}],"wp:attachment":[{"href":"https:\/\/fontfredapintures.com\/es\/wp-json\/wp\/v2\/media?parent=22621"}],"curies":[{"name":"wp","href":"https:\/\/api.w.org\/{rel}","templated":true}]}}