{"id":1690,"date":"2022-09-14T07:53:51","date_gmt":"2022-09-14T05:53:51","guid":{"rendered":"https:\/\/fontfreda.atomic4dev.net\/avis-legal-i-condicions-generals-dus\/"},"modified":"2024-04-11T13:55:39","modified_gmt":"2024-04-11T11:55:39","slug":"aviso-legal","status":"publish","type":"page","link":"https:\/\/fontfredapintures.com\/es\/aviso-legal\/","title":{"rendered":"Aviso legal"},"content":{"rendered":"\n<p>Con el fin de cumplir con el art\u00edculo 10 de la Ley 34\/2002, de 11 de julio, de Servicios de la Sociedad de la Informaci\u00f3n y de Comercio Electr\u00f3nico, informamos a los usuarios de nuestros datos:<\/p>\n\n\n\n<p>Propietario\/Proveedor de Servicios: CARLES FONTFREDA, S.A.<br>Direcci\u00f3n: Av. Antoni Gaud\u00ed, 23, 17800 Olot (Girona) Espa\u00f1a<br>Registro Mercantil de Girona, tomo 505, libro 409, secci\u00f3n 3\u00aa, folio 130, hoja n\u00ba 7255 e inscripci\u00f3n 1\u00aa.<br>NIF: A-17098021<br>Tel\u00e9fono: 972 262 926<br>Correo electr\u00f3nico: info@fontfredapintures.com<br>Sitio web: https:\/\/www.fontfredapintures.com\/ <\/p>\n\n\n\n<div style=\"height:15px\" aria-hidden=\"true\" class=\"wp-block-spacer\"><\/div>\n\n\n\n<h2 class=\"wp-block-heading\">1. OBJETO<\/h2>\n\n\n\n<p>CARLES FONTFREDA, S.A. (en adelante tambi\u00e9n el prestador) como responsable del sitio web, pone este documento a disposici\u00f3n de los usuarios, que regula el uso del sitio web https:\/\/www.fontfredapintures.com\/, con el que pretendemos cumplir con las obligaciones establecidas en la Ley 34\/2002, de 11 de julio, de Servicios de la Sociedad de la Informaci\u00f3n y de Comercio Electr\u00f3nico (LSSICE o LSSI), as\u00ed como informar a todos los usuarios del sitio web sobre las condiciones de uso del sitio web.<\/p>\n\n\n\n<p>A trav\u00e9s de la web, CARLES FONTFREDA, S.A. proporciona a los usuarios acceso y uso de diferentes servicios y contenidos.<\/p>\n\n\n\n<p>Cualquier persona que acceda a este sitio web asume el papel de usuario (en adelante, el usuario), e implica la aceptaci\u00f3n plena y sin reservas de todas y cada una de las disposiciones incluidas en este aviso legal, as\u00ed como de cualquier otra disposici\u00f3n legal que pueda aplicarse.<\/p>\n\n\n\n<p>Como usuarios, deben leer atentamente el presente Aviso Legal en cualquiera de las ocasiones en que entren en la web, ya que puede sufrir modificaciones, pues el prestador se reserva el derecho de modificar cualquier tipo de informaci\u00f3n que pueda aparecer en la web, sin que exista obligaci\u00f3n de prenotificar o dar a conocer a los usuarios estas obligaciones, siendo suficiente la publicaci\u00f3n en el sitio web del prestador.<\/p>\n\n\n\n<div style=\"height:15px\" aria-hidden=\"true\" class=\"wp-block-spacer\"><\/div>\n\n\n\n<h2 class=\"wp-block-heading\">2. CONDICIONES DE ACCESO Y USO DE LA WEB<\/h2>\n\n\n\n<p><strong>2.1. Libre acceso y uso del sitio web<\/strong><br>La prestaci\u00f3n de servicios por parte de CARLES FONTFREDA, S.A. es gratuita para todos los Usuarios.<\/p>\n\n\n\n<p><strong>2.2. Registro de usuarios<\/strong><br>En general, el acceso a los contenidos y la navegaci\u00f3n por la web no requiere suscripci\u00f3n previa o registro de los Usuarios. En cualquier caso, para iniciar el proceso de compra de los productos o para consultar el estado de un pedido y llevar a cabo procedimientos a trav\u00e9s del sitio web en el pedido realizado, CARLES FONTFREDA, S.A. podr\u00e1 exigir la realizaci\u00f3n del correspondiente registro de usuario.<\/p>\n\n\n\n<p>Este registro se realizar\u00e1 de acuerdo con el formulario expresamente proporcionado en la propia secci\u00f3n de servicio.<\/p>\n\n\n\n<p><strong>2.3. Veracidad de la informaci\u00f3n<\/strong><br>Toda la informaci\u00f3n proporcionada por el Usuario debe ser veraz. A tal efecto, el Usuario garantiza la autenticidad de los datos comunicados a trav\u00e9s de los formularios para suscribirse a los servicios. Ser\u00e1 responsabilidad del Usuario mantener actualizada permanentemente toda la informaci\u00f3n facilitada a CARLES FONTFREDA, S.A. para que responda, en todo momento, a su situaci\u00f3n real. En cualquier caso, el Usuario ser\u00e1 el \u00fanico responsable de las declaraciones falsas o inexactas realizadas y de los da\u00f1os y perjuicios causados al prestador o a terceros.<\/p>\n\n\n\n<p><strong>2.4. Menores<\/strong><br>Para el uso de los servicios, los menores siempre deben obtener el consentimiento de los padres, tutores o representantes legales, en \u00faltima instancia responsables de todos los actos realizados por los menores a su cargo. La responsabilidad de determinar contenidos espec\u00edficos a los que acceden los menores corresponde a aquellos, por eso, si acceden a contenidos que no son apropiados en Internet, deben establecerse mecanismos en sus ordenadores, en particular programas inform\u00e1ticos, filtros y bloqueos, que permitan limitar los contenidos disponibles y, aunque no sean infalibles, sean de especial utilidad para controlar y restringir los materiales a los que pueden acceder los menores.<\/p>\n\n\n\n<p><strong>2.5. Obligaci\u00f3n de hacer un uso adecuado de la web<\/strong><br>El Usuario se compromete a utilizar la web de conformidad con la Ley y el presente Aviso Legal, as\u00ed como con la moral y las buenas costumbres. A tal efecto, el Usuario se abstendr\u00e1 de utilizar el sitio web con fines il\u00edcitos o prohibidos, perjudiciales para los derechos e intereses de terceros, o que de cualquier forma pueda da\u00f1ar, inutilizar, sobrecargar, impedir el uso normal de equipos inform\u00e1ticos o documentos, archivos y todo tipo de contenidos almacenados en cualquier equipo inform\u00e1tico del prestador.<\/p>\n\n\n\n<p>En particular, y a modo de ejemplo, pero no exhaustivo, el Usuario se compromete a no transmitir, difundir o poner a disposici\u00f3n de terceros informaci\u00f3n, datos, contenidos, mensajes, gr\u00e1ficos, dibujos, archivos de sonido o imagen, fotograf\u00edas, grabaciones, software y, en general, cualquier tipo de material que:<br>(a) es contrario, desprecia o socava los derechos fundamentales y las libertades p\u00fablicas reconocidos por la Constituci\u00f3n, en los tratados internacionales y otros reglamentos vigentes;<br>(b) induce, incita o promueve actos penales, degradantes, difamatorios, violentos o, en general, contrarios a la ley, la moral y el orden p\u00fablico;<br>(c) induce, incita o promueve acciones, actitudes o pensamientos discriminatorios basados en el sexo, la raza, la religi\u00f3n, las creencias, la edad o la condici\u00f3n;<br>(d) sea contrario al derecho al honor, a la intimidad personal o familiar o a la imagen de las personas;<br>(e) de cualquier manera da\u00f1ar la credibilidad del prestador o de terceros; y<br>(f) constituya publicidad ilegal, enga\u00f1osa o desleal.<\/p>\n\n\n\n<div style=\"height:15px\" aria-hidden=\"true\" class=\"wp-block-spacer\"><\/div>\n\n\n\n<h2 class=\"wp-block-heading\">3. EXCLUSI\u00d3N DE GARANT\u00cdAS Y RESPONSABILIDAD<\/h2>\n\n\n\n<p>El prestador est\u00e1 exento de cualquier responsabilidad derivada de la informaci\u00f3n publicada en nuestro sitio web, siempre que esta informaci\u00f3n haya sido manipulada o introducida por un tercero.<\/p>\n\n\n\n<p>Este sitio web ha sido revisado y probado para funcionar correctamente. En principio, el correcto funcionamiento puede garantizarse los 365 d\u00edas del a\u00f1o, las 24 horas del d\u00eda. Sin embargo, el prestador no descarta la posibilidad de ciertos errores de programaci\u00f3n, o causas de fuerza mayor, desastres naturales, huelgas o circunstancias similares que impidan el acceso al sitio web.<\/p>\n\n\n\n<p>CARLES FONTFREDA, S.A. no otorga ninguna garant\u00eda ni se hace responsable bajo ninguna circunstancia de los da\u00f1os y perjuicios de cualquier tipo que pudieran derivarse de la falta de disponibilidad, mantenimiento y funcionamiento efectivo del sitio web o de sus servicios y contenidos; de la existencia de virus, programas maliciosos o da\u00f1inos en los contenidos; del uso il\u00edcito, negligente, fraudulento o contrario al presente Aviso Legal y condiciones de uso; o de la falta de legalidad, calidad, fiabilidad, utilidad y disponibilidad de los servicios prestados por terceros y puestos a disposici\u00f3n de los usuarios en el sitio web.<\/p>\n\n\n\n<p>El proveedor no se hace responsable en ninguna circunstancia de los da\u00f1os y perjuicios que pudieran derivarse de la ilegalidad o el uso indebido de este sitio web.<\/p>\n\n\n\n<div style=\"height:15px\" aria-hidden=\"true\" class=\"wp-block-spacer\"><\/div>\n\n\n\n<h2 class=\"wp-block-heading\">4. COOKIES<\/h2>\n\n\n\n<p>El sitio web del proveedor puede utilizar cookies (peque\u00f1os archivos de informaci\u00f3n que el servidor env\u00eda al ordenador de la persona que accede a la p\u00e1gina). Para obtener m\u00e1s informaci\u00f3n, consulte nuestra Pol\u00edtica de cookies.<\/p>\n\n\n\n<div style=\"height:15px\" aria-hidden=\"true\" class=\"wp-block-spacer\"><\/div>\n\n\n\n<h2 class=\"wp-block-heading\">5. ENLACES<\/h2>\n\n\n\n<p>Desde el sitio web es posible que se redirige a los contenidos de terceros sitios web. Dado que desde la web no siempre podemos controlar los contenidos introducidos por terceros, CARLES FONTFREDA, S.A. no asume ninguna responsabilidad por dichos contenidos. En cualquier caso, el prestador declara que proceder\u00e1 a la retirada inmediata de cualquier contenido que pudiera contravenir la legislaci\u00f3n nacional o internacional, la moral o el orden p\u00fablico, procediendo a la retirada inmediata de la nueva direcci\u00f3n a estos sitios web, poniendo en conocimiento de las autoridades competentes el contenido en cuesti\u00f3n.<\/p>\n\n\n\n<p>El prestador no se hace responsable de la informaci\u00f3n y contenidos almacenados, a modo de ejemplo, pero no limitado, en foros, chats, generadores de blogs, comentarios, redes sociales o cualquier otro medio que permita a terceros publicar contenidos de forma independiente en el sitio web del prestador. Sin embargo, y en cumplimiento de las disposiciones del art. 11 y 16 de la LSSICE, el prestador se pone a disposici\u00f3n de todos los usuarios, autoridades y fuerzas de seguridad, y colabora activamente en la retirada o, en su caso, bloqueo de todos los contenidos que puedan afectar o contravenir el derecho nacional, o internacional, los derechos de terceros o la moral y el orden p\u00fablico. En el caso de que el usuario considere que puede haber alg\u00fan contenido que pueda ser susceptible de esta clasificaci\u00f3n, notif\u00edquelo inmediatamente al administrador del sitio web.<\/p>\n\n\n\n<div style=\"height:15px\" aria-hidden=\"true\" class=\"wp-block-spacer\"><\/div>\n\n\n\n<h2 class=\"wp-block-heading\">6. HIPERENLACES<\/h2>\n\n\n\n<p>Aquellas personas que se propongan establecer hiperenlaces entre su p\u00e1gina web y el sitio web deber\u00e1n observar y cumplir las siguientes condiciones:<br>\u2022 No ser\u00e1 necesaria autorizaci\u00f3n previa cuando el hiperenlace permita \u00fanicamente el acceso a la p\u00e1gina de inicio del sitio web en cuesti\u00f3n, pero no podr\u00e1 reproducirla de ninguna forma. Cualquier otra forma de hiperenlace requerir\u00e1 la autorizaci\u00f3n expresa e inequ\u00edvoca por escrito por parte de CARLES FONTFREDA, S.A.<br>\u2022 La p\u00e1gina web en la que se establezca el hiperenlace solo podr\u00e1 contener lo estrictamente necesario para identificar el destino del hiperenlace.<br>\u2022 La p\u00e1gina web en la que se establezca el hiperenlace no contendr\u00e1 informaciones o contenidos il\u00edcitos, contrarios a la moral y a las buenas costumbres generalmente aceptadas y al orden p\u00fablico, as\u00ed como tampoco contendr\u00e1 contenidos contrarios a cualesquiera derechos de terceros.<\/p>\n\n\n\n<p>\u2022 CARLES FONTFREDA, S.A. se reserva el derecho a bloquear los hiperenlaces dirigidos al sitio web que no cuenten con autorizaci\u00f3n expresa con car\u00e1cter previo aun cumpliendo con lo preceptuado en este punto de las condiciones generales.<\/p>\n\n\n\n<div style=\"height:15px\" aria-hidden=\"true\" class=\"wp-block-spacer\"><\/div>\n\n\n\n<h2 class=\"wp-block-heading\">7. PROTECCI\u00d3N DE DATOS PERSONALES<\/h2>\n\n\n\n<p>El prestador est\u00e1 profundamente comprometido con el cumplimiento de la normativa en materia de protecci\u00f3n de datos de car\u00e1cter personal y garantiza el pleno cumplimiento de las obligaciones establecidas, as\u00ed como la aplicaci\u00f3n de las medidas de seguridad establecidas en el Reglamento Europeo de Protecci\u00f3n de Datos y en la normativa espa\u00f1ola de protecci\u00f3n de datos. Para obtener m\u00e1s informaci\u00f3n, consulte nuestra Pol\u00edtica de privacidad.<\/p>\n\n\n\n<div style=\"height:15px\" aria-hidden=\"true\" class=\"wp-block-spacer\"><\/div>\n\n\n\n<h2 class=\"wp-block-heading\">8. PROPIEDAD INTELECTUAL E INDUSTRIAL<\/h2>\n\n\n\n<p>El sitio web, incluyendo a t\u00edtulo enunciativo, pero no limitado a la programaci\u00f3n, edici\u00f3n, compilaci\u00f3n y otros elementos necesarios para su funcionamiento, los dise\u00f1os, logotipos, textos, fotograf\u00edas y\/o gr\u00e1ficos son propiedad del prestador o, en su caso, cuentan con la licencia o autorizaci\u00f3n expresa por parte de los autores. Todos los contenidos del sitio web est\u00e1n debidamente protegidos por las normas de propiedad intelectual e industrial.<\/p>\n\n\n\n<p>Independientemente de la finalidad para la que fueron destinados, la reproducci\u00f3n total o parcial, el uso, la distribuci\u00f3n y la comunicaci\u00f3n p\u00fablica requieren autorizaci\u00f3n previa por escrito del prestador. Cualquier uso no autorizado previamente por el prestador se considerar\u00e1 una violaci\u00f3n grave de los derechos de propiedad intelectual o industrial del autor.<\/p>\n\n\n\n<p>Los dise\u00f1os, logotipos, textos y\/o gr\u00e1ficos ajenos al prestador y que puedan aparecer en el sitio web, pertenecen a sus respectivos propietarios, siendo ellos mismos responsables de cualquier posible controversia que pudiera surgir respecto de estos. En cualquier caso, el prestador cuenta con la autorizaci\u00f3n previa expresa de los mismos.<\/p>\n\n\n\n<p>El prestador reconoce a favor de sus titulares los correspondientes derechos de propiedad industrial e intelectual, sin implicar la menci\u00f3n o aparici\u00f3n en el sitio web, de la existencia de derechos o de cualquier responsabilidad del prestador sobre los mismos, ni apoyo, patrocinio o recomendaci\u00f3n por parte de \u00e9ste.<\/p>\n\n\n\n<p>Para realizar cualquier tipo de observaci\u00f3n sobre posibles vulneraciones de los derechos de propiedad intelectual o industrial, as\u00ed como sobre cualquiera de los contenidos del sitio web, puede hacerlo a trav\u00e9s del correo electr\u00f3nico anterior.<\/p>\n\n\n\n<div style=\"height:15px\" aria-hidden=\"true\" class=\"wp-block-spacer\"><\/div>\n\n\n\n<h2 class=\"wp-block-heading\">9. ACCIONES EN CASO DE INCUMPLIMIENTO<\/h2>\n\n\n\n<p>CARLES FONTFREDA, S.A. se reserva el derecho a ejercer cuantas acciones est\u00e9n disponibles en derecho para exigir las responsabilidades que se deriven del incumplimiento de cualquiera de las disposiciones de estas condiciones generales, pol\u00edtica de privacidad, pol\u00edtica de cookies o condiciones generales de contrataci\u00f3n del sitio web por parte del usuario.<\/p>\n\n\n\n<div style=\"height:15px\" aria-hidden=\"true\" class=\"wp-block-spacer\"><\/div>\n\n\n\n<h2 class=\"wp-block-heading\">10. NULIDAD PARCIAL<\/h2>\n\n\n\n<p>La declaraci\u00f3n de cualquiera de las cl\u00e1usulas contenidas en estas condiciones generales, pol\u00edtica de privacidad, pol\u00edtica de cookies o condiciones generales de contrataci\u00f3n como nula, inv\u00e1lida o ineficaz no afectar\u00e1 a la validez o eficacia de las restantes, que seguir\u00e1n siendo vinculantes entre las partes.<\/p>\n\n\n\n<div style=\"height:15px\" aria-hidden=\"true\" class=\"wp-block-spacer\"><\/div>\n\n\n\n<h2 class=\"wp-block-heading\">11. NOTIFICACIONES<\/h2>\n\n\n\n<p>A los efectos de practicar las oportunas notificaciones, CARLES FONTFREDA, S.A. designa como domicilio de contacto el especificado en el Aviso Legal.<\/p>\n\n\n\n<p>El correo electr\u00f3nico facilitado por el usuario durante el proceso de registro en el sitio web, ser\u00e1 el utilizado por CARLES FONTFREDA, S.A. a efectos de practicar notificaciones al usuario. El usuario est\u00e1 obligado a mantener debidamente actualizados los datos que a efectos de notificaciones se refieran en la presente cl\u00e1usula.<\/p>\n\n\n\n<p>Todas las notificaciones que efect\u00fae CARLES FONTFREDA, S.A. al usuario se considerar\u00e1n v\u00e1lidamente efectuadas si se han realizado empleando los datos y a trav\u00e9s de los medios anteriormente se\u00f1alados. CARLES FONTFREDA, S.A. no se responsabiliza de cualquier perjuicio que pudiere producirse por la vulneraci\u00f3n del usuario de su obligaci\u00f3n de mantenimiento actualizado de sus datos de contacto.&nbsp;<\/p>\n\n\n\n<div style=\"height:15px\" aria-hidden=\"true\" class=\"wp-block-spacer\"><\/div>\n\n\n\n<h2 class=\"wp-block-heading\">12. LEY APLICABLE Y JURISDICCI\u00d3N<\/h2>\n\n\n\n<p>Para la resoluci\u00f3n de controversias o cuestiones relacionadas con este sitio web o las actividades desarrolladas por ello, se aplicar\u00e1 la legislaci\u00f3n espa\u00f1ola, a la que se someten expresamente las partes, siendo competentes para la resoluci\u00f3n de todos los litigios derivados o relacionados con su uso los Juzgados y Tribunales de Olot.<br><\/p>\n","protected":false},"excerpt":{"rendered":"<p>Con el fin de cumplir con el art\u00edculo 10 de la Ley 34\/2002, de 11 de julio, de Servicios de<\/p>\n","protected":false},"author":26,"featured_media":0,"parent":0,"menu_order":0,"comment_status":"closed","ping_status":"closed","template":"","meta":{"footnotes":""},"class_list":["post-1690","page","type-page","status-publish","hentry"],"yoast_head":"<!-- This site is optimized with the Yoast SEO plugin v25.7 - https:\/\/yoast.com\/wordpress\/plugins\/seo\/ -->\n<title>Aviso legal - Fontfreda Pintures<\/title>\n<meta name=\"robots\" content=\"noindex, follow\" \/>\n<meta property=\"og:locale\" content=\"es_ES\" \/>\n<meta property=\"og:type\" content=\"article\" \/>\n<meta property=\"og:title\" content=\"Aviso legal - Fontfreda Pintures\" \/>\n<meta property=\"og:description\" content=\"Con el fin de cumplir con el art\u00edculo 10 de la Ley 34\/2002, de 11 de julio, de Servicios de\" \/>\n<meta property=\"og:url\" content=\"https:\/\/fontfredapintures.com\/es\/aviso-legal\/\" \/>\n<meta property=\"og:site_name\" content=\"Fontfreda Pintures\" \/>\n<meta property=\"article:publisher\" content=\"https:\/\/www.facebook.com\/fontfredapintures\/\" \/>\n<meta property=\"article:modified_time\" content=\"2024-04-11T11:55:39+00:00\" \/>\n<meta property=\"og:image\" content=\"https:\/\/fontfredapintures.com\/wp-content\/uploads\/2024\/04\/fontfreda-tienda-online-pinturas-decoracion.jpg\" \/>\n\t<meta property=\"og:image:width\" content=\"1200\" \/>\n\t<meta property=\"og:image:height\" content=\"800\" \/>\n\t<meta property=\"og:image:type\" content=\"image\/jpeg\" \/>\n<meta name=\"twitter:card\" content=\"summary_large_image\" \/>\n<meta name=\"twitter:label1\" content=\"Tiempo de lectura\" \/>\n\t<meta name=\"twitter:data1\" content=\"12 minutos\" \/>\n<script type=\"application\/ld+json\" class=\"yoast-schema-graph\">{\"@context\":\"https:\/\/schema.org\",\"@graph\":[{\"@type\":\"WebPage\",\"@id\":\"https:\/\/fontfredapintures.com\/es\/aviso-legal\/\",\"url\":\"https:\/\/fontfredapintures.com\/es\/aviso-legal\/\",\"name\":\"Aviso legal - Fontfreda Pintures\",\"isPartOf\":{\"@id\":\"https:\/\/fontfredapintures.com\/es\/#website\"},\"datePublished\":\"2022-09-14T05:53:51+00:00\",\"dateModified\":\"2024-04-11T11:55:39+00:00\",\"breadcrumb\":{\"@id\":\"https:\/\/fontfredapintures.com\/es\/aviso-legal\/#breadcrumb\"},\"inLanguage\":\"es\",\"potentialAction\":[{\"@type\":\"ReadAction\",\"target\":[\"https:\/\/fontfredapintures.com\/es\/aviso-legal\/\"]}]},{\"@type\":\"BreadcrumbList\",\"@id\":\"https:\/\/fontfredapintures.com\/es\/aviso-legal\/#breadcrumb\",\"itemListElement\":[{\"@type\":\"ListItem\",\"position\":1,\"name\":\"Fontfreda\",\"item\":\"https:\/\/fontfredapintures.com\/es\/\"},{\"@type\":\"ListItem\",\"position\":2,\"name\":\"Aviso legal\"}]},{\"@type\":\"WebSite\",\"@id\":\"https:\/\/fontfredapintures.com\/es\/#website\",\"url\":\"https:\/\/fontfredapintures.com\/es\/\",\"name\":\"Fontfreda Pintures\",\"description\":\"Tienda online de pintura, decoraci\u00f3n y bellas artes\",\"publisher\":{\"@id\":\"https:\/\/fontfredapintures.com\/es\/#organization\"},\"alternateName\":\"Pintures Fontfreda\",\"potentialAction\":[{\"@type\":\"SearchAction\",\"target\":{\"@type\":\"EntryPoint\",\"urlTemplate\":\"https:\/\/fontfredapintures.com\/es\/?s={search_term_string}\"},\"query-input\":{\"@type\":\"PropertyValueSpecification\",\"valueRequired\":true,\"valueName\":\"search_term_string\"}}],\"inLanguage\":\"es\"},{\"@type\":\"Organization\",\"@id\":\"https:\/\/fontfredapintures.com\/es\/#organization\",\"name\":\"Pintures Fontfreda\",\"alternateName\":\"Fontfreda Pintures\",\"url\":\"https:\/\/fontfredapintures.com\/es\/\",\"logo\":{\"@type\":\"ImageObject\",\"inLanguage\":\"es\",\"@id\":\"https:\/\/fontfredapintures.com\/es\/#\/schema\/logo\/image\/\",\"url\":\"https:\/\/fontfredapintures.com\/wp-content\/uploads\/2024\/04\/fontfreda-pintures-logo-yoast.jpg\",\"contentUrl\":\"https:\/\/fontfredapintures.com\/wp-content\/uploads\/2024\/04\/fontfreda-pintures-logo-yoast.jpg\",\"width\":900,\"height\":600,\"caption\":\"Pintures Fontfreda\"},\"image\":{\"@id\":\"https:\/\/fontfredapintures.com\/es\/#\/schema\/logo\/image\/\"},\"sameAs\":[\"https:\/\/www.facebook.com\/fontfredapintures\/\",\"https:\/\/www.instagram.com\/fontfredapintures\/\",\"https:\/\/www.linkedin.com\/company\/fontfredapintures\/\"]}]}<\/script>\n<!-- \/ Yoast SEO plugin. -->","yoast_head_json":{"title":"Aviso legal - Fontfreda Pintures","robots":{"index":"noindex","follow":"follow"},"og_locale":"es_ES","og_type":"article","og_title":"Aviso legal - Fontfreda Pintures","og_description":"Con el fin de cumplir con el art\u00edculo 10 de la Ley 34\/2002, de 11 de julio, de Servicios de","og_url":"https:\/\/fontfredapintures.com\/es\/aviso-legal\/","og_site_name":"Fontfreda Pintures","article_publisher":"https:\/\/www.facebook.com\/fontfredapintures\/","article_modified_time":"2024-04-11T11:55:39+00:00","og_image":[{"width":1200,"height":800,"url":"https:\/\/fontfredapintures.com\/wp-content\/uploads\/2024\/04\/fontfreda-tienda-online-pinturas-decoracion.jpg","type":"image\/jpeg"}],"twitter_card":"summary_large_image","twitter_misc":{"Tiempo de lectura":"12 minutos"},"schema":{"@context":"https:\/\/schema.org","@graph":[{"@type":"WebPage","@id":"https:\/\/fontfredapintures.com\/es\/aviso-legal\/","url":"https:\/\/fontfredapintures.com\/es\/aviso-legal\/","name":"Aviso legal - Fontfreda Pintures","isPartOf":{"@id":"https:\/\/fontfredapintures.com\/es\/#website"},"datePublished":"2022-09-14T05:53:51+00:00","dateModified":"2024-04-11T11:55:39+00:00","breadcrumb":{"@id":"https:\/\/fontfredapintures.com\/es\/aviso-legal\/#breadcrumb"},"inLanguage":"es","potentialAction":[{"@type":"ReadAction","target":["https:\/\/fontfredapintures.com\/es\/aviso-legal\/"]}]},{"@type":"BreadcrumbList","@id":"https:\/\/fontfredapintures.com\/es\/aviso-legal\/#breadcrumb","itemListElement":[{"@type":"ListItem","position":1,"name":"Fontfreda","item":"https:\/\/fontfredapintures.com\/es\/"},{"@type":"ListItem","position":2,"name":"Aviso legal"}]},{"@type":"WebSite","@id":"https:\/\/fontfredapintures.com\/es\/#website","url":"https:\/\/fontfredapintures.com\/es\/","name":"Fontfreda Pintures","description":"Tienda online de pintura, decoraci\u00f3n y bellas artes","publisher":{"@id":"https:\/\/fontfredapintures.com\/es\/#organization"},"alternateName":"Pintures Fontfreda","potentialAction":[{"@type":"SearchAction","target":{"@type":"EntryPoint","urlTemplate":"https:\/\/fontfredapintures.com\/es\/?s={search_term_string}"},"query-input":{"@type":"PropertyValueSpecification","valueRequired":true,"valueName":"search_term_string"}}],"inLanguage":"es"},{"@type":"Organization","@id":"https:\/\/fontfredapintures.com\/es\/#organization","name":"Pintures Fontfreda","alternateName":"Fontfreda Pintures","url":"https:\/\/fontfredapintures.com\/es\/","logo":{"@type":"ImageObject","inLanguage":"es","@id":"https:\/\/fontfredapintures.com\/es\/#\/schema\/logo\/image\/","url":"https:\/\/fontfredapintures.com\/wp-content\/uploads\/2024\/04\/fontfreda-pintures-logo-yoast.jpg","contentUrl":"https:\/\/fontfredapintures.com\/wp-content\/uploads\/2024\/04\/fontfreda-pintures-logo-yoast.jpg","width":900,"height":600,"caption":"Pintures Fontfreda"},"image":{"@id":"https:\/\/fontfredapintures.com\/es\/#\/schema\/logo\/image\/"},"sameAs":["https:\/\/www.facebook.com\/fontfredapintures\/","https:\/\/www.instagram.com\/fontfredapintures\/","https:\/\/www.linkedin.com\/company\/fontfredapintures\/"]}]}},"_links":{"self":[{"href":"https:\/\/fontfredapintures.com\/es\/wp-json\/wp\/v2\/pages\/1690","targetHints":{"allow":["GET"]}}],"collection":[{"href":"https:\/\/fontfredapintures.com\/es\/wp-json\/wp\/v2\/pages"}],"about":[{"href":"https:\/\/fontfredapintures.com\/es\/wp-json\/wp\/v2\/types\/page"}],"author":[{"embeddable":true,"href":"https:\/\/fontfredapintures.com\/es\/wp-json\/wp\/v2\/users\/26"}],"replies":[{"embeddable":true,"href":"https:\/\/fontfredapintures.com\/es\/wp-json\/wp\/v2\/comments?post=1690"}],"version-history":[{"count":2,"href":"https:\/\/fontfredapintures.com\/es\/wp-json\/wp\/v2\/pages\/1690\/revisions"}],"predecessor-version":[{"id":29735,"href":"https:\/\/fontfredapintures.com\/es\/wp-json\/wp\/v2\/pages\/1690\/revisions\/29735"}],"wp:attachment":[{"href":"https:\/\/fontfredapintures.com\/es\/wp-json\/wp\/v2\/media?parent=1690"}],"curies":[{"name":"wp","href":"https:\/\/api.w.org\/{rel}","templated":true}]}}