{"id":1674,"date":"2021-11-05T08:48:15","date_gmt":"2021-11-05T06:48:15","guid":{"rendered":"https:\/\/fontfreda.atomic4dev.net\/?page_id=1674"},"modified":"2024-04-10T09:16:51","modified_gmt":"2024-04-10T07:16:51","slug":"politica-privacidad","status":"publish","type":"page","link":"https:\/\/fontfredapintures.com\/es\/politica-privacidad\/","title":{"rendered":"Pol\u00edtica de privacidad"},"content":{"rendered":"\n\n\n<h2 class=\"wp-block-heading\">1. RESPONSABLE DEL TRATAMIENTO<\/h2>\n\n\n\n<p><strong>Identidad:<\/strong> CARLES FONTFREDA, S.A. (tambi\u00e9n el prestador)<\/p>\n\n\n\n<p><strong>NIF:<\/strong> A-17098021<\/p>\n\n\n\n<p><strong>Direcci\u00f3n postal:<\/strong> Av. Antoni Gaud\u00ed, 23, 17800 Olot (Girona) Espa\u00f1a.<\/p>\n\n\n\n<p><strong>Correo electr\u00f3nico:<\/strong> info@fontfredapintures.com<\/p>\n\n\n\n<p>CARLES FONTFREDA, S.A., en su calidad de responsable del Sitio Web, de conformidad con lo dispuesto en el Reglamento (UE) 2016\/679, de 27 de abril de 2016 (RGPD), relativo a la protecci\u00f3n de las personas f\u00edsicas en relaci\u00f3n con el tratamiento de datos personales y la libre circulaci\u00f3n de dichos datos y otras normativas vigentes en materia de protecci\u00f3n de datos personales, y por la Ley 34\/2002, de 11 de julio, de Servicios de la Sociedad de la Informaci\u00f3n y de Comercio Electr\u00f3nico (LSSICE), le informa que ha implementado las medidas de seguridad necesarias, de car\u00e1cter t\u00e9cnico y organizativo, para garantizar y proteger la confidencialidad, integridad y disponibilidad de los datos introducidos.<\/p>\n\n\n\n<div style=\"height:15px\" aria-hidden=\"true\" class=\"wp-block-spacer\"><\/div>\n\n\n\n<h2 class=\"wp-block-heading\">2. FINALIDAD DEL TRATAMIENTO<\/h2>\n\n\n\n<p>Sus datos personales solo se utilizar\u00e1n para los siguientes fines:<br>\u2022 Llevar a cabo los procedimientos comerciales y administrativos necesarios con los usuarios de la web;<br>\u2022 Enviar comunicaciones publicitarias comerciales por WhatsApp, correo electr\u00f3nico, SMS, MMS, comunidades sociales o cualquier otro medio electr\u00f3nico o f\u00edsico, en caso de que el Usuario haya dado su consentimiento expreso al env\u00edo de comunicaciones comerciales electr\u00f3nicamente mediante la suscripci\u00f3n a newsletter;<br>\u2022 Responder a las consultas y\/o proporcionar la informaci\u00f3n requerida por el Usuario;<br>\u2022 Realizar la prestaci\u00f3n de servicios y\/o productos contratados o suscritos por el Usuario;<br>\u2022 Gestionar sus compras online mediante el procesamiento de sus pedidos y devoluciones a trav\u00e9s de nuestros servicios online, enviarle notificaciones sobre el estado de la entrega o en caso de problema con el env\u00edo de los art\u00edculos, administrar sus pagos, gestionar cualquier queja o cuesti\u00f3n sobre la garant\u00eda de los productos o servicios, identificarle y validar su edad legal para contratar, as\u00ed como para y en su caso, la formulaci\u00f3n, ejercicio o la defensa de reclamaciones.<br>\u2022 Utilizar sus datos para ponerse en contacto con usted, tanto electr\u00f3nicamente como no electr\u00f3nicamente, para obtener su opini\u00f3n sobre el servicio prestado; y<br>\u2022 Notificarle cambios, desarrollos importantes de la pol\u00edtica de privacidad, aviso legal o pol\u00edtica de cookies.<\/p>\n\n\n\n<p>Puede revocar su consentimiento en cualquier momento enviando una carta con el asunto \u00abCancelar suscripci\u00f3n\u00bb a: info@fontfredapintures.com.<\/p>\n\n\n\n<p>Seg\u00fan la LSSICE, CARLES FONTFREDA, S.A. no realiza pr\u00e1cticas de SPAM, por lo tanto, no env\u00eda correos electr\u00f3nicos comerciales por correo electr\u00f3nico que no hayan sido previamente solicitados o autorizados por el Usuario. En consecuencia, en todas las comunicaciones que reciba del prestador, el usuario tiene la posibilidad de cancelar su consentimiento expreso para recibir nuestras comunicaciones.<\/p>\n\n\n\n<p>No trataremos sus datos personales para ning\u00fan otro prop\u00f3sito que los descritos excepto por obligaci\u00f3n legal o requisito judicial.<\/p>\n\n\n\n<p>Sus datos se conservar\u00e1n mientras dure la relaci\u00f3n comercial con nosotros o ejerza su derecho de cancelaci\u00f3n u oposici\u00f3n, o limitaci\u00f3n al tratamiento. Sin embargo, conservaremos ciertos datos personales de identificaci\u00f3n y tr\u00e1fico durante un per\u00edodo m\u00e1ximo de 2 a\u00f1os en el caso de que as\u00ed lo exijan los Jueces y Tribunales o para incoar acciones internas derivadas del uso indebido del sitio web. No ser\u00e1 objeto de decisiones basadas en tratamientos automatizados que produzcan efectos sobre sus datos.<\/p>\n\n\n\n<div style=\"height:15px\" aria-hidden=\"true\" class=\"wp-block-spacer\"><\/div>\n\n\n\n<h2 class=\"wp-block-heading\">3. LEGITIMACI\u00d3N DEL TRATAMIENTO<\/h2>\n\n\n\n<p>La base legal para el tratamiento de los datos es su consentimiento otorgado para llevar a cabo los fines descritos anteriormente, que ser\u00e1n solicitados en el momento de marcar la casilla correspondiente al recoger sus datos.<\/p>\n\n\n\n<p>No proporcionar los datos personales solicitados o no aceptar esta pol\u00edtica de protecci\u00f3n de datos implica la imposibilidad de suscribirse, registrar o recibir informaci\u00f3n sobre los productos y servicios del Proveedor.<\/p>\n\n\n\n<div style=\"height:15px\" aria-hidden=\"true\" class=\"wp-block-spacer\"><\/div>\n\n\n\n<h2 class=\"wp-block-heading\">4. DESTINATARIOS DE ASIGNACIONES O TRANSFERENCIAS<\/h2>\n\n\n\n<p>CARLES FONTFREDA, S.A. no lleva a cabo ninguna transferencia o comunicaci\u00f3n de datos ni dentro ni fuera de la UE con excepci\u00f3n de la empresa de transporte para hacer llegar los pedidos al domicilio que designe el interesado a tal efecto, as\u00ed como a los proveedores de los servicios de pago para gestionar las compras que se realizan a trav\u00e9s de la p\u00e1gina web.<\/p>\n\n\n\n<p>El prestador s\u00f3lo proporcionar\u00e1 informaci\u00f3n a las fuerzas y cuerpos de seguridad bajo orden judicial o por obligaci\u00f3n de una norma legal, sin perjuicio de poder bloquear o cancelar su cuenta si puede haber indicios de la comisi\u00f3n de cualquier delito por parte del usuario. La informaci\u00f3n facilitada s\u00f3lo ser\u00e1 proporcionada por el proveedor en este momento.<\/p>\n\n\n\n<p>La informaci\u00f3n que nos facilite tanto a trav\u00e9s de este sitio web como a trav\u00e9s de la aplicaci\u00f3n se alojar\u00e1 en los servidores de CARLES FONTFREDA, S.A. El tratamiento de los datos de esta entidad est\u00e1 regulado por un contrato encargado del tratamiento entre el prestador y esta empresa. En ning\u00fan caso este procesador externalizar\u00e1 servicios que impliquen cualquier procesamiento de datos por parte de terceros sin nuestro consentimiento previo.<\/p>\n\n\n\n<p>Opcionalmente, para la contrataci\u00f3n de servicios de computaci\u00f3n en la nube y\/o servicios para el env\u00edo de e-mails, de comunicaci\u00f3n, as\u00ed como otros servicios inform\u00e1ticos relacionados, los datos podr\u00e1n ser:<br>\u2022 Cedidos a empresas de servicios inform\u00e1ticos ubicadas dentro del Espacio Econ\u00f3mico Europeo (EEE) o,<br>\u2022 Transferidos a empresas de servicios inform\u00e1ticos ubicadas fuera del EEE acogidas al escudo de protecci\u00f3n Privacy Shield por lo que cuentan con medidas de protecci\u00f3n adecuadas para garantizar la seguridad de los datos personales. Puede obtener m\u00e1s informaci\u00f3n visitando este enlace: <a href=\"https:\/\/www.privacyshield.gov\/welcome\">https:\/\/www.privacyshield.gov\/welcome<\/a><\/p>\n\n\n\n<div style=\"height:15px\" aria-hidden=\"true\" class=\"wp-block-spacer\"><\/div>\n\n\n\n<h2 class=\"wp-block-heading\">5. DERECHOS DE LAS PARTES INTERESADAS<\/h2>\n\n\n\n<p>Como interesado por el usuario, puede solicitar el ejercicio de los siguientes derechos ante CARLES FONTFREDA, S.A. enviando una carta a la direcci\u00f3n postal de la cabecera o enviando un correo electr\u00f3nico a info@fontfredapintures.com, indicando como Asunto: \u00abLOPD, Derechos ARCO\u00bb, y adjuntando fotocopia de su DNI o cualquier medio similar en derecho, seg\u00fan lo indicado por la ley.<\/p>\n\n\n\n<p><strong>Derechos:<\/strong><br>\u2022 Derecho de acceso: permite al interesado confirmar si sus datos est\u00e1n siendo tratados o no y, en tal caso, derecho de acceso a los datos personales y a la siguiente informaci\u00f3n: los fines del tratamiento, las categor\u00edas de datos personales de que se trate, los destinatarios o las categor\u00edas de destinatarios a los que se comunicaron o ser\u00e1n comunicados los datos personales, plazo de conservaci\u00f3n o los criterios utilizados para determinar este plazo, etc.<br>\u2022 Derecho de rectificaci\u00f3n: permite modificar sus datos personales si son inexactos, incluyendo el derecho a completar datos que figuren incompletos. Hay que tener en cuenta que, al facilitarnos los datos personales por cualquier v\u00eda, garantiza que son ciertos y exactos y se compromete a notificarnos cualquier cambio o modificaci\u00f3n de estos. Por lo tanto, cualquier da\u00f1o causado por motivo de una comunicaci\u00f3n de informaci\u00f3n err\u00f3nea, inexacta o incompleta en los formularios de la web, ser\u00e1 responsabilidad exclusiva del interesado.<br>\u2022 Derecho de supresi\u00f3n: permite solicitar la supresi\u00f3n de sus datos personales cuando, entre otros supuestos, ya no son necesarios para la finalidad por la cual fueron recabados, o est\u00e1n siendo tratados de otro modo o retire el consentimiento. Hay que tener en cuenta que no proceder\u00e1 la supresi\u00f3n cuando el tratamiento de los datos personales sea necesario, entre otros supuestos, para el complimiento de las obligaciones legales o para la formulaci\u00f3n, el ejercicio o la defensa de reclamaciones.<br>\u2022 Derecho de cancelaci\u00f3n: permite eliminar datos inapropiados o excesivos.<br>\u2022 Derecho de oposici\u00f3n: derecho a oponerse al tratamiento de sus datos en base al inter\u00e9s leg\u00edtimo nuestro. No se tratar\u00e1n los datos a menos que se acrediten motivos leg\u00edtimos imperiosos para el tratamiento que prevalezcan sobre sus intereses, derechos y libertades, o bien para la formulaci\u00f3n, el ejercicio o la defensa de reclamaciones.<br>\u2022 Limitaci\u00f3n del tratamiento: implica el marcado de los datos personales conservados, solicitando la suspensi\u00f3n temporal de dicho tratamiento o con el fin de limitar su tratamiento futuro.<br>\u2022 Portabilidad de los datos: facilitaci\u00f3n del tratamiento de los datos al interesado, para que pueda transmitirlos a otra parte responsable, sin impedimentos.<br>\u2022 Derecho a no estar sujeto a decisiones individuales automatizadas (incluida la elaboraci\u00f3n de perfiles): el derecho a no estar sujeto a una decisi\u00f3n basada en un procesamiento automatizado que produzca efectos o afecte significativamente.<\/p>\n\n\n\n<p>Como usuario, tiene derecho a retirar el consentimiento prestado en cualquier momento. La retirada del consentimiento no afectar\u00e1 a la legalidad del tratamiento realizado antes de la retirada del consentimiento.<\/p>\n\n\n\n<p>Tambi\u00e9n tiene derecho a presentar una reclamaci\u00f3n ante la autoridad de control si considera que sus derechos pueden haber sido violados en relaci\u00f3n con la protecci\u00f3n de sus datos (agpd.es).<\/p>\n\n\n\n<div style=\"height:15px\" aria-hidden=\"true\" class=\"wp-block-spacer\"><\/div>\n\n\n\n<h2 class=\"wp-block-heading\">6. INFORMACI\u00d3N ADICIONAL<\/h2>\n\n\n\n<p>Informaci\u00f3n que recopilamos<br>Obtenemos la informaci\u00f3n m\u00ednima e indispensable a trav\u00e9s del formulario de registro. En este formulario proporcionar\u00e1 los siguientes datos: correo electr\u00f3nico, nombre y apellidos, NIF, direcci\u00f3n y n\u00famero de tel\u00e9fono de contacto.<\/p>\n\n\n\n<p>A trav\u00e9s de esta Pol\u00edtica de Privacidad le informamos que las fotograf\u00edas que se publican en la web son propiedad de CARLES FONTFREDA, S.A., incluidas las de menores, en las que, para obtenerlas, se ha obtenido el consentimiento previo de los padres, tutores o representantes legales mediante la firma de los formularios realizados a tal efecto por los centros en los que forman parte los menores. No obstante, los padres, tutores o representantes de menores, como titulares del ejercicio de sus derechos, y siempre previa solicitud formal por escrito, podr\u00e1n indicar la negativa a utilizar la imagen del menor; en este caso, la imagen se pixelar\u00e1.<\/p>\n\n\n\n<div style=\"height:15px\" aria-hidden=\"true\" class=\"wp-block-spacer\"><\/div>\n\n\n\n<h2 class=\"wp-block-heading\">7. REDES SOCIALES<\/h2>\n\n\n\n<p>Le informamos que CARLES FONTFREDA, S.A. puede tener presencia en las redes sociales. El tratamiento de los datos que se lleven a cabo de las personas que se conviertan en seguidores en las redes sociales (y\/o lleven a cabo cualquier enlace o acci\u00f3n de conexi\u00f3n a trav\u00e9s de las redes sociales) de las p\u00e1ginas oficiales de CARLES FONTFREDA, S.A. se regir\u00e1 por este apartado, as\u00ed como por aquellas condiciones de uso, pol\u00edticas de privacidad y normativas de acceso que pertenezcan a la red social que proceda en cada caso y previamente aceptadas por el usuario.<\/p>\n\n\n\n<p>CARLES FONTFREDA, S.A. tratar\u00e1 sus datos con el fin de gestionar correctamente su presencia en la red social, informarle de las actividades, productos o servicios del prestador, as\u00ed como para cualquier otro fin que permita la normativa de las Redes Sociales.<\/p>\n\n\n\n<p>Est\u00e1 prohibido publicar contenido:<br>\u2022 Que sean presuntamente ilegales por reglamentos nacionales, comunitarios o internacionales o que lleven a cabo actividades supuestamente ilegales o contravengan los principios de buena fe.<br>\u2022 Que vulneran los derechos fundamentales de las personas, la falta de cortes\u00eda en la red, molestan o pueden generar opiniones negativas en nuestros usuarios o terceros y en general cualquier contenido que el prestador considere inapropiado.<br>\u2022 Y, en general, que contravengan los principios de legalidad, honor, responsabilidad, protecci\u00f3n de la dignidad humana, protecci\u00f3n de los menores, protecci\u00f3n del orden p\u00fablico, protecci\u00f3n de la vida privada, protecci\u00f3n de los consumidores y derechos de propiedad intelectual e industrial.<\/p>\n\n\n\n<p>Asimismo, CARLES FONTFREDA, S.A. se reserva el derecho de retirar, sin previo aviso del sitio web o de la red social corporativa, cualquier contenido que se considere inapropiado.<\/p>\n\n\n\n<p>Las comunicaciones enviadas a trav\u00e9s de las redes sociales se incorporar\u00e1n a un fichero propiedad de CARLES FONTFREDA, S.A., pudiendo enviarle informaci\u00f3n de inter\u00e9s. En cualquier caso, si env\u00eda informaci\u00f3n personal a trav\u00e9s de la red social, CARLES FONTFREDA, S.A. quedar\u00e1 exenta de responsabilidad en relaci\u00f3n con las medidas de seguridad aplicables a esta plataforma debido al usuario, en caso de que desee conocerlas, consulte las correspondientes condiciones particulares de la red en cuesti\u00f3n.<\/p>\n\n\n\n<div style=\"height:15px\" aria-hidden=\"true\" class=\"wp-block-spacer\"><\/div>\n\n\n\n<h2 class=\"wp-block-heading\">8. MEDIDAS DE SEGURIDAD<\/h2>\n\n\n\n<p>Los datos que nos proporcione ser\u00e1n tratados de forma confidencial. El Proveedor ha adoptado todas las medidas t\u00e9cnicas y organizativas y todos los niveles de protecci\u00f3n necesarios para garantizar la seguridad en el tratamiento de los datos y evitar su alteraci\u00f3n, p\u00e9rdida, robo, tratamiento o acceso no autorizado, seg\u00fan el estado de la tecnolog\u00eda y la naturaleza de los datos<\/p>\n\n\n\n<p>almacenados. Tambi\u00e9n se garantiza que el procesamiento y registro en ficheros, programas, sistemas o equipos, locales y centros cumplen con los requisitos y condiciones de integridad y seguridad establecidos en la normativa vigente.<\/p>\n\n\n\n<div style=\"height:15px\" aria-hidden=\"true\" class=\"wp-block-spacer\"><\/div>\n\n\n\n<h2 class=\"wp-block-heading\">9. IDIOMA<\/h2>\n\n\n\n<p>El idioma aplicable a esta Pol\u00edtica de Privacidad es el espa\u00f1ol. Por lo tanto, si hay alguna contradicci\u00f3n en cualquiera de las versiones proporcionadas en otras lenguas, prevalecer\u00e1 la versi\u00f3n en espa\u00f1ol.<\/p>\n\n\n\n<div style=\"height:15px\" aria-hidden=\"true\" class=\"wp-block-spacer\"><\/div>\n\n\n\n<h2 class=\"wp-block-heading\">10. CAMBIOS A ESTA POL\u00cdTICA DE PRIVACIDAD<\/h2>\n\n\n\n<p>CARLES FONTFREDA, S.A. se reserva el derecho de modificar esta pol\u00edtica para adaptarla a la nueva legislaci\u00f3n o jurisprudencia.<\/p>\n\n\n\n<div style=\"height:15px\" aria-hidden=\"true\" class=\"wp-block-spacer\"><\/div>\n\n\n\n<h2 class=\"wp-block-heading\">11. LEGISLACI\u00d3N<\/h2>\n\n\n\n<p>En general, las relaciones entre CARLES FONTFREDA, S.A. y los Usuarios de sus servicios telem\u00e1ticos, presentes en este Sitio Web, est\u00e1n sujetas a la legislaci\u00f3n y jurisdicci\u00f3n espa\u00f1ola a la que se someten expresamente las partes, siendo competentes para la resoluci\u00f3n de todos los litigios derivados o relacionados con su uso los Juzgados y Tribunales de Olot.<\/p>\n\n\n\n<div style=\"height:15px\" aria-hidden=\"true\" class=\"wp-block-spacer\"><\/div>\n\n\n\n<h2 class=\"wp-block-heading\">12. POL\u00cdTICA PROGRAMA DE FIDELIZACI\u00d3N<\/h2>\n\n\n\n<p>Si aceptas formar parte del Club Fontfreda, est\u00e1s aceptando que tus datos facilitados sean utilizados para fines publicitarios y\/o comerciales respecto a nuestros productos.<\/p>\n","protected":false},"excerpt":{"rendered":"<p>1. RESPONSABLE DEL TRATAMIENTO Identidad: CARLES FONTFREDA, S.A. (tambi\u00e9n el prestador) NIF: A-17098021 Direcci\u00f3n postal: Av. Antoni Gaud\u00ed, 23, 17800<\/p>\n","protected":false},"author":26,"featured_media":0,"parent":0,"menu_order":0,"comment_status":"closed","ping_status":"open","template":"","meta":{"footnotes":""},"class_list":["post-1674","page","type-page","status-publish","hentry"],"yoast_head":"<!-- This site is optimized with the Yoast SEO plugin v25.7 - https:\/\/yoast.com\/wordpress\/plugins\/seo\/ -->\n<title>Pol\u00edtica de privacidad - Fontfreda Pintures<\/title>\n<meta name=\"robots\" content=\"noindex, follow\" \/>\n<meta property=\"og:locale\" content=\"es_ES\" \/>\n<meta property=\"og:type\" content=\"article\" \/>\n<meta property=\"og:title\" content=\"Pol\u00edtica de privacidad - Fontfreda Pintures\" \/>\n<meta property=\"og:description\" content=\"1. RESPONSABLE DEL TRATAMIENTO Identidad: CARLES FONTFREDA, S.A. (tambi\u00e9n el prestador) NIF: A-17098021 Direcci\u00f3n postal: Av. Antoni Gaud\u00ed, 23, 17800\" \/>\n<meta property=\"og:url\" content=\"https:\/\/fontfredapintures.com\/es\/politica-privacidad\/\" \/>\n<meta property=\"og:site_name\" content=\"Fontfreda Pintures\" \/>\n<meta property=\"article:publisher\" content=\"https:\/\/www.facebook.com\/fontfredapintures\/\" \/>\n<meta property=\"article:modified_time\" content=\"2024-04-10T07:16:51+00:00\" \/>\n<meta property=\"og:image\" content=\"https:\/\/fontfredapintures.com\/wp-content\/uploads\/2024\/04\/fontfreda-tienda-online-pinturas-decoracion.jpg\" \/>\n\t<meta property=\"og:image:width\" content=\"1200\" \/>\n\t<meta property=\"og:image:height\" content=\"800\" \/>\n\t<meta property=\"og:image:type\" content=\"image\/jpeg\" \/>\n<meta name=\"twitter:card\" content=\"summary_large_image\" \/>\n<meta name=\"twitter:label1\" content=\"Tiempo de lectura\" \/>\n\t<meta name=\"twitter:data1\" content=\"12 minutos\" \/>\n<script type=\"application\/ld+json\" class=\"yoast-schema-graph\">{\"@context\":\"https:\/\/schema.org\",\"@graph\":[{\"@type\":\"WebPage\",\"@id\":\"https:\/\/fontfredapintures.com\/es\/politica-privacidad\/\",\"url\":\"https:\/\/fontfredapintures.com\/es\/politica-privacidad\/\",\"name\":\"Pol\u00edtica de privacidad - Fontfreda Pintures\",\"isPartOf\":{\"@id\":\"https:\/\/fontfredapintures.com\/es\/#website\"},\"datePublished\":\"2021-11-05T06:48:15+00:00\",\"dateModified\":\"2024-04-10T07:16:51+00:00\",\"breadcrumb\":{\"@id\":\"https:\/\/fontfredapintures.com\/es\/politica-privacidad\/#breadcrumb\"},\"inLanguage\":\"es\",\"potentialAction\":[{\"@type\":\"ReadAction\",\"target\":[\"https:\/\/fontfredapintures.com\/es\/politica-privacidad\/\"]}]},{\"@type\":\"BreadcrumbList\",\"@id\":\"https:\/\/fontfredapintures.com\/es\/politica-privacidad\/#breadcrumb\",\"itemListElement\":[{\"@type\":\"ListItem\",\"position\":1,\"name\":\"Fontfreda\",\"item\":\"https:\/\/fontfredapintures.com\/es\/\"},{\"@type\":\"ListItem\",\"position\":2,\"name\":\"Pol\u00edtica de privacidad\"}]},{\"@type\":\"WebSite\",\"@id\":\"https:\/\/fontfredapintures.com\/es\/#website\",\"url\":\"https:\/\/fontfredapintures.com\/es\/\",\"name\":\"Fontfreda Pintures\",\"description\":\"Tienda online de pintura, decoraci\u00f3n y bellas artes\",\"publisher\":{\"@id\":\"https:\/\/fontfredapintures.com\/es\/#organization\"},\"alternateName\":\"Pintures Fontfreda\",\"potentialAction\":[{\"@type\":\"SearchAction\",\"target\":{\"@type\":\"EntryPoint\",\"urlTemplate\":\"https:\/\/fontfredapintures.com\/es\/?s={search_term_string}\"},\"query-input\":{\"@type\":\"PropertyValueSpecification\",\"valueRequired\":true,\"valueName\":\"search_term_string\"}}],\"inLanguage\":\"es\"},{\"@type\":\"Organization\",\"@id\":\"https:\/\/fontfredapintures.com\/es\/#organization\",\"name\":\"Pintures Fontfreda\",\"alternateName\":\"Fontfreda Pintures\",\"url\":\"https:\/\/fontfredapintures.com\/es\/\",\"logo\":{\"@type\":\"ImageObject\",\"inLanguage\":\"es\",\"@id\":\"https:\/\/fontfredapintures.com\/es\/#\/schema\/logo\/image\/\",\"url\":\"https:\/\/fontfredapintures.com\/wp-content\/uploads\/2024\/04\/fontfreda-pintures-logo-yoast.jpg\",\"contentUrl\":\"https:\/\/fontfredapintures.com\/wp-content\/uploads\/2024\/04\/fontfreda-pintures-logo-yoast.jpg\",\"width\":900,\"height\":600,\"caption\":\"Pintures Fontfreda\"},\"image\":{\"@id\":\"https:\/\/fontfredapintures.com\/es\/#\/schema\/logo\/image\/\"},\"sameAs\":[\"https:\/\/www.facebook.com\/fontfredapintures\/\",\"https:\/\/www.instagram.com\/fontfredapintures\/\",\"https:\/\/www.linkedin.com\/company\/fontfredapintures\/\"]}]}<\/script>\n<!-- \/ Yoast SEO plugin. -->","yoast_head_json":{"title":"Pol\u00edtica de privacidad - Fontfreda Pintures","robots":{"index":"noindex","follow":"follow"},"og_locale":"es_ES","og_type":"article","og_title":"Pol\u00edtica de privacidad - Fontfreda Pintures","og_description":"1. RESPONSABLE DEL TRATAMIENTO Identidad: CARLES FONTFREDA, S.A. (tambi\u00e9n el prestador) NIF: A-17098021 Direcci\u00f3n postal: Av. Antoni Gaud\u00ed, 23, 17800","og_url":"https:\/\/fontfredapintures.com\/es\/politica-privacidad\/","og_site_name":"Fontfreda Pintures","article_publisher":"https:\/\/www.facebook.com\/fontfredapintures\/","article_modified_time":"2024-04-10T07:16:51+00:00","og_image":[{"width":1200,"height":800,"url":"https:\/\/fontfredapintures.com\/wp-content\/uploads\/2024\/04\/fontfreda-tienda-online-pinturas-decoracion.jpg","type":"image\/jpeg"}],"twitter_card":"summary_large_image","twitter_misc":{"Tiempo de lectura":"12 minutos"},"schema":{"@context":"https:\/\/schema.org","@graph":[{"@type":"WebPage","@id":"https:\/\/fontfredapintures.com\/es\/politica-privacidad\/","url":"https:\/\/fontfredapintures.com\/es\/politica-privacidad\/","name":"Pol\u00edtica de privacidad - Fontfreda Pintures","isPartOf":{"@id":"https:\/\/fontfredapintures.com\/es\/#website"},"datePublished":"2021-11-05T06:48:15+00:00","dateModified":"2024-04-10T07:16:51+00:00","breadcrumb":{"@id":"https:\/\/fontfredapintures.com\/es\/politica-privacidad\/#breadcrumb"},"inLanguage":"es","potentialAction":[{"@type":"ReadAction","target":["https:\/\/fontfredapintures.com\/es\/politica-privacidad\/"]}]},{"@type":"BreadcrumbList","@id":"https:\/\/fontfredapintures.com\/es\/politica-privacidad\/#breadcrumb","itemListElement":[{"@type":"ListItem","position":1,"name":"Fontfreda","item":"https:\/\/fontfredapintures.com\/es\/"},{"@type":"ListItem","position":2,"name":"Pol\u00edtica de privacidad"}]},{"@type":"WebSite","@id":"https:\/\/fontfredapintures.com\/es\/#website","url":"https:\/\/fontfredapintures.com\/es\/","name":"Fontfreda Pintures","description":"Tienda online de pintura, decoraci\u00f3n y bellas artes","publisher":{"@id":"https:\/\/fontfredapintures.com\/es\/#organization"},"alternateName":"Pintures Fontfreda","potentialAction":[{"@type":"SearchAction","target":{"@type":"EntryPoint","urlTemplate":"https:\/\/fontfredapintures.com\/es\/?s={search_term_string}"},"query-input":{"@type":"PropertyValueSpecification","valueRequired":true,"valueName":"search_term_string"}}],"inLanguage":"es"},{"@type":"Organization","@id":"https:\/\/fontfredapintures.com\/es\/#organization","name":"Pintures Fontfreda","alternateName":"Fontfreda Pintures","url":"https:\/\/fontfredapintures.com\/es\/","logo":{"@type":"ImageObject","inLanguage":"es","@id":"https:\/\/fontfredapintures.com\/es\/#\/schema\/logo\/image\/","url":"https:\/\/fontfredapintures.com\/wp-content\/uploads\/2024\/04\/fontfreda-pintures-logo-yoast.jpg","contentUrl":"https:\/\/fontfredapintures.com\/wp-content\/uploads\/2024\/04\/fontfreda-pintures-logo-yoast.jpg","width":900,"height":600,"caption":"Pintures Fontfreda"},"image":{"@id":"https:\/\/fontfredapintures.com\/es\/#\/schema\/logo\/image\/"},"sameAs":["https:\/\/www.facebook.com\/fontfredapintures\/","https:\/\/www.instagram.com\/fontfredapintures\/","https:\/\/www.linkedin.com\/company\/fontfredapintures\/"]}]}},"_links":{"self":[{"href":"https:\/\/fontfredapintures.com\/es\/wp-json\/wp\/v2\/pages\/1674","targetHints":{"allow":["GET"]}}],"collection":[{"href":"https:\/\/fontfredapintures.com\/es\/wp-json\/wp\/v2\/pages"}],"about":[{"href":"https:\/\/fontfredapintures.com\/es\/wp-json\/wp\/v2\/types\/page"}],"author":[{"embeddable":true,"href":"https:\/\/fontfredapintures.com\/es\/wp-json\/wp\/v2\/users\/26"}],"replies":[{"embeddable":true,"href":"https:\/\/fontfredapintures.com\/es\/wp-json\/wp\/v2\/comments?post=1674"}],"version-history":[{"count":2,"href":"https:\/\/fontfredapintures.com\/es\/wp-json\/wp\/v2\/pages\/1674\/revisions"}],"predecessor-version":[{"id":29645,"href":"https:\/\/fontfredapintures.com\/es\/wp-json\/wp\/v2\/pages\/1674\/revisions\/29645"}],"wp:attachment":[{"href":"https:\/\/fontfredapintures.com\/es\/wp-json\/wp\/v2\/media?parent=1674"}],"curies":[{"name":"wp","href":"https:\/\/api.w.org\/{rel}","templated":true}]}}