{"id":61490,"date":"2025-08-22T10:01:40","date_gmt":"2025-08-22T08:01:40","guid":{"rendered":"https:\/\/fontfredapintures.com\/producte\/scare-bug-biocide-10ml\/"},"modified":"2025-08-23T01:31:57","modified_gmt":"2025-08-22T23:31:57","slug":"scare-bug-biocide-10ml","status":"publish","type":"product","link":"https:\/\/fontfredapintures.com\/en\/product\/scare-bug-biocide-10ml\/","title":{"rendered":"Scare Bug Biocide 10ml"},"content":{"rendered":"<p>The Scare Bug Biocide 10ml is an emulsifiable concentrate specially designed for the effective control of both flying and crawling insects. Unlike traditional products, it contains no chemical insecticides; instead, it acts through a physical mechanism, forming a thin film that envelops and suffocates the insect instantly.<br \/>\nIts film-forming properties ensure immediate effectiveness upon contact. Additionally, it works as an insecticide synergizer, reducing the required doses by 30\u201350%, making pest control more efficient, economical, and environmentally conscious.<br \/>\nEasy to use by fine spraying or cold fogging, Scare Bug offers a safe, innovative, and reliable solution for professional pest control.<\/p>\n","protected":false},"excerpt":{"rendered":"<p>El Biocida Scare Bug 10ml es un concentrado l\u00edquido emulsionable dise\u00f1ado para combatir insectos voladores y rastreros de manera segura y eficaz. No contiene insecticidas qu\u00edmicos, sino que act\u00faa mediante un m\u00e9todo f\u00edsico: al entrar en contacto con la diluci\u00f3n, el insecto queda envuelto en un microfilm que lo asfixia de forma inmediata.<br \/>\nGracias a su acci\u00f3n film\u00f3gena, este producto garantiza resultados r\u00e1pidos y efectivos. Adem\u00e1s, funciona como sinergizante de insecticidas, lo que permite reducir las dosis habituales entre un 30% y un 50%, optimizando recursos y reduciendo impacto ambiental.<br \/>\nDe f\u00e1cil aplicaci\u00f3n mediante pulverizaci\u00f3n fina o nebulizaci\u00f3n, el Scare Bug es una soluci\u00f3n innovadora, eficaz y respetuosa para el control de plagas.<\/p>\n","protected":false},"featured_media":61486,"comment_status":"open","ping_status":"closed","template":"","meta":[],"product_brand":[],"product_cat":[1941,2009,957],"product_tag":[],"class_list":{"0":"post-61490","1":"product","2":"type-product","3":"status-publish","4":"has-post-thumbnail","6":"product_cat-industrial-cleaning","7":"product_cat-insecticides-and-rodenticides","8":"product_cat-drugstore","9":"pa_brand-pba-en","11":"first","12":"instock","13":"sale","14":"taxable","15":"shipping-taxable","16":"purchasable","17":"product-type-simple"},"group_of_quantity":0,"min_quantity":0,"max_quantity":"","exclude_order_quantity_value_rules":"no","exclude_category_quantity_rules":"no","combine_variations":"no","yoast_head":"<!-- This site is optimized with the Yoast SEO plugin v25.7 - https:\/\/yoast.com\/wordpress\/plugins\/seo\/ -->\n<title>Scare Bug Biocide 10ml - Fontfreda Pintures<\/title>\n<meta name=\"description\" content=\"Buy Scare Bug 10ml from Bio Environmental Prevention, an insecticide-free biocide for flying and crawling insects. Safe, effective, and sustainable.\" \/>\n<meta name=\"robots\" content=\"index, follow, max-snippet:-1, max-image-preview:large, max-video-preview:-1\" \/>\n<link rel=\"canonical\" href=\"https:\/\/fontfredapintures.com\/en\/product\/scare-bug-biocide-10ml\/\" \/>\n<meta property=\"og:locale\" content=\"en_US\" \/>\n<meta property=\"og:type\" content=\"article\" \/>\n<meta property=\"og:title\" content=\"Scare Bug Biocide 10ml - Fontfreda Pintures\" \/>\n<meta property=\"og:description\" content=\"Buy Scare Bug 10ml from Bio Environmental Prevention, an insecticide-free biocide for flying and crawling insects. Safe, effective, and sustainable.\" \/>\n<meta property=\"og:url\" content=\"https:\/\/fontfredapintures.com\/en\/product\/scare-bug-biocide-10ml\/\" \/>\n<meta property=\"og:site_name\" content=\"Fontfreda Pintures\" \/>\n<meta property=\"article:publisher\" content=\"https:\/\/www.facebook.com\/fontfredapintures\/\" \/>\n<meta property=\"article:modified_time\" content=\"2025-08-22T23:31:57+00:00\" \/>\n<meta property=\"og:image\" content=\"https:\/\/fontfredapintures.com\/wp-content\/uploads\/2025\/08\/43900016_3384.png\" \/>\n\t<meta property=\"og:image:width\" content=\"1000\" \/>\n\t<meta property=\"og:image:height\" content=\"1143\" \/>\n\t<meta property=\"og:image:type\" content=\"image\/png\" \/>\n<meta name=\"twitter:card\" content=\"summary_large_image\" \/>\n<meta name=\"twitter:label1\" content=\"Est. reading time\" \/>\n\t<meta name=\"twitter:data1\" content=\"1 minute\" \/>\n<script type=\"application\/ld+json\" class=\"yoast-schema-graph\">{\"@context\":\"https:\/\/schema.org\",\"@graph\":[{\"@type\":\"WebPage\",\"@id\":\"https:\/\/fontfredapintures.com\/en\/product\/scare-bug-biocide-10ml\/\",\"url\":\"https:\/\/fontfredapintures.com\/en\/product\/scare-bug-biocide-10ml\/\",\"name\":\"Scare Bug Biocide 10ml - Fontfreda Pintures\",\"isPartOf\":{\"@id\":\"https:\/\/fontfredapintures.com\/en\/#website\"},\"primaryImageOfPage\":{\"@id\":\"https:\/\/fontfredapintures.com\/en\/product\/scare-bug-biocide-10ml\/#primaryimage\"},\"image\":{\"@id\":\"https:\/\/fontfredapintures.com\/en\/product\/scare-bug-biocide-10ml\/#primaryimage\"},\"thumbnailUrl\":\"https:\/\/fontfredapintures.com\/wp-content\/uploads\/2025\/08\/43900016_3384.png\",\"datePublished\":\"2025-08-22T08:01:40+00:00\",\"dateModified\":\"2025-08-22T23:31:57+00:00\",\"description\":\"Buy Scare Bug 10ml from Bio Environmental Prevention, an insecticide-free biocide for flying and crawling insects. Safe, effective, and sustainable.\",\"breadcrumb\":{\"@id\":\"https:\/\/fontfredapintures.com\/en\/product\/scare-bug-biocide-10ml\/#breadcrumb\"},\"inLanguage\":\"en-US\",\"potentialAction\":[{\"@type\":\"ReadAction\",\"target\":[\"https:\/\/fontfredapintures.com\/en\/product\/scare-bug-biocide-10ml\/\"]}]},{\"@type\":\"ImageObject\",\"inLanguage\":\"en-US\",\"@id\":\"https:\/\/fontfredapintures.com\/en\/product\/scare-bug-biocide-10ml\/#primaryimage\",\"url\":\"https:\/\/fontfredapintures.com\/wp-content\/uploads\/2025\/08\/43900016_3384.png\",\"contentUrl\":\"https:\/\/fontfredapintures.com\/wp-content\/uploads\/2025\/08\/43900016_3384.png\",\"width\":1000,\"height\":1143,\"caption\":\"Biocida Scare Bug 10ml\"},{\"@type\":\"BreadcrumbList\",\"@id\":\"https:\/\/fontfredapintures.com\/en\/product\/scare-bug-biocide-10ml\/#breadcrumb\",\"itemListElement\":[{\"@type\":\"ListItem\",\"position\":1,\"name\":\"Fontfreda\",\"item\":\"https:\/\/fontfredapintures.com\/en\/\"},{\"@type\":\"ListItem\",\"position\":2,\"name\":\"Shop\",\"item\":\"https:\/\/fontfredapintures.com\/en\/shop\/\"},{\"@type\":\"ListItem\",\"position\":3,\"name\":\"Scare Bug Biocide 10ml\"}]},{\"@type\":\"WebSite\",\"@id\":\"https:\/\/fontfredapintures.com\/en\/#website\",\"url\":\"https:\/\/fontfredapintures.com\/en\/\",\"name\":\"Fontfreda Pintures\",\"description\":\"Online shop for painting, decoration and fine arts\",\"publisher\":{\"@id\":\"https:\/\/fontfredapintures.com\/en\/#organization\"},\"alternateName\":\"Pintures Fontfreda\",\"potentialAction\":[{\"@type\":\"SearchAction\",\"target\":{\"@type\":\"EntryPoint\",\"urlTemplate\":\"https:\/\/fontfredapintures.com\/en\/?s={search_term_string}\"},\"query-input\":{\"@type\":\"PropertyValueSpecification\",\"valueRequired\":true,\"valueName\":\"search_term_string\"}}],\"inLanguage\":\"en-US\"},{\"@type\":\"Organization\",\"@id\":\"https:\/\/fontfredapintures.com\/en\/#organization\",\"name\":\"Pintures Fontfreda\",\"alternateName\":\"Fontfreda Pintures\",\"url\":\"https:\/\/fontfredapintures.com\/en\/\",\"logo\":{\"@type\":\"ImageObject\",\"inLanguage\":\"en-US\",\"@id\":\"https:\/\/fontfredapintures.com\/en\/#\/schema\/logo\/image\/\",\"url\":\"https:\/\/fontfredapintures.com\/wp-content\/uploads\/2024\/04\/fontfreda-pintures-logo-yoast.jpg\",\"contentUrl\":\"https:\/\/fontfredapintures.com\/wp-content\/uploads\/2024\/04\/fontfreda-pintures-logo-yoast.jpg\",\"width\":900,\"height\":600,\"caption\":\"Pintures Fontfreda\"},\"image\":{\"@id\":\"https:\/\/fontfredapintures.com\/en\/#\/schema\/logo\/image\/\"},\"sameAs\":[\"https:\/\/www.facebook.com\/fontfredapintures\/\",\"https:\/\/www.instagram.com\/fontfredapintures\/\",\"https:\/\/www.linkedin.com\/company\/fontfredapintures\/\"]}]}<\/script>\n<!-- \/ Yoast SEO plugin. -->","yoast_head_json":{"title":"Scare Bug Biocide 10ml - Fontfreda Pintures","description":"Buy Scare Bug 10ml from Bio Environmental Prevention, an insecticide-free biocide for flying and crawling insects. Safe, effective, and sustainable.","robots":{"index":"index","follow":"follow","max-snippet":"max-snippet:-1","max-image-preview":"max-image-preview:large","max-video-preview":"max-video-preview:-1"},"canonical":"https:\/\/fontfredapintures.com\/en\/product\/scare-bug-biocide-10ml\/","og_locale":"en_US","og_type":"article","og_title":"Scare Bug Biocide 10ml - Fontfreda Pintures","og_description":"Buy Scare Bug 10ml from Bio Environmental Prevention, an insecticide-free biocide for flying and crawling insects. Safe, effective, and sustainable.","og_url":"https:\/\/fontfredapintures.com\/en\/product\/scare-bug-biocide-10ml\/","og_site_name":"Fontfreda Pintures","article_publisher":"https:\/\/www.facebook.com\/fontfredapintures\/","article_modified_time":"2025-08-22T23:31:57+00:00","og_image":[{"width":1000,"height":1143,"url":"https:\/\/fontfredapintures.com\/wp-content\/uploads\/2025\/08\/43900016_3384.png","type":"image\/png"}],"twitter_card":"summary_large_image","twitter_misc":{"Est. reading time":"1 minute"},"schema":{"@context":"https:\/\/schema.org","@graph":[{"@type":"WebPage","@id":"https:\/\/fontfredapintures.com\/en\/product\/scare-bug-biocide-10ml\/","url":"https:\/\/fontfredapintures.com\/en\/product\/scare-bug-biocide-10ml\/","name":"Scare Bug Biocide 10ml - Fontfreda Pintures","isPartOf":{"@id":"https:\/\/fontfredapintures.com\/en\/#website"},"primaryImageOfPage":{"@id":"https:\/\/fontfredapintures.com\/en\/product\/scare-bug-biocide-10ml\/#primaryimage"},"image":{"@id":"https:\/\/fontfredapintures.com\/en\/product\/scare-bug-biocide-10ml\/#primaryimage"},"thumbnailUrl":"https:\/\/fontfredapintures.com\/wp-content\/uploads\/2025\/08\/43900016_3384.png","datePublished":"2025-08-22T08:01:40+00:00","dateModified":"2025-08-22T23:31:57+00:00","description":"Buy Scare Bug 10ml from Bio Environmental Prevention, an insecticide-free biocide for flying and crawling insects. Safe, effective, and sustainable.","breadcrumb":{"@id":"https:\/\/fontfredapintures.com\/en\/product\/scare-bug-biocide-10ml\/#breadcrumb"},"inLanguage":"en-US","potentialAction":[{"@type":"ReadAction","target":["https:\/\/fontfredapintures.com\/en\/product\/scare-bug-biocide-10ml\/"]}]},{"@type":"ImageObject","inLanguage":"en-US","@id":"https:\/\/fontfredapintures.com\/en\/product\/scare-bug-biocide-10ml\/#primaryimage","url":"https:\/\/fontfredapintures.com\/wp-content\/uploads\/2025\/08\/43900016_3384.png","contentUrl":"https:\/\/fontfredapintures.com\/wp-content\/uploads\/2025\/08\/43900016_3384.png","width":1000,"height":1143,"caption":"Biocida Scare Bug 10ml"},{"@type":"BreadcrumbList","@id":"https:\/\/fontfredapintures.com\/en\/product\/scare-bug-biocide-10ml\/#breadcrumb","itemListElement":[{"@type":"ListItem","position":1,"name":"Fontfreda","item":"https:\/\/fontfredapintures.com\/en\/"},{"@type":"ListItem","position":2,"name":"Shop","item":"https:\/\/fontfredapintures.com\/en\/shop\/"},{"@type":"ListItem","position":3,"name":"Scare Bug Biocide 10ml"}]},{"@type":"WebSite","@id":"https:\/\/fontfredapintures.com\/en\/#website","url":"https:\/\/fontfredapintures.com\/en\/","name":"Fontfreda Pintures","description":"Online shop for painting, decoration and fine arts","publisher":{"@id":"https:\/\/fontfredapintures.com\/en\/#organization"},"alternateName":"Pintures Fontfreda","potentialAction":[{"@type":"SearchAction","target":{"@type":"EntryPoint","urlTemplate":"https:\/\/fontfredapintures.com\/en\/?s={search_term_string}"},"query-input":{"@type":"PropertyValueSpecification","valueRequired":true,"valueName":"search_term_string"}}],"inLanguage":"en-US"},{"@type":"Organization","@id":"https:\/\/fontfredapintures.com\/en\/#organization","name":"Pintures Fontfreda","alternateName":"Fontfreda Pintures","url":"https:\/\/fontfredapintures.com\/en\/","logo":{"@type":"ImageObject","inLanguage":"en-US","@id":"https:\/\/fontfredapintures.com\/en\/#\/schema\/logo\/image\/","url":"https:\/\/fontfredapintures.com\/wp-content\/uploads\/2024\/04\/fontfreda-pintures-logo-yoast.jpg","contentUrl":"https:\/\/fontfredapintures.com\/wp-content\/uploads\/2024\/04\/fontfreda-pintures-logo-yoast.jpg","width":900,"height":600,"caption":"Pintures Fontfreda"},"image":{"@id":"https:\/\/fontfredapintures.com\/en\/#\/schema\/logo\/image\/"},"sameAs":["https:\/\/www.facebook.com\/fontfredapintures\/","https:\/\/www.instagram.com\/fontfredapintures\/","https:\/\/www.linkedin.com\/company\/fontfredapintures\/"]}]}},"_links":{"self":[{"href":"https:\/\/fontfredapintures.com\/en\/wp-json\/wp\/v2\/product\/61490","targetHints":{"allow":["GET"]}}],"collection":[{"href":"https:\/\/fontfredapintures.com\/en\/wp-json\/wp\/v2\/product"}],"about":[{"href":"https:\/\/fontfredapintures.com\/en\/wp-json\/wp\/v2\/types\/product"}],"replies":[{"embeddable":true,"href":"https:\/\/fontfredapintures.com\/en\/wp-json\/wp\/v2\/comments?post=61490"}],"version-history":[{"count":1,"href":"https:\/\/fontfredapintures.com\/en\/wp-json\/wp\/v2\/product\/61490\/revisions"}],"predecessor-version":[{"id":61496,"href":"https:\/\/fontfredapintures.com\/en\/wp-json\/wp\/v2\/product\/61490\/revisions\/61496"}],"wp:featuredmedia":[{"embeddable":true,"href":"https:\/\/fontfredapintures.com\/en\/wp-json\/wp\/v2\/media\/61486"}],"wp:attachment":[{"href":"https:\/\/fontfredapintures.com\/en\/wp-json\/wp\/v2\/media?parent=61490"}],"wp:term":[{"taxonomy":"product_brand","embeddable":true,"href":"https:\/\/fontfredapintures.com\/en\/wp-json\/wp\/v2\/product_brand?post=61490"},{"taxonomy":"product_cat","embeddable":true,"href":"https:\/\/fontfredapintures.com\/en\/wp-json\/wp\/v2\/product_cat?post=61490"},{"taxonomy":"product_tag","embeddable":true,"href":"https:\/\/fontfredapintures.com\/en\/wp-json\/wp\/v2\/product_tag?post=61490"}],"curies":[{"name":"wp","href":"https:\/\/api.w.org\/{rel}","templated":true}]}}