{"id":61379,"date":"2025-08-20T09:01:47","date_gmt":"2025-08-20T07:01:47","guid":{"rendered":"https:\/\/fontfredapintures.com\/producte\/stoko-dispenser-2kg\/"},"modified":"2025-08-21T01:31:23","modified_gmt":"2025-08-20T23:31:23","slug":"stoko-dispenser-2kg","status":"publish","type":"product","link":"https:\/\/fontfredapintures.com\/en\/product\/stoko-dispenser-2kg\/","title":{"rendered":"Stoko dispenser 2kg"},"content":{"rendered":"<p>The Stoko Dispenser 2kg provides an efficient and hygienic way to apply Stoko\u2019s professional hand cleaning products. Its sturdy design ensures long-lasting use in demanding environments, delivering controlled portions to minimize waste and optimize product consumption. Perfect for workshops, factories, and industrial spaces where hands are regularly exposed to grease, oil, paint, or adhesives, this dispenser offers both convenience and hygiene. Easy to install and maintain, it is an essential accessory for ensuring effective hand cleaning while reducing costs and maintaining a clean workspace.<\/p>\n","protected":false},"excerpt":{"rendered":"<p>El Dispensador Stoko 2kg ha sido dise\u00f1ado para garantizar una aplicaci\u00f3n c\u00f3moda y segura de los productos limpiadores de manos profesionales de Stoko. Su sistema robusto permite un uso continuado sin desgaste, ofreciendo siempre una dosificaci\u00f3n precisa que evita el desperdicio de producto. Ideal para entornos de trabajo exigentes, facilita la higiene diaria en industrias, talleres mec\u00e1nicos o espacios donde el contacto con grasas, aceites o pinturas es habitual. Su instalaci\u00f3n es r\u00e1pida y sencilla, y su mantenimiento m\u00ednimo, lo que lo convierte en una herramienta indispensable para garantizar la limpieza y el cuidado de la piel en el \u00e1mbito laboral.<\/p>\n","protected":false},"featured_media":61375,"comment_status":"open","ping_status":"closed","template":"","meta":[],"product_brand":[],"product_cat":[1941,2077,957,1376,974],"product_tag":[],"class_list":{"0":"post-61379","1":"product","2":"type-product","3":"status-publish","4":"has-post-thumbnail","6":"product_cat-industrial-cleaning","7":"product_cat-personal-hygiene","8":"product_cat-drugstore","9":"product_cat-personal-hygiene-products","10":"product_cat-others","11":"pa_brand-stoko-en","13":"first","14":"instock","15":"taxable","16":"shipping-taxable","17":"purchasable","18":"product-type-simple"},"group_of_quantity":0,"min_quantity":0,"max_quantity":"","exclude_order_quantity_value_rules":"no","exclude_category_quantity_rules":"no","combine_variations":"no","yoast_head":"<!-- This site is optimized with the Yoast SEO plugin v25.7 - https:\/\/yoast.com\/wordpress\/plugins\/seo\/ -->\n<title>Stoko dispenser 2kg - Fontfreda Pintures<\/title>\n<meta name=\"description\" content=\"Upgrade your hygiene standards with the Stoko Dispenser 2kg: precise dosing, durable design, and perfect for professional use.\" \/>\n<meta name=\"robots\" content=\"index, follow, max-snippet:-1, max-image-preview:large, max-video-preview:-1\" \/>\n<link rel=\"canonical\" href=\"https:\/\/fontfredapintures.com\/en\/product\/stoko-dispenser-2kg\/\" \/>\n<meta property=\"og:locale\" content=\"en_US\" \/>\n<meta property=\"og:type\" content=\"article\" \/>\n<meta property=\"og:title\" content=\"Stoko dispenser 2kg - Fontfreda Pintures\" \/>\n<meta property=\"og:description\" content=\"Upgrade your hygiene standards with the Stoko Dispenser 2kg: precise dosing, durable design, and perfect for professional use.\" \/>\n<meta property=\"og:url\" content=\"https:\/\/fontfredapintures.com\/en\/product\/stoko-dispenser-2kg\/\" \/>\n<meta property=\"og:site_name\" content=\"Fontfreda Pintures\" \/>\n<meta property=\"article:publisher\" content=\"https:\/\/www.facebook.com\/fontfredapintures\/\" \/>\n<meta property=\"article:modified_time\" content=\"2025-08-20T23:31:23+00:00\" \/>\n<meta property=\"og:image\" content=\"https:\/\/fontfredapintures.com\/wp-content\/uploads\/2025\/08\/07006900000002_3380.png\" \/>\n\t<meta property=\"og:image:width\" content=\"1000\" \/>\n\t<meta property=\"og:image:height\" content=\"1143\" \/>\n\t<meta property=\"og:image:type\" content=\"image\/png\" \/>\n<meta name=\"twitter:card\" content=\"summary_large_image\" \/>\n<meta name=\"twitter:label1\" content=\"Est. reading time\" \/>\n\t<meta name=\"twitter:data1\" content=\"1 minute\" \/>\n<script type=\"application\/ld+json\" class=\"yoast-schema-graph\">{\"@context\":\"https:\/\/schema.org\",\"@graph\":[{\"@type\":\"WebPage\",\"@id\":\"https:\/\/fontfredapintures.com\/en\/product\/stoko-dispenser-2kg\/\",\"url\":\"https:\/\/fontfredapintures.com\/en\/product\/stoko-dispenser-2kg\/\",\"name\":\"Stoko dispenser 2kg - Fontfreda Pintures\",\"isPartOf\":{\"@id\":\"https:\/\/fontfredapintures.com\/en\/#website\"},\"primaryImageOfPage\":{\"@id\":\"https:\/\/fontfredapintures.com\/en\/product\/stoko-dispenser-2kg\/#primaryimage\"},\"image\":{\"@id\":\"https:\/\/fontfredapintures.com\/en\/product\/stoko-dispenser-2kg\/#primaryimage\"},\"thumbnailUrl\":\"https:\/\/fontfredapintures.com\/wp-content\/uploads\/2025\/08\/07006900000002_3380.png\",\"datePublished\":\"2025-08-20T07:01:47+00:00\",\"dateModified\":\"2025-08-20T23:31:23+00:00\",\"description\":\"Upgrade your hygiene standards with the Stoko Dispenser 2kg: precise dosing, durable design, and perfect for professional use.\",\"breadcrumb\":{\"@id\":\"https:\/\/fontfredapintures.com\/en\/product\/stoko-dispenser-2kg\/#breadcrumb\"},\"inLanguage\":\"en-US\",\"potentialAction\":[{\"@type\":\"ReadAction\",\"target\":[\"https:\/\/fontfredapintures.com\/en\/product\/stoko-dispenser-2kg\/\"]}]},{\"@type\":\"ImageObject\",\"inLanguage\":\"en-US\",\"@id\":\"https:\/\/fontfredapintures.com\/en\/product\/stoko-dispenser-2kg\/#primaryimage\",\"url\":\"https:\/\/fontfredapintures.com\/wp-content\/uploads\/2025\/08\/07006900000002_3380.png\",\"contentUrl\":\"https:\/\/fontfredapintures.com\/wp-content\/uploads\/2025\/08\/07006900000002_3380.png\",\"width\":1000,\"height\":1143,\"caption\":\"Dispensador Stoko 2kg\"},{\"@type\":\"BreadcrumbList\",\"@id\":\"https:\/\/fontfredapintures.com\/en\/product\/stoko-dispenser-2kg\/#breadcrumb\",\"itemListElement\":[{\"@type\":\"ListItem\",\"position\":1,\"name\":\"Fontfreda\",\"item\":\"https:\/\/fontfredapintures.com\/en\/\"},{\"@type\":\"ListItem\",\"position\":2,\"name\":\"Shop\",\"item\":\"https:\/\/fontfredapintures.com\/en\/shop\/\"},{\"@type\":\"ListItem\",\"position\":3,\"name\":\"Stoko dispenser 2kg\"}]},{\"@type\":\"WebSite\",\"@id\":\"https:\/\/fontfredapintures.com\/en\/#website\",\"url\":\"https:\/\/fontfredapintures.com\/en\/\",\"name\":\"Fontfreda Pintures\",\"description\":\"Online shop for painting, decoration and fine arts\",\"publisher\":{\"@id\":\"https:\/\/fontfredapintures.com\/en\/#organization\"},\"alternateName\":\"Pintures Fontfreda\",\"potentialAction\":[{\"@type\":\"SearchAction\",\"target\":{\"@type\":\"EntryPoint\",\"urlTemplate\":\"https:\/\/fontfredapintures.com\/en\/?s={search_term_string}\"},\"query-input\":{\"@type\":\"PropertyValueSpecification\",\"valueRequired\":true,\"valueName\":\"search_term_string\"}}],\"inLanguage\":\"en-US\"},{\"@type\":\"Organization\",\"@id\":\"https:\/\/fontfredapintures.com\/en\/#organization\",\"name\":\"Pintures Fontfreda\",\"alternateName\":\"Fontfreda Pintures\",\"url\":\"https:\/\/fontfredapintures.com\/en\/\",\"logo\":{\"@type\":\"ImageObject\",\"inLanguage\":\"en-US\",\"@id\":\"https:\/\/fontfredapintures.com\/en\/#\/schema\/logo\/image\/\",\"url\":\"https:\/\/fontfredapintures.com\/wp-content\/uploads\/2024\/04\/fontfreda-pintures-logo-yoast.jpg\",\"contentUrl\":\"https:\/\/fontfredapintures.com\/wp-content\/uploads\/2024\/04\/fontfreda-pintures-logo-yoast.jpg\",\"width\":900,\"height\":600,\"caption\":\"Pintures Fontfreda\"},\"image\":{\"@id\":\"https:\/\/fontfredapintures.com\/en\/#\/schema\/logo\/image\/\"},\"sameAs\":[\"https:\/\/www.facebook.com\/fontfredapintures\/\",\"https:\/\/www.instagram.com\/fontfredapintures\/\",\"https:\/\/www.linkedin.com\/company\/fontfredapintures\/\"]}]}<\/script>\n<!-- \/ Yoast SEO plugin. -->","yoast_head_json":{"title":"Stoko dispenser 2kg - Fontfreda Pintures","description":"Upgrade your hygiene standards with the Stoko Dispenser 2kg: precise dosing, durable design, and perfect for professional use.","robots":{"index":"index","follow":"follow","max-snippet":"max-snippet:-1","max-image-preview":"max-image-preview:large","max-video-preview":"max-video-preview:-1"},"canonical":"https:\/\/fontfredapintures.com\/en\/product\/stoko-dispenser-2kg\/","og_locale":"en_US","og_type":"article","og_title":"Stoko dispenser 2kg - Fontfreda Pintures","og_description":"Upgrade your hygiene standards with the Stoko Dispenser 2kg: precise dosing, durable design, and perfect for professional use.","og_url":"https:\/\/fontfredapintures.com\/en\/product\/stoko-dispenser-2kg\/","og_site_name":"Fontfreda Pintures","article_publisher":"https:\/\/www.facebook.com\/fontfredapintures\/","article_modified_time":"2025-08-20T23:31:23+00:00","og_image":[{"width":1000,"height":1143,"url":"https:\/\/fontfredapintures.com\/wp-content\/uploads\/2025\/08\/07006900000002_3380.png","type":"image\/png"}],"twitter_card":"summary_large_image","twitter_misc":{"Est. reading time":"1 minute"},"schema":{"@context":"https:\/\/schema.org","@graph":[{"@type":"WebPage","@id":"https:\/\/fontfredapintures.com\/en\/product\/stoko-dispenser-2kg\/","url":"https:\/\/fontfredapintures.com\/en\/product\/stoko-dispenser-2kg\/","name":"Stoko dispenser 2kg - Fontfreda Pintures","isPartOf":{"@id":"https:\/\/fontfredapintures.com\/en\/#website"},"primaryImageOfPage":{"@id":"https:\/\/fontfredapintures.com\/en\/product\/stoko-dispenser-2kg\/#primaryimage"},"image":{"@id":"https:\/\/fontfredapintures.com\/en\/product\/stoko-dispenser-2kg\/#primaryimage"},"thumbnailUrl":"https:\/\/fontfredapintures.com\/wp-content\/uploads\/2025\/08\/07006900000002_3380.png","datePublished":"2025-08-20T07:01:47+00:00","dateModified":"2025-08-20T23:31:23+00:00","description":"Upgrade your hygiene standards with the Stoko Dispenser 2kg: precise dosing, durable design, and perfect for professional use.","breadcrumb":{"@id":"https:\/\/fontfredapintures.com\/en\/product\/stoko-dispenser-2kg\/#breadcrumb"},"inLanguage":"en-US","potentialAction":[{"@type":"ReadAction","target":["https:\/\/fontfredapintures.com\/en\/product\/stoko-dispenser-2kg\/"]}]},{"@type":"ImageObject","inLanguage":"en-US","@id":"https:\/\/fontfredapintures.com\/en\/product\/stoko-dispenser-2kg\/#primaryimage","url":"https:\/\/fontfredapintures.com\/wp-content\/uploads\/2025\/08\/07006900000002_3380.png","contentUrl":"https:\/\/fontfredapintures.com\/wp-content\/uploads\/2025\/08\/07006900000002_3380.png","width":1000,"height":1143,"caption":"Dispensador Stoko 2kg"},{"@type":"BreadcrumbList","@id":"https:\/\/fontfredapintures.com\/en\/product\/stoko-dispenser-2kg\/#breadcrumb","itemListElement":[{"@type":"ListItem","position":1,"name":"Fontfreda","item":"https:\/\/fontfredapintures.com\/en\/"},{"@type":"ListItem","position":2,"name":"Shop","item":"https:\/\/fontfredapintures.com\/en\/shop\/"},{"@type":"ListItem","position":3,"name":"Stoko dispenser 2kg"}]},{"@type":"WebSite","@id":"https:\/\/fontfredapintures.com\/en\/#website","url":"https:\/\/fontfredapintures.com\/en\/","name":"Fontfreda Pintures","description":"Online shop for painting, decoration and fine arts","publisher":{"@id":"https:\/\/fontfredapintures.com\/en\/#organization"},"alternateName":"Pintures Fontfreda","potentialAction":[{"@type":"SearchAction","target":{"@type":"EntryPoint","urlTemplate":"https:\/\/fontfredapintures.com\/en\/?s={search_term_string}"},"query-input":{"@type":"PropertyValueSpecification","valueRequired":true,"valueName":"search_term_string"}}],"inLanguage":"en-US"},{"@type":"Organization","@id":"https:\/\/fontfredapintures.com\/en\/#organization","name":"Pintures Fontfreda","alternateName":"Fontfreda Pintures","url":"https:\/\/fontfredapintures.com\/en\/","logo":{"@type":"ImageObject","inLanguage":"en-US","@id":"https:\/\/fontfredapintures.com\/en\/#\/schema\/logo\/image\/","url":"https:\/\/fontfredapintures.com\/wp-content\/uploads\/2024\/04\/fontfreda-pintures-logo-yoast.jpg","contentUrl":"https:\/\/fontfredapintures.com\/wp-content\/uploads\/2024\/04\/fontfreda-pintures-logo-yoast.jpg","width":900,"height":600,"caption":"Pintures Fontfreda"},"image":{"@id":"https:\/\/fontfredapintures.com\/en\/#\/schema\/logo\/image\/"},"sameAs":["https:\/\/www.facebook.com\/fontfredapintures\/","https:\/\/www.instagram.com\/fontfredapintures\/","https:\/\/www.linkedin.com\/company\/fontfredapintures\/"]}]}},"_links":{"self":[{"href":"https:\/\/fontfredapintures.com\/en\/wp-json\/wp\/v2\/product\/61379","targetHints":{"allow":["GET"]}}],"collection":[{"href":"https:\/\/fontfredapintures.com\/en\/wp-json\/wp\/v2\/product"}],"about":[{"href":"https:\/\/fontfredapintures.com\/en\/wp-json\/wp\/v2\/types\/product"}],"replies":[{"embeddable":true,"href":"https:\/\/fontfredapintures.com\/en\/wp-json\/wp\/v2\/comments?post=61379"}],"version-history":[{"count":1,"href":"https:\/\/fontfredapintures.com\/en\/wp-json\/wp\/v2\/product\/61379\/revisions"}],"predecessor-version":[{"id":61394,"href":"https:\/\/fontfredapintures.com\/en\/wp-json\/wp\/v2\/product\/61379\/revisions\/61394"}],"wp:featuredmedia":[{"embeddable":true,"href":"https:\/\/fontfredapintures.com\/en\/wp-json\/wp\/v2\/media\/61375"}],"wp:attachment":[{"href":"https:\/\/fontfredapintures.com\/en\/wp-json\/wp\/v2\/media?parent=61379"}],"wp:term":[{"taxonomy":"product_brand","embeddable":true,"href":"https:\/\/fontfredapintures.com\/en\/wp-json\/wp\/v2\/product_brand?post=61379"},{"taxonomy":"product_cat","embeddable":true,"href":"https:\/\/fontfredapintures.com\/en\/wp-json\/wp\/v2\/product_cat?post=61379"},{"taxonomy":"product_tag","embeddable":true,"href":"https:\/\/fontfredapintures.com\/en\/wp-json\/wp\/v2\/product_tag?post=61379"}],"curies":[{"name":"wp","href":"https:\/\/api.w.org\/{rel}","templated":true}]}}